{"id":10089,"date":"2026-01-06T16:56:39","date_gmt":"2026-01-06T16:56:39","guid":{"rendered":"https:\/\/poolpak.com\/?page_id=10089"},"modified":"2026-04-17T14:50:43","modified_gmt":"2026-04-17T14:50:43","slug":"deshumidificateurs-aquadry","status":"publish","type":"page","link":"https:\/\/poolpak.com\/fr\/deshumidificateurs-aquadry\/","title":{"rendered":"D\u00e9shumidificateurs AquaDry"},"content":{"rendered":"\t\t<div data-elementor-type=\"wp-page\" data-elementor-id=\"10089\" class=\"elementor elementor-10089 elementor-10088\" data-elementor-post-type=\"page\">\n\t\t\t\t<div class=\"elementor-element elementor-element-764a830 e-flex e-con-boxed e-con e-parent\" data-id=\"764a830\" data-element_type=\"container\" data-e-type=\"container\">\n\t\t\t\t\t<div class=\"e-con-inner\">\n\t\t\t\t<div class=\"elementor-element elementor-element-c205d70 elementor-widget elementor-widget-image\" data-id=\"c205d70\" data-element_type=\"widget\" data-e-type=\"widget\" data-widget_type=\"image.default\">\n\t\t\t\t<div class=\"elementor-widget-container\">\n\t\t\t\t\t\t\t\t\t\t\t\t\t\t\t<img fetchpriority=\"high\" decoding=\"async\" width=\"900\" height=\"241\" src=\"https:\/\/poolpak.com\/wp-content\/uploads\/2026\/01\/aquadry-logo-transparent-1024x274.png\" class=\"attachment-large size-large wp-image-10147\" alt=\"\" srcset=\"https:\/\/poolpak.com\/wp-content\/uploads\/2026\/01\/aquadry-logo-transparent-1024x274.png 1024w, https:\/\/poolpak.com\/wp-content\/uploads\/2026\/01\/aquadry-logo-transparent-300x80.png 300w, https:\/\/poolpak.com\/wp-content\/uploads\/2026\/01\/aquadry-logo-transparent-768x205.png 768w, https:\/\/poolpak.com\/wp-content\/uploads\/2026\/01\/aquadry-logo-transparent-1536x411.png 1536w, https:\/\/poolpak.com\/wp-content\/uploads\/2026\/01\/aquadry-logo-transparent-2048x548.png 2048w\" sizes=\"(max-width: 900px) 100vw, 900px\" \/>\t\t\t\t\t\t\t\t\t\t\t\t\t\t\t<\/div>\n\t\t\t\t<\/div>\n\t\t\t\t<div class=\"elementor-element elementor-element-1b80d2b elementor-widget elementor-widget-heading\" data-id=\"1b80d2b\" data-element_type=\"widget\" data-e-type=\"widget\" data-widget_type=\"heading.default\">\n\t\t\t\t<div class=\"elementor-widget-container\">\n\t\t\t\t\t<h2 class=\"elementor-heading-title elementor-size-default\">D\u00e9shumidificateurs sp\u00e9cialement con\u00e7us et \u00e9conomiques<\/h2>\t\t\t\t<\/div>\n\t\t\t\t<\/div>\n\t\t\t\t<div class=\"elementor-element elementor-element-c0d0982 elementor-widget elementor-widget-text-editor\" data-id=\"c0d0982\" data-element_type=\"widget\" data-e-type=\"widget\" data-widget_type=\"text-editor.default\">\n\t\t\t\t<div class=\"elementor-widget-container\">\n\t\t\t\t\t\t\t\t\t<p>Les d\u00e9shumidificateurs AquaDry sont des unit\u00e9s compactes et \u00e9conomiques, sp\u00e9cialement con\u00e7ues pour r\u00e9sister aux environnements difficiles et corrosifs des piscines dans une large gamme d\u2019applications r\u00e9sidentielles et commerciales.<\/p>\t\t\t\t\t\t\t\t<\/div>\n\t\t\t\t<\/div>\n\t\t\t\t<div class=\"elementor-element elementor-element-af7f10d elementor-widget elementor-widget-image\" data-id=\"af7f10d\" data-element_type=\"widget\" data-e-type=\"widget\" data-widget_type=\"image.default\">\n\t\t\t\t<div class=\"elementor-widget-container\">\n\t\t\t\t\t\t\t\t\t\t\t\t\t\t\t<img decoding=\"async\" width=\"900\" height=\"287\" src=\"https:\/\/poolpak.com\/wp-content\/uploads\/2026\/01\/capture-decran-2026-01-15-140714-1024x327.png\" class=\"attachment-large size-large wp-image-10164\" alt=\"\" srcset=\"https:\/\/poolpak.com\/wp-content\/uploads\/2026\/01\/capture-decran-2026-01-15-140714-1024x327.png 1024w, https:\/\/poolpak.com\/wp-content\/uploads\/2026\/01\/capture-decran-2026-01-15-140714-300x96.png 300w, https:\/\/poolpak.com\/wp-content\/uploads\/2026\/01\/capture-decran-2026-01-15-140714-768x245.png 768w, https:\/\/poolpak.com\/wp-content\/uploads\/2026\/01\/capture-decran-2026-01-15-140714.png 1389w\" sizes=\"(max-width: 900px) 100vw, 900px\" \/>\t\t\t\t\t\t\t\t\t\t\t\t\t\t\t<\/div>\n\t\t\t\t<\/div>\n\t\t\t\t<div class=\"elementor-element elementor-element-05b90f8 elementor-widget elementor-widget-heading\" data-id=\"05b90f8\" data-element_type=\"widget\" data-e-type=\"widget\" data-widget_type=\"heading.default\">\n\t\t\t\t<div class=\"elementor-widget-container\">\n\t\t\t\t\t<h2 class=\"elementor-heading-title elementor-size-default\">Applications appropri\u00e9es<\/h2>\t\t\t\t<\/div>\n\t\t\t\t<\/div>\n\t\t\t\t<div class=\"elementor-element elementor-element-0ebbbb8 elementor--h-position-center elementor--v-position-middle elementor-arrows-position-inside elementor-pagination-position-inside elementor-widget elementor-widget-slides\" data-id=\"0ebbbb8\" data-element_type=\"widget\" data-e-type=\"widget\" data-settings=\"{&quot;navigation&quot;:&quot;both&quot;,&quot;autoplay&quot;:&quot;yes&quot;,&quot;pause_on_hover&quot;:&quot;yes&quot;,&quot;pause_on_interaction&quot;:&quot;yes&quot;,&quot;autoplay_speed&quot;:5000,&quot;infinite&quot;:&quot;yes&quot;,&quot;transition&quot;:&quot;slide&quot;,&quot;transition_speed&quot;:500}\" data-widget_type=\"slides.default\">\n\t\t\t\t<div class=\"elementor-widget-container\">\n\t\t\t\t\t\t\t\t\t<div class=\"elementor-swiper\">\n\t\t\t\t\t<div class=\"elementor-slides-wrapper elementor-main-swiper swiper\" role=\"region\" aria-roledescription=\"carousel\" aria-label=\"Slides\" dir=\"ltr\" data-animation=\"fadeInUp\">\n\t\t\t\t<div class=\"swiper-wrapper elementor-slides\">\n\t\t\t\t\t\t\t\t\t\t<div class=\"elementor-repeater-item-47621c6 swiper-slide\" role=\"group\" aria-roledescription=\"slide\"><div class=\"swiper-slide-bg\"><\/div><div class=\"swiper-slide-inner\" ><div class=\"swiper-slide-contents\"><div class=\"elementor-slide-heading\">Piscines r\u00e9sidentielles<\/div><div class=\"elementor-slide-description\">Piscines int\u00e9rieures dans les\nimmeubles en copropri\u00e9t\u00e9, les\nr\u00e9sidences priv\u00e9es, les centres\npour personnes \u00e2g\u00e9es, etc.<\/div><\/div><\/div><\/div><div class=\"elementor-repeater-item-f54d097 swiper-slide\" role=\"group\" aria-roledescription=\"slide\"><div class=\"swiper-slide-bg\"><\/div><div class=\"swiper-slide-inner\" ><div class=\"swiper-slide-contents\"><div class=\"elementor-slide-heading\">Piscines d'h\u00f4tel<\/div><div class=\"elementor-slide-description\">Piscines int\u00e9rieures dans\nles h\u00f4tels, motels, spas,\netc.<\/div><\/div><\/div><\/div><div class=\"elementor-repeater-item-71239b8 swiper-slide\" role=\"group\" aria-roledescription=\"slide\"><div class=\"swiper-slide-bg\"><\/div><div class=\"swiper-slide-inner\" ><div class=\"swiper-slide-contents\"><div class=\"elementor-slide-heading\">Point de ros\u00e9e bas<\/div><div class=\"elementor-slide-description\">Entrep\u00f4ts, centres de\ntraitement de l\u2019eau, terrains\nde pickleball, biblioth\u00e8ques,\ncasernes de pompiers, salles\nde stockage, etc.<\/div><\/div><\/div><\/div>\t\t\t\t<\/div>\n\t\t\t\t\t\t\t\t\t\t\t\t\t\t\t<div class=\"elementor-swiper-button elementor-swiper-button-prev\" role=\"button\" tabindex=\"0\" aria-label=\"Diapositive pr\u00e9c\u00e9dente\">\n\t\t\t\t\t\t\t<i aria-hidden=\"true\" class=\"eicon-chevron-left\"><\/i>\t\t\t\t\t\t<\/div>\n\t\t\t\t\t\t<div class=\"elementor-swiper-button elementor-swiper-button-next\" role=\"button\" tabindex=\"0\" aria-label=\"Diapositive suivante\">\n\t\t\t\t\t\t\t<i aria-hidden=\"true\" class=\"eicon-chevron-right\"><\/i>\t\t\t\t\t\t<\/div>\n\t\t\t\t\t\t\t\t\t\t\t\t\t\t\t\t<div class=\"swiper-pagination\"><\/div>\n\t\t\t\t\t\t\t\t\t\t\t\t<\/div>\n\t\t\t\t<\/div>\n\t\t\t\t\t\t\t\t<\/div>\n\t\t\t\t<\/div>\n\t\t\t\t<div class=\"elementor-element elementor-element-ec8c161 elementor-widget elementor-widget-heading\" data-id=\"ec8c161\" data-element_type=\"widget\" data-e-type=\"widget\" data-widget_type=\"heading.default\">\n\t\t\t\t<div class=\"elementor-widget-container\">\n\t\t\t\t\t<h2 class=\"elementor-heading-title elementor-size-default\">Caract\u00e9ristiques<\/h2>\t\t\t\t<\/div>\n\t\t\t\t<\/div>\n\t\t\t\t<div class=\"elementor-element elementor-element-b4120e3 elementor-widget elementor-widget-text-editor\" data-id=\"b4120e3\" data-element_type=\"widget\" data-e-type=\"widget\" data-widget_type=\"text-editor.default\">\n\t\t\t\t<div class=\"elementor-widget-container\">\n\t\t\t\t\t\t\t\t\t<p>\u2022 Option climatisation avec r\u00e9chauffage complet ou climatisation compl\u00e8te<br \/>\u2022 Chauffage : contr\u00f4le \u00e0 2 niveaux (chauffage par tiers)<br \/>\u2022 Air ext\u00e9rieur \u00e0 acheminer dans l\u2019air de retour<br \/>\u2022 Hygrostat mural<br \/>\u2022 Construction galvanis\u00e9e peinte, circuits de r\u00e9frig\u00e9ration enti\u00e8rement rev\u00eatus<br \/>\u2022 Compresseur \u00e0 deux niveaux<br \/>\u2022 Valve d\u2019expansion \u00e9lectronique<br \/>\u2022 Construction \u00e0 une seule paroi<br \/>\u2022 Voltage:<br \/>\u00a0 \u00a0 \u00a0 \u2013 3 Tonne 230\/1<br \/>\u00a0 \u00a0 \u00a0 \u2013 5 Tonne 230\/1 ou 208\/3<br \/>\u00a0 \u00a0 \u00a0 \u2013 7 Tonne 208\/3<\/p>\t\t\t\t\t\t\t\t<\/div>\n\t\t\t\t<\/div>\n\t\t\t\t<div class=\"elementor-element elementor-element-544cfe3 elementor-widget elementor-widget-button\" data-id=\"544cfe3\" data-element_type=\"widget\" data-e-type=\"widget\" data-widget_type=\"button.default\">\n\t\t\t\t<div class=\"elementor-widget-container\">\n\t\t\t\t\t\t\t\t\t<div class=\"elementor-button-wrapper\">\n\t\t\t\t\t<a class=\"elementor-button elementor-button-link elementor-size-sm\" href=\"https:\/\/poolpak.com\/wp-content\/uploads\/2026\/01\/aquadry-brochure-french.pdf\">\n\t\t\t\t\t\t<span class=\"elementor-button-content-wrapper\">\n\t\t\t\t\t\t\t\t\t<span class=\"elementor-button-text\">T\u00e9l\u00e9charger le PDF<\/span>\n\t\t\t\t\t<\/span>\n\t\t\t\t\t<\/a>\n\t\t\t\t<\/div>\n\t\t\t\t\t\t\t\t<\/div>\n\t\t\t\t<\/div>\n\t\t\t\t\t<\/div>\n\t\t\t\t<\/div>\n\t\t\t\t<\/div>\n\t\t","protected":false},"excerpt":{"rendered":"<p>D\u00e9shumidificateurs sp\u00e9cialement con\u00e7us et \u00e9conomiques Les d\u00e9shumidificateurs AquaDry sont des unit\u00e9s compactes et \u00e9conomiques, sp\u00e9cialement con\u00e7ues pour r\u00e9sister aux environnements difficiles et corrosifs des piscines dans une large gamme d\u2019applications r\u00e9sidentielles et commerciales. Applications appropri\u00e9es Piscines r\u00e9sidentiellesPiscines int\u00e9rieures dans les immeubles en copropri\u00e9t\u00e9, les r\u00e9sidences priv\u00e9es, les centres pour personnes \u00e2g\u00e9es, etc.Piscines d&rsquo;h\u00f4telPiscines int\u00e9rieures dans &#8230; <a title=\"D\u00e9shumidificateurs AquaDry\" class=\"read-more\" href=\"https:\/\/poolpak.com\/fr\/deshumidificateurs-aquadry\/\" aria-label=\"En savoir plus sur D\u00e9shumidificateurs AquaDry\">Lire plus<\/a><\/p>\n","protected":false},"author":1,"featured_media":0,"parent":0,"menu_order":0,"comment_status":"closed","ping_status":"closed","template":"","meta":{"footnotes":""},"class_list":["post-10089","page","type-page","status-publish"],"yoast_head":"<!-- This site is optimized with the Yoast SEO plugin v27.1.1 - https:\/\/yoast.com\/product\/yoast-seo-wordpress\/ -->\n<title>D\u00e9shumidificateurs AquaDry - PoolPak<\/title>\n<meta name=\"robots\" content=\"index, follow, max-snippet:-1, max-image-preview:large, max-video-preview:-1\" \/>\n<link rel=\"canonical\" href=\"https:\/\/poolpak.com\/fr\/deshumidificateurs-aquadry\/\" \/>\n<meta property=\"og:locale\" content=\"fr_FR\" \/>\n<meta property=\"og:type\" content=\"article\" \/>\n<meta property=\"og:title\" content=\"D\u00e9shumidificateurs AquaDry - PoolPak\" \/>\n<meta property=\"og:description\" content=\"D\u00e9shumidificateurs sp\u00e9cialement con\u00e7us et \u00e9conomiques Les d\u00e9shumidificateurs AquaDry sont des unit\u00e9s compactes et \u00e9conomiques, sp\u00e9cialement con\u00e7ues pour r\u00e9sister aux environnements difficiles et corrosifs des piscines dans une large gamme d\u2019applications r\u00e9sidentielles et commerciales. Applications appropri\u00e9es Piscines r\u00e9sidentiellesPiscines int\u00e9rieures dans les immeubles en copropri\u00e9t\u00e9, les r\u00e9sidences priv\u00e9es, les centres pour personnes \u00e2g\u00e9es, etc.Piscines d&rsquo;h\u00f4telPiscines int\u00e9rieures dans ... Lire plus\" \/>\n<meta property=\"og:url\" content=\"https:\/\/poolpak.com\/fr\/deshumidificateurs-aquadry\/\" \/>\n<meta property=\"og:site_name\" content=\"PoolPak\" \/>\n<meta property=\"article:modified_time\" content=\"2026-04-17T14:50:43+00:00\" \/>\n<meta property=\"og:image\" content=\"https:\/\/poolpak.com\/wp-content\/uploads\/2026\/01\/aquadry-logo-transparent-scaled.png\" \/>\n\t<meta property=\"og:image:width\" content=\"2560\" \/>\n\t<meta property=\"og:image:height\" content=\"685\" \/>\n\t<meta property=\"og:image:type\" content=\"image\/png\" \/>\n<meta name=\"twitter:card\" content=\"summary_large_image\" \/>\n<meta name=\"twitter:label1\" content=\"Dur\u00e9e de lecture estim\u00e9e\" \/>\n\t<meta name=\"twitter:data1\" content=\"2 minutes\" \/>\n<script type=\"application\/ld+json\" class=\"yoast-schema-graph\">{\"@context\":\"https:\/\/schema.org\",\"@graph\":[{\"@type\":\"WebPage\",\"@id\":\"https:\/\/poolpak.com\/fr\/deshumidificateurs-aquadry\/\",\"url\":\"https:\/\/poolpak.com\/fr\/deshumidificateurs-aquadry\/\",\"name\":\"D\u00e9shumidificateurs AquaDry - PoolPak\",\"isPartOf\":{\"@id\":\"https:\/\/poolpak.com\/fr\/#website\"},\"primaryImageOfPage\":{\"@id\":\"https:\/\/poolpak.com\/fr\/deshumidificateurs-aquadry\/#primaryimage\"},\"image\":{\"@id\":\"https:\/\/poolpak.com\/fr\/deshumidificateurs-aquadry\/#primaryimage\"},\"thumbnailUrl\":\"https:\/\/poolpak.com\/wp-content\/uploads\/2026\/01\/aquadry-logo-transparent-1024x274.png\",\"datePublished\":\"2026-01-06T16:56:39+00:00\",\"dateModified\":\"2026-04-17T14:50:43+00:00\",\"breadcrumb\":{\"@id\":\"https:\/\/poolpak.com\/fr\/deshumidificateurs-aquadry\/#breadcrumb\"},\"inLanguage\":\"fr-FR\",\"potentialAction\":[{\"@type\":\"ReadAction\",\"target\":[\"https:\/\/poolpak.com\/fr\/deshumidificateurs-aquadry\/\"]}]},{\"@type\":\"ImageObject\",\"inLanguage\":\"fr-FR\",\"@id\":\"https:\/\/poolpak.com\/fr\/deshumidificateurs-aquadry\/#primaryimage\",\"url\":\"https:\/\/poolpak.com\/wp-content\/uploads\/2026\/01\/aquadry-logo-transparent-1024x274.png\",\"contentUrl\":\"https:\/\/poolpak.com\/wp-content\/uploads\/2026\/01\/aquadry-logo-transparent-1024x274.png\"},{\"@type\":\"BreadcrumbList\",\"@id\":\"https:\/\/poolpak.com\/fr\/deshumidificateurs-aquadry\/#breadcrumb\",\"itemListElement\":[{\"@type\":\"ListItem\",\"position\":1,\"name\":\"Home\",\"item\":\"https:\/\/poolpak.com\/fr\/\"},{\"@type\":\"ListItem\",\"position\":2,\"name\":\"D\u00e9shumidificateurs AquaDry\"}]},{\"@type\":\"WebSite\",\"@id\":\"https:\/\/poolpak.com\/fr\/#website\",\"url\":\"https:\/\/poolpak.com\/fr\/\",\"name\":\"PoolPak\",\"description\":\"Dehumidification That Works\",\"publisher\":{\"@id\":\"https:\/\/poolpak.com\/fr\/#organization\"},\"potentialAction\":[{\"@type\":\"SearchAction\",\"target\":{\"@type\":\"EntryPoint\",\"urlTemplate\":\"https:\/\/poolpak.com\/fr\/?s={search_term_string}\"},\"query-input\":{\"@type\":\"PropertyValueSpecification\",\"valueRequired\":true,\"valueName\":\"search_term_string\"}}],\"inLanguage\":\"fr-FR\"},{\"@type\":\"Organization\",\"@id\":\"https:\/\/poolpak.com\/fr\/#organization\",\"name\":\"PoolPak\",\"url\":\"https:\/\/poolpak.com\/fr\/\",\"logo\":{\"@type\":\"ImageObject\",\"inLanguage\":\"fr-FR\",\"@id\":\"https:\/\/poolpak.com\/fr\/#\/schema\/logo\/image\/\",\"url\":\"https:\/\/poolpak.com\/wp-content\/uploads\/2020\/03\/poolpak-logo.svg\",\"contentUrl\":\"https:\/\/poolpak.com\/wp-content\/uploads\/2020\/03\/poolpak-logo.svg\",\"caption\":\"PoolPak\"},\"image\":{\"@id\":\"https:\/\/poolpak.com\/fr\/#\/schema\/logo\/image\/\"}}]}<\/script>\n<!-- \/ Yoast SEO plugin. -->","yoast_head_json":{"title":"D\u00e9shumidificateurs AquaDry - PoolPak","robots":{"index":"index","follow":"follow","max-snippet":"max-snippet:-1","max-image-preview":"max-image-preview:large","max-video-preview":"max-video-preview:-1"},"canonical":"https:\/\/poolpak.com\/fr\/deshumidificateurs-aquadry\/","og_locale":"fr_FR","og_type":"article","og_title":"D\u00e9shumidificateurs AquaDry - PoolPak","og_description":"D\u00e9shumidificateurs sp\u00e9cialement con\u00e7us et \u00e9conomiques Les d\u00e9shumidificateurs AquaDry sont des unit\u00e9s compactes et \u00e9conomiques, sp\u00e9cialement con\u00e7ues pour r\u00e9sister aux environnements difficiles et corrosifs des piscines dans une large gamme d\u2019applications r\u00e9sidentielles et commerciales. Applications appropri\u00e9es Piscines r\u00e9sidentiellesPiscines int\u00e9rieures dans les immeubles en copropri\u00e9t\u00e9, les r\u00e9sidences priv\u00e9es, les centres pour personnes \u00e2g\u00e9es, etc.Piscines d&rsquo;h\u00f4telPiscines int\u00e9rieures dans ... Lire plus","og_url":"https:\/\/poolpak.com\/fr\/deshumidificateurs-aquadry\/","og_site_name":"PoolPak","article_modified_time":"2026-04-17T14:50:43+00:00","og_image":[{"width":2560,"height":685,"url":"https:\/\/poolpak.com\/wp-content\/uploads\/2026\/01\/aquadry-logo-transparent-scaled.png","type":"image\/png"}],"twitter_card":"summary_large_image","twitter_misc":{"Dur\u00e9e de lecture estim\u00e9e":"2 minutes"},"schema":{"@context":"https:\/\/schema.org","@graph":[{"@type":"WebPage","@id":"https:\/\/poolpak.com\/fr\/deshumidificateurs-aquadry\/","url":"https:\/\/poolpak.com\/fr\/deshumidificateurs-aquadry\/","name":"D\u00e9shumidificateurs AquaDry - PoolPak","isPartOf":{"@id":"https:\/\/poolpak.com\/fr\/#website"},"primaryImageOfPage":{"@id":"https:\/\/poolpak.com\/fr\/deshumidificateurs-aquadry\/#primaryimage"},"image":{"@id":"https:\/\/poolpak.com\/fr\/deshumidificateurs-aquadry\/#primaryimage"},"thumbnailUrl":"https:\/\/poolpak.com\/wp-content\/uploads\/2026\/01\/aquadry-logo-transparent-1024x274.png","datePublished":"2026-01-06T16:56:39+00:00","dateModified":"2026-04-17T14:50:43+00:00","breadcrumb":{"@id":"https:\/\/poolpak.com\/fr\/deshumidificateurs-aquadry\/#breadcrumb"},"inLanguage":"fr-FR","potentialAction":[{"@type":"ReadAction","target":["https:\/\/poolpak.com\/fr\/deshumidificateurs-aquadry\/"]}]},{"@type":"ImageObject","inLanguage":"fr-FR","@id":"https:\/\/poolpak.com\/fr\/deshumidificateurs-aquadry\/#primaryimage","url":"https:\/\/poolpak.com\/wp-content\/uploads\/2026\/01\/aquadry-logo-transparent-1024x274.png","contentUrl":"https:\/\/poolpak.com\/wp-content\/uploads\/2026\/01\/aquadry-logo-transparent-1024x274.png"},{"@type":"BreadcrumbList","@id":"https:\/\/poolpak.com\/fr\/deshumidificateurs-aquadry\/#breadcrumb","itemListElement":[{"@type":"ListItem","position":1,"name":"Home","item":"https:\/\/poolpak.com\/fr\/"},{"@type":"ListItem","position":2,"name":"D\u00e9shumidificateurs AquaDry"}]},{"@type":"WebSite","@id":"https:\/\/poolpak.com\/fr\/#website","url":"https:\/\/poolpak.com\/fr\/","name":"PoolPak","description":"Dehumidification That Works","publisher":{"@id":"https:\/\/poolpak.com\/fr\/#organization"},"potentialAction":[{"@type":"SearchAction","target":{"@type":"EntryPoint","urlTemplate":"https:\/\/poolpak.com\/fr\/?s={search_term_string}"},"query-input":{"@type":"PropertyValueSpecification","valueRequired":true,"valueName":"search_term_string"}}],"inLanguage":"fr-FR"},{"@type":"Organization","@id":"https:\/\/poolpak.com\/fr\/#organization","name":"PoolPak","url":"https:\/\/poolpak.com\/fr\/","logo":{"@type":"ImageObject","inLanguage":"fr-FR","@id":"https:\/\/poolpak.com\/fr\/#\/schema\/logo\/image\/","url":"https:\/\/poolpak.com\/wp-content\/uploads\/2020\/03\/poolpak-logo.svg","contentUrl":"https:\/\/poolpak.com\/wp-content\/uploads\/2020\/03\/poolpak-logo.svg","caption":"PoolPak"},"image":{"@id":"https:\/\/poolpak.com\/fr\/#\/schema\/logo\/image\/"}}]}},"_links":{"self":[{"href":"https:\/\/poolpak.com\/fr\/wp-json\/wp\/v2\/pages\/10089","targetHints":{"allow":["GET"]}}],"collection":[{"href":"https:\/\/poolpak.com\/fr\/wp-json\/wp\/v2\/pages"}],"about":[{"href":"https:\/\/poolpak.com\/fr\/wp-json\/wp\/v2\/types\/page"}],"author":[{"embeddable":true,"href":"https:\/\/poolpak.com\/fr\/wp-json\/wp\/v2\/users\/1"}],"replies":[{"embeddable":true,"href":"https:\/\/poolpak.com\/fr\/wp-json\/wp\/v2\/comments?post=10089"}],"version-history":[{"count":11,"href":"https:\/\/poolpak.com\/fr\/wp-json\/wp\/v2\/pages\/10089\/revisions"}],"predecessor-version":[{"id":10356,"href":"https:\/\/poolpak.com\/fr\/wp-json\/wp\/v2\/pages\/10089\/revisions\/10356"}],"wp:attachment":[{"href":"https:\/\/poolpak.com\/fr\/wp-json\/wp\/v2\/media?parent=10089"}],"curies":[{"name":"wp","href":"https:\/\/api.w.org\/{rel}","templated":true}]}}