{"id":10180,"date":"2026-01-22T18:17:14","date_gmt":"2026-01-22T18:17:14","guid":{"rendered":"https:\/\/poolpak.com\/?page_id=10180"},"modified":"2026-02-03T20:30:04","modified_gmt":"2026-02-03T20:30:04","slug":"reparer-ou-remplacer-votre-deshumidificateur","status":"publish","type":"page","link":"https:\/\/poolpak.com\/fr\/reparer-ou-remplacer-votre-deshumidificateur\/","title":{"rendered":"R\u00e9parer ou remplacer ?"},"content":{"rendered":"\t\t<div data-elementor-type=\"wp-page\" data-elementor-id=\"10180\" class=\"elementor elementor-10180 elementor-10179\" data-elementor-post-type=\"page\">\n\t\t\t\t<div class=\"elementor-element elementor-element-bacbb80 e-flex e-con-boxed e-con e-parent\" data-id=\"bacbb80\" data-element_type=\"container\" data-e-type=\"container\">\n\t\t\t\t\t<div class=\"e-con-inner\">\n\t\t\t\t<div class=\"elementor-element elementor-element-26a33ff elementor-widget elementor-widget-heading\" data-id=\"26a33ff\" data-element_type=\"widget\" data-e-type=\"widget\" data-widget_type=\"heading.default\">\n\t\t\t\t<div class=\"elementor-widget-container\">\n\t\t\t\t\t<h2 class=\"elementor-heading-title elementor-size-default\">R\u00e9parer ou remplacer ?<\/h2>\t\t\t\t<\/div>\n\t\t\t\t<\/div>\n\t\t\t\t<div class=\"elementor-element elementor-element-7128bb3 elementor-widget elementor-widget-heading\" data-id=\"7128bb3\" data-element_type=\"widget\" data-e-type=\"widget\" data-widget_type=\"heading.default\">\n\t\t\t\t<div class=\"elementor-widget-container\">\n\t\t\t\t\t<div class=\"elementor-heading-title elementor-size-default\">Votre guide pour choisir la meilleure option pour votre d\u00e9shumidificateur<\/div>\t\t\t\t<\/div>\n\t\t\t\t<\/div>\n\t\t\t\t<div class=\"elementor-element elementor-element-dc4c052 elementor-widget-divider--view-line elementor-widget elementor-widget-divider\" data-id=\"dc4c052\" data-element_type=\"widget\" data-e-type=\"widget\" data-widget_type=\"divider.default\">\n\t\t\t\t<div class=\"elementor-widget-container\">\n\t\t\t\t\t\t\t<div class=\"elementor-divider\">\n\t\t\t<span class=\"elementor-divider-separator\">\n\t\t\t\t\t\t<\/span>\n\t\t<\/div>\n\t\t\t\t\t\t<\/div>\n\t\t\t\t<\/div>\n\t\t\t\t<div class=\"elementor-element elementor-element-5cb755e elementor-align-left elementor-invisible elementor-widget elementor-widget-button\" data-id=\"5cb755e\" data-element_type=\"widget\" data-e-type=\"widget\" data-settings=\"{&quot;_animation&quot;:&quot;fadeInUp&quot;,&quot;_animation_delay&quot;:1200}\" data-widget_type=\"button.default\">\n\t\t\t\t<div class=\"elementor-widget-container\">\n\t\t\t\t\t\t\t\t\t<div class=\"elementor-button-wrapper\">\n\t\t\t\t\t<a class=\"elementor-button elementor-button-link elementor-size-sm\" href=\"#download\">\n\t\t\t\t\t\t<span class=\"elementor-button-content-wrapper\">\n\t\t\t\t\t\t\t\t\t<span class=\"elementor-button-text\">T\u00e9l\u00e9charger le livre blanc<\/span>\n\t\t\t\t\t<\/span>\n\t\t\t\t\t<\/a>\n\t\t\t\t<\/div>\n\t\t\t\t\t\t\t\t<\/div>\n\t\t\t\t<\/div>\n\t\t\t\t<div class=\"elementor-element elementor-element-5411f85 elementor-widget elementor-widget-spacer\" data-id=\"5411f85\" data-element_type=\"widget\" data-e-type=\"widget\" data-widget_type=\"spacer.default\">\n\t\t\t\t<div class=\"elementor-widget-container\">\n\t\t\t\t\t\t\t<div class=\"elementor-spacer\">\n\t\t\t<div class=\"elementor-spacer-inner\"><\/div>\n\t\t<\/div>\n\t\t\t\t\t\t<\/div>\n\t\t\t\t<\/div>\n\t\t\t\t\t<\/div>\n\t\t\t\t<\/div>\n\t\t<div class=\"elementor-element elementor-element-782e9bb e-con-full e-flex e-con e-parent\" data-id=\"782e9bb\" data-element_type=\"container\" data-e-type=\"container\" id=\"download\">\n\t\t<div class=\"elementor-element elementor-element-6486488 e-con-full e-flex e-con e-child\" data-id=\"6486488\" data-element_type=\"container\" data-e-type=\"container\" data-settings=\"{&quot;background_background&quot;:&quot;classic&quot;}\">\n\t\t\t\t<div class=\"elementor-element elementor-element-de3486e elementor-widget elementor-widget-image\" data-id=\"de3486e\" data-element_type=\"widget\" data-e-type=\"widget\" data-widget_type=\"image.default\">\n\t\t\t\t<div class=\"elementor-widget-container\">\n\t\t\t\t\t\t\t\t\t\t\t\t\t\t\t<img fetchpriority=\"high\" decoding=\"async\" width=\"900\" height=\"645\" src=\"https:\/\/poolpak.com\/wp-content\/uploads\/2026\/01\/replace-or-replair-poolpak-cover-cropped-1024x734.jpg\" class=\"attachment-large size-large wp-image-10184\" alt=\"\" srcset=\"https:\/\/poolpak.com\/wp-content\/uploads\/2026\/01\/replace-or-replair-poolpak-cover-cropped-1024x734.jpg 1024w, https:\/\/poolpak.com\/wp-content\/uploads\/2026\/01\/replace-or-replair-poolpak-cover-cropped-300x215.jpg 300w, https:\/\/poolpak.com\/wp-content\/uploads\/2026\/01\/replace-or-replair-poolpak-cover-cropped-768x550.jpg 768w, https:\/\/poolpak.com\/wp-content\/uploads\/2026\/01\/replace-or-replair-poolpak-cover-cropped-1536x1100.jpg 1536w, https:\/\/poolpak.com\/wp-content\/uploads\/2026\/01\/replace-or-replair-poolpak-cover-cropped.jpg 1911w\" sizes=\"(max-width: 900px) 100vw, 900px\" \/>\t\t\t\t\t\t\t\t\t\t\t\t\t\t\t<\/div>\n\t\t\t\t<\/div>\n\t\t\t\t<div class=\"elementor-element elementor-element-3e65e9f elementor-widget elementor-widget-spacer\" data-id=\"3e65e9f\" data-element_type=\"widget\" data-e-type=\"widget\" data-widget_type=\"spacer.default\">\n\t\t\t\t<div class=\"elementor-widget-container\">\n\t\t\t\t\t\t\t<div class=\"elementor-spacer\">\n\t\t\t<div class=\"elementor-spacer-inner\"><\/div>\n\t\t<\/div>\n\t\t\t\t\t\t<\/div>\n\t\t\t\t<\/div>\n\t\t\t\t<div class=\"elementor-element elementor-element-1704f5f elementor-widget elementor-widget-heading\" data-id=\"1704f5f\" data-element_type=\"widget\" data-e-type=\"widget\" data-widget_type=\"heading.default\">\n\t\t\t\t<div class=\"elementor-widget-container\">\n\t\t\t\t\t<h2 class=\"elementor-heading-title elementor-size-default\">Table des mati\u00e8res<br><\/h2>\t\t\t\t<\/div>\n\t\t\t\t<\/div>\n\t\t\t\t<div class=\"elementor-element elementor-element-294409c elementor-widget elementor-widget-spacer\" data-id=\"294409c\" data-element_type=\"widget\" data-e-type=\"widget\" data-widget_type=\"spacer.default\">\n\t\t\t\t<div class=\"elementor-widget-container\">\n\t\t\t\t\t\t\t<div class=\"elementor-spacer\">\n\t\t\t<div class=\"elementor-spacer-inner\"><\/div>\n\t\t<\/div>\n\t\t\t\t\t\t<\/div>\n\t\t\t\t<\/div>\n\t\t\t\t<div class=\"elementor-element elementor-element-2dbf83b elementor-widget elementor-widget-text-editor\" data-id=\"2dbf83b\" data-element_type=\"widget\" data-e-type=\"widget\" data-widget_type=\"text-editor.default\">\n\t\t\t\t<div class=\"elementor-widget-container\">\n\t\t\t\t\t\t\t\t\t<p><strong>Section 1<\/strong>\u00a0\u2013 Cadre d\u00e9cisionnel<br \/><strong>Section 2<\/strong>\u00a0\u2013 Facteurs cl\u00e9s du cadre d\u00e9cisionnel<br \/><strong>Section 3<\/strong>\u00a0\u2013 Autres consid\u00e9rations<br \/><strong>Section 4<\/strong>\u00a0\u2013 Les \u00e9checs les plus communs<\/p>\t\t\t\t\t\t\t\t<\/div>\n\t\t\t\t<\/div>\n\t\t\t\t<div class=\"elementor-element elementor-element-4d800b6 elementor-invisible elementor-widget elementor-widget-button\" data-id=\"4d800b6\" data-element_type=\"widget\" data-e-type=\"widget\" data-settings=\"{&quot;_animation&quot;:&quot;fadeInUp&quot;,&quot;_animation_delay&quot;:1200}\" data-widget_type=\"button.default\">\n\t\t\t\t<div class=\"elementor-widget-container\">\n\t\t\t\t\t\t\t\t\t<div class=\"elementor-button-wrapper\">\n\t\t\t\t\t<a class=\"elementor-button elementor-button-link elementor-size-sm\" href=\"https:\/\/poolpak.com\/fr\/contactez-nous\/\">\n\t\t\t\t\t\t<span class=\"elementor-button-content-wrapper\">\n\t\t\t\t\t\t\t\t\t<span class=\"elementor-button-text\">Contacter un expert<\/span>\n\t\t\t\t\t<\/span>\n\t\t\t\t\t<\/a>\n\t\t\t\t<\/div>\n\t\t\t\t\t\t\t\t<\/div>\n\t\t\t\t<\/div>\n\t\t\t\t<\/div>\n\t\t<div class=\"elementor-element elementor-element-f59e7fd e-con-full e-flex e-con e-child\" data-id=\"f59e7fd\" data-element_type=\"container\" data-e-type=\"container\">\n\t\t\t\t<div class=\"elementor-element elementor-element-0f47b89 elementor-widget elementor-widget-heading\" data-id=\"0f47b89\" data-element_type=\"widget\" data-e-type=\"widget\" data-widget_type=\"heading.default\">\n\t\t\t\t<div class=\"elementor-widget-container\">\n\t\t\t\t\t<h2 class=\"elementor-heading-title elementor-size-default\">T\u00e9l\u00e9charger le livre blanc - Gratuit<\/h2>\t\t\t\t<\/div>\n\t\t\t\t<\/div>\n\t\t\t\t<div class=\"elementor-element elementor-element-36be413 elementor-widget elementor-widget-text-editor\" data-id=\"36be413\" data-element_type=\"widget\" data-e-type=\"widget\" data-widget_type=\"text-editor.default\">\n\t\t\t\t<div class=\"elementor-widget-container\">\n\t\t\t\t\t\t\t\t\t<p>Remplissez le formulaire ci-dessous pour obtenir votre exemplaire num\u00e9rique.<\/p>\t\t\t\t\t\t\t\t<\/div>\n\t\t\t\t<\/div>\n\t\t\t\t<div class=\"elementor-element elementor-element-3272150 elementor-widget elementor-widget-html\" data-id=\"3272150\" data-element_type=\"widget\" data-e-type=\"widget\" data-widget_type=\"html.default\">\n\t\t\t\t<div class=\"elementor-widget-container\">\n\t\t\t\t\t<script charset=\"utf-8\" type=\"text\/javascript\" src=\"\/\/js.hsforms.net\/forms\/embed\/v2.js\"><\/script>\r\n<script>\r\n  hbspt.forms.create({\r\n    portalId: \"21212828\",\r\n    formId: \"764c9bfc-0e35-4965-980d-fed494a09c95\",\r\n    region: \"na1\"\r\n  });\r\n<\/script>\t\t\t\t<\/div>\n\t\t\t\t<\/div>\n\t\t\t\t<\/div>\n\t\t\t\t<\/div>\n\t\t<div class=\"elementor-element elementor-element-8bbdf18 e-flex e-con-boxed e-con e-parent\" data-id=\"8bbdf18\" data-element_type=\"container\" data-e-type=\"container\">\n\t\t\t\t\t<div class=\"e-con-inner\">\n\t\t<div class=\"elementor-element elementor-element-5eb7ba5 e-con-full e-flex e-con e-child\" data-id=\"5eb7ba5\" data-element_type=\"container\" data-e-type=\"container\">\n\t\t<div class=\"elementor-element elementor-element-6134e73 e-con-full e-flex e-con e-child\" data-id=\"6134e73\" data-element_type=\"container\" data-e-type=\"container\" data-settings=\"{&quot;background_background&quot;:&quot;classic&quot;}\">\n\t\t<div class=\"elementor-element elementor-element-383d2e0 e-con-full e-flex e-con e-child\" data-id=\"383d2e0\" data-element_type=\"container\" data-e-type=\"container\" data-settings=\"{&quot;background_background&quot;:&quot;classic&quot;}\">\n\t\t\t\t<div class=\"elementor-element elementor-element-df38490 elementor-widget elementor-widget-heading\" data-id=\"df38490\" data-element_type=\"widget\" data-e-type=\"widget\" data-widget_type=\"heading.default\">\n\t\t\t\t<div class=\"elementor-widget-container\">\n\t\t\t\t\t<h2 class=\"elementor-heading-title elementor-size-default\">R\u00e9sum\u00e9<\/h2>\t\t\t\t<\/div>\n\t\t\t\t<\/div>\n\t\t\t\t<div class=\"elementor-element elementor-element-5070ad6 elementor-widget elementor-widget-text-editor\" data-id=\"5070ad6\" data-element_type=\"widget\" data-e-type=\"widget\" data-widget_type=\"text-editor.default\">\n\t\t\t\t<div class=\"elementor-widget-container\">\n\t\t\t\t\t\t\t\t\t<p>\u00a0<\/p><p>Lorsque vous suspectez un probl\u00e8me avec votre d\u00e9shumidificateur, la d\u00e9cision de le r\u00e9parer ou de le remplacer d\u00e9pend g\u00e9n\u00e9ralement d\u2019une combinaison de consid\u00e9rations techniques et financi\u00e8res, notamment ses performances pass\u00e9es et actuelles, son historique de r\u00e9paration et les co\u00fbts associ\u00e9s.<\/p><p>Les co\u00fbts de r\u00e9paration ne se limitent pas au prix des nouveaux composants, ils incluent \u00e9galement la main-d\u2019\u0153uvre n\u00e9cessaire pour effectuer la r\u00e9paration. Il peut \u00e9galement \u00eatre n\u00e9cessaire de prendre en compte le mat\u00e9riel et la main-d\u2019\u0153uvre n\u00e9cessaires pour apporter les modifications requises au b\u00e2timent.<\/p><p>T\u00e9l\u00e9chargez le livre blanc pour d\u00e9terminer si la r\u00e9paration ou le remplacement est la meilleure option pour vous.<\/p><p>\u00a0<\/p>\t\t\t\t\t\t\t\t<\/div>\n\t\t\t\t<\/div>\n\t\t\t\t<\/div>\n\t\t<div class=\"elementor-element elementor-element-4233acf e-con-full e-flex e-con e-child\" data-id=\"4233acf\" data-element_type=\"container\" data-e-type=\"container\">\n\t\t\t\t<div class=\"elementor-element elementor-element-9fede47 elementor-widget elementor-widget-image\" data-id=\"9fede47\" data-element_type=\"widget\" data-e-type=\"widget\" data-widget_type=\"image.default\">\n\t\t\t\t<div class=\"elementor-widget-container\">\n\t\t\t\t\t\t\t\t\t\t\t\t\t\t\t<img decoding=\"async\" width=\"791\" height=\"1024\" src=\"https:\/\/poolpak.com\/wp-content\/uploads\/2026\/01\/ppk-repair-or-replace-2-791x1024.png\" class=\"attachment-large size-large wp-image-10205\" alt=\"\" srcset=\"https:\/\/poolpak.com\/wp-content\/uploads\/2026\/01\/ppk-repair-or-replace-2-791x1024.png 791w, https:\/\/poolpak.com\/wp-content\/uploads\/2026\/01\/ppk-repair-or-replace-2-232x300.png 232w, https:\/\/poolpak.com\/wp-content\/uploads\/2026\/01\/ppk-repair-or-replace-2-768x994.png 768w, https:\/\/poolpak.com\/wp-content\/uploads\/2026\/01\/ppk-repair-or-replace-2-1187x1536.png 1187w, https:\/\/poolpak.com\/wp-content\/uploads\/2026\/01\/ppk-repair-or-replace-2-1583x2048.png 1583w, https:\/\/poolpak.com\/wp-content\/uploads\/2026\/01\/ppk-repair-or-replace-2-scaled.png 1978w\" sizes=\"(max-width: 791px) 100vw, 791px\" \/>\t\t\t\t\t\t\t\t\t\t\t\t\t\t\t<\/div>\n\t\t\t\t<\/div>\n\t\t\t\t<\/div>\n\t\t\t\t<\/div>\n\t\t\t\t<\/div>\n\t\t\t\t\t<\/div>\n\t\t\t\t<\/div>\n\t\t\t\t<\/div>\n\t\t","protected":false},"excerpt":{"rendered":"<p>R\u00e9parer ou remplacer ? Votre guide pour choisir la meilleure option pour votre d\u00e9shumidificateur T\u00e9l\u00e9charger le livre blanc Table des mati\u00e8res Section 1\u00a0\u2013 Cadre d\u00e9cisionnelSection 2\u00a0\u2013 Facteurs cl\u00e9s du cadre d\u00e9cisionnelSection 3\u00a0\u2013 Autres consid\u00e9rationsSection 4\u00a0\u2013 Les \u00e9checs les plus communs Contacter un expert T\u00e9l\u00e9charger le livre blanc &#8211; Gratuit Remplissez le formulaire ci-dessous pour obtenir &#8230; <a title=\"R\u00e9parer ou remplacer ?\" class=\"read-more\" href=\"https:\/\/poolpak.com\/fr\/reparer-ou-remplacer-votre-deshumidificateur\/\" aria-label=\"En savoir plus sur R\u00e9parer ou remplacer ?\">Lire plus<\/a><\/p>\n","protected":false},"author":1,"featured_media":0,"parent":0,"menu_order":0,"comment_status":"closed","ping_status":"closed","template":"elementor_header_footer","meta":{"footnotes":""},"class_list":["post-10180","page","type-page","status-publish"],"yoast_head":"<!-- This site is optimized with the Yoast SEO plugin v27.1.1 - https:\/\/yoast.com\/product\/yoast-seo-wordpress\/ -->\n<title>R\u00e9parer ou remplacer ? - PoolPak<\/title>\n<meta name=\"robots\" content=\"index, follow, max-snippet:-1, max-image-preview:large, max-video-preview:-1\" \/>\n<link rel=\"canonical\" href=\"https:\/\/poolpak.com\/fr\/reparer-ou-remplacer-votre-deshumidificateur\/\" \/>\n<meta property=\"og:locale\" content=\"fr_FR\" \/>\n<meta property=\"og:type\" content=\"article\" \/>\n<meta property=\"og:title\" content=\"R\u00e9parer ou remplacer ? - PoolPak\" \/>\n<meta property=\"og:description\" content=\"R\u00e9parer ou remplacer ? Votre guide pour choisir la meilleure option pour votre d\u00e9shumidificateur T\u00e9l\u00e9charger le livre blanc Table des mati\u00e8res Section 1\u00a0\u2013 Cadre d\u00e9cisionnelSection 2\u00a0\u2013 Facteurs cl\u00e9s du cadre d\u00e9cisionnelSection 3\u00a0\u2013 Autres consid\u00e9rationsSection 4\u00a0\u2013 Les \u00e9checs les plus communs Contacter un expert T\u00e9l\u00e9charger le livre blanc &#8211; Gratuit Remplissez le formulaire ci-dessous pour obtenir ... Lire plus\" \/>\n<meta property=\"og:url\" content=\"https:\/\/poolpak.com\/fr\/reparer-ou-remplacer-votre-deshumidificateur\/\" \/>\n<meta property=\"og:site_name\" content=\"PoolPak\" \/>\n<meta property=\"article:modified_time\" content=\"2026-02-03T20:30:04+00:00\" \/>\n<meta property=\"og:image\" content=\"https:\/\/poolpak.com\/wp-content\/uploads\/2026\/01\/replace-or-replair-poolpak-cover-cropped.jpg\" \/>\n\t<meta property=\"og:image:width\" content=\"1911\" \/>\n\t<meta property=\"og:image:height\" content=\"1369\" \/>\n\t<meta property=\"og:image:type\" content=\"image\/jpeg\" \/>\n<meta name=\"twitter:card\" content=\"summary_large_image\" \/>\n<meta name=\"twitter:label1\" content=\"Dur\u00e9e de lecture estim\u00e9e\" \/>\n\t<meta name=\"twitter:data1\" content=\"2 minutes\" \/>\n<script type=\"application\/ld+json\" class=\"yoast-schema-graph\">{\"@context\":\"https:\/\/schema.org\",\"@graph\":[{\"@type\":\"WebPage\",\"@id\":\"https:\/\/poolpak.com\/fr\/reparer-ou-remplacer-votre-deshumidificateur\/\",\"url\":\"https:\/\/poolpak.com\/fr\/reparer-ou-remplacer-votre-deshumidificateur\/\",\"name\":\"R\u00e9parer ou remplacer ? - PoolPak\",\"isPartOf\":{\"@id\":\"https:\/\/poolpak.com\/fr\/#website\"},\"primaryImageOfPage\":{\"@id\":\"https:\/\/poolpak.com\/fr\/reparer-ou-remplacer-votre-deshumidificateur\/#primaryimage\"},\"image\":{\"@id\":\"https:\/\/poolpak.com\/fr\/reparer-ou-remplacer-votre-deshumidificateur\/#primaryimage\"},\"thumbnailUrl\":\"https:\/\/poolpak.com\/wp-content\/uploads\/2026\/01\/replace-or-replair-poolpak-cover-cropped-1024x734.jpg\",\"datePublished\":\"2026-01-22T18:17:14+00:00\",\"dateModified\":\"2026-02-03T20:30:04+00:00\",\"breadcrumb\":{\"@id\":\"https:\/\/poolpak.com\/fr\/reparer-ou-remplacer-votre-deshumidificateur\/#breadcrumb\"},\"inLanguage\":\"fr-FR\",\"potentialAction\":[{\"@type\":\"ReadAction\",\"target\":[\"https:\/\/poolpak.com\/fr\/reparer-ou-remplacer-votre-deshumidificateur\/\"]}]},{\"@type\":\"ImageObject\",\"inLanguage\":\"fr-FR\",\"@id\":\"https:\/\/poolpak.com\/fr\/reparer-ou-remplacer-votre-deshumidificateur\/#primaryimage\",\"url\":\"https:\/\/poolpak.com\/wp-content\/uploads\/2026\/01\/replace-or-replair-poolpak-cover-cropped-1024x734.jpg\",\"contentUrl\":\"https:\/\/poolpak.com\/wp-content\/uploads\/2026\/01\/replace-or-replair-poolpak-cover-cropped-1024x734.jpg\"},{\"@type\":\"BreadcrumbList\",\"@id\":\"https:\/\/poolpak.com\/fr\/reparer-ou-remplacer-votre-deshumidificateur\/#breadcrumb\",\"itemListElement\":[{\"@type\":\"ListItem\",\"position\":1,\"name\":\"Home\",\"item\":\"https:\/\/poolpak.com\/fr\/\"},{\"@type\":\"ListItem\",\"position\":2,\"name\":\"R\u00e9parer ou remplacer ?\"}]},{\"@type\":\"WebSite\",\"@id\":\"https:\/\/poolpak.com\/fr\/#website\",\"url\":\"https:\/\/poolpak.com\/fr\/\",\"name\":\"PoolPak\",\"description\":\"Dehumidification That Works\",\"publisher\":{\"@id\":\"https:\/\/poolpak.com\/fr\/#organization\"},\"potentialAction\":[{\"@type\":\"SearchAction\",\"target\":{\"@type\":\"EntryPoint\",\"urlTemplate\":\"https:\/\/poolpak.com\/fr\/?s={search_term_string}\"},\"query-input\":{\"@type\":\"PropertyValueSpecification\",\"valueRequired\":true,\"valueName\":\"search_term_string\"}}],\"inLanguage\":\"fr-FR\"},{\"@type\":\"Organization\",\"@id\":\"https:\/\/poolpak.com\/fr\/#organization\",\"name\":\"PoolPak\",\"url\":\"https:\/\/poolpak.com\/fr\/\",\"logo\":{\"@type\":\"ImageObject\",\"inLanguage\":\"fr-FR\",\"@id\":\"https:\/\/poolpak.com\/fr\/#\/schema\/logo\/image\/\",\"url\":\"https:\/\/poolpak.com\/wp-content\/uploads\/2020\/03\/poolpak-logo.svg\",\"contentUrl\":\"https:\/\/poolpak.com\/wp-content\/uploads\/2020\/03\/poolpak-logo.svg\",\"caption\":\"PoolPak\"},\"image\":{\"@id\":\"https:\/\/poolpak.com\/fr\/#\/schema\/logo\/image\/\"}}]}<\/script>\n<!-- \/ Yoast SEO plugin. -->","yoast_head_json":{"title":"R\u00e9parer ou remplacer ? - PoolPak","robots":{"index":"index","follow":"follow","max-snippet":"max-snippet:-1","max-image-preview":"max-image-preview:large","max-video-preview":"max-video-preview:-1"},"canonical":"https:\/\/poolpak.com\/fr\/reparer-ou-remplacer-votre-deshumidificateur\/","og_locale":"fr_FR","og_type":"article","og_title":"R\u00e9parer ou remplacer ? - PoolPak","og_description":"R\u00e9parer ou remplacer ? Votre guide pour choisir la meilleure option pour votre d\u00e9shumidificateur T\u00e9l\u00e9charger le livre blanc Table des mati\u00e8res Section 1\u00a0\u2013 Cadre d\u00e9cisionnelSection 2\u00a0\u2013 Facteurs cl\u00e9s du cadre d\u00e9cisionnelSection 3\u00a0\u2013 Autres consid\u00e9rationsSection 4\u00a0\u2013 Les \u00e9checs les plus communs Contacter un expert T\u00e9l\u00e9charger le livre blanc &#8211; Gratuit Remplissez le formulaire ci-dessous pour obtenir ... Lire plus","og_url":"https:\/\/poolpak.com\/fr\/reparer-ou-remplacer-votre-deshumidificateur\/","og_site_name":"PoolPak","article_modified_time":"2026-02-03T20:30:04+00:00","og_image":[{"width":1911,"height":1369,"url":"https:\/\/poolpak.com\/wp-content\/uploads\/2026\/01\/replace-or-replair-poolpak-cover-cropped.jpg","type":"image\/jpeg"}],"twitter_card":"summary_large_image","twitter_misc":{"Dur\u00e9e de lecture estim\u00e9e":"2 minutes"},"schema":{"@context":"https:\/\/schema.org","@graph":[{"@type":"WebPage","@id":"https:\/\/poolpak.com\/fr\/reparer-ou-remplacer-votre-deshumidificateur\/","url":"https:\/\/poolpak.com\/fr\/reparer-ou-remplacer-votre-deshumidificateur\/","name":"R\u00e9parer ou remplacer ? - PoolPak","isPartOf":{"@id":"https:\/\/poolpak.com\/fr\/#website"},"primaryImageOfPage":{"@id":"https:\/\/poolpak.com\/fr\/reparer-ou-remplacer-votre-deshumidificateur\/#primaryimage"},"image":{"@id":"https:\/\/poolpak.com\/fr\/reparer-ou-remplacer-votre-deshumidificateur\/#primaryimage"},"thumbnailUrl":"https:\/\/poolpak.com\/wp-content\/uploads\/2026\/01\/replace-or-replair-poolpak-cover-cropped-1024x734.jpg","datePublished":"2026-01-22T18:17:14+00:00","dateModified":"2026-02-03T20:30:04+00:00","breadcrumb":{"@id":"https:\/\/poolpak.com\/fr\/reparer-ou-remplacer-votre-deshumidificateur\/#breadcrumb"},"inLanguage":"fr-FR","potentialAction":[{"@type":"ReadAction","target":["https:\/\/poolpak.com\/fr\/reparer-ou-remplacer-votre-deshumidificateur\/"]}]},{"@type":"ImageObject","inLanguage":"fr-FR","@id":"https:\/\/poolpak.com\/fr\/reparer-ou-remplacer-votre-deshumidificateur\/#primaryimage","url":"https:\/\/poolpak.com\/wp-content\/uploads\/2026\/01\/replace-or-replair-poolpak-cover-cropped-1024x734.jpg","contentUrl":"https:\/\/poolpak.com\/wp-content\/uploads\/2026\/01\/replace-or-replair-poolpak-cover-cropped-1024x734.jpg"},{"@type":"BreadcrumbList","@id":"https:\/\/poolpak.com\/fr\/reparer-ou-remplacer-votre-deshumidificateur\/#breadcrumb","itemListElement":[{"@type":"ListItem","position":1,"name":"Home","item":"https:\/\/poolpak.com\/fr\/"},{"@type":"ListItem","position":2,"name":"R\u00e9parer ou remplacer ?"}]},{"@type":"WebSite","@id":"https:\/\/poolpak.com\/fr\/#website","url":"https:\/\/poolpak.com\/fr\/","name":"PoolPak","description":"Dehumidification That Works","publisher":{"@id":"https:\/\/poolpak.com\/fr\/#organization"},"potentialAction":[{"@type":"SearchAction","target":{"@type":"EntryPoint","urlTemplate":"https:\/\/poolpak.com\/fr\/?s={search_term_string}"},"query-input":{"@type":"PropertyValueSpecification","valueRequired":true,"valueName":"search_term_string"}}],"inLanguage":"fr-FR"},{"@type":"Organization","@id":"https:\/\/poolpak.com\/fr\/#organization","name":"PoolPak","url":"https:\/\/poolpak.com\/fr\/","logo":{"@type":"ImageObject","inLanguage":"fr-FR","@id":"https:\/\/poolpak.com\/fr\/#\/schema\/logo\/image\/","url":"https:\/\/poolpak.com\/wp-content\/uploads\/2020\/03\/poolpak-logo.svg","contentUrl":"https:\/\/poolpak.com\/wp-content\/uploads\/2020\/03\/poolpak-logo.svg","caption":"PoolPak"},"image":{"@id":"https:\/\/poolpak.com\/fr\/#\/schema\/logo\/image\/"}}]}},"_links":{"self":[{"href":"https:\/\/poolpak.com\/fr\/wp-json\/wp\/v2\/pages\/10180","targetHints":{"allow":["GET"]}}],"collection":[{"href":"https:\/\/poolpak.com\/fr\/wp-json\/wp\/v2\/pages"}],"about":[{"href":"https:\/\/poolpak.com\/fr\/wp-json\/wp\/v2\/types\/page"}],"author":[{"embeddable":true,"href":"https:\/\/poolpak.com\/fr\/wp-json\/wp\/v2\/users\/1"}],"replies":[{"embeddable":true,"href":"https:\/\/poolpak.com\/fr\/wp-json\/wp\/v2\/comments?post=10180"}],"version-history":[{"count":8,"href":"https:\/\/poolpak.com\/fr\/wp-json\/wp\/v2\/pages\/10180\/revisions"}],"predecessor-version":[{"id":10223,"href":"https:\/\/poolpak.com\/fr\/wp-json\/wp\/v2\/pages\/10180\/revisions\/10223"}],"wp:attachment":[{"href":"https:\/\/poolpak.com\/fr\/wp-json\/wp\/v2\/media?parent=10180"}],"curies":[{"name":"wp","href":"https:\/\/api.w.org\/{rel}","templated":true}]}}