{"id":8563,"date":"2020-09-15T23:19:53","date_gmt":"2020-09-15T23:19:53","guid":{"rendered":"https:\/\/poolpak.com\/about-poolpak\/"},"modified":"2024-12-04T16:32:36","modified_gmt":"2024-12-04T16:32:36","slug":"about-poolpak","status":"publish","type":"page","link":"https:\/\/poolpak.com\/fr\/about-poolpak\/","title":{"rendered":"\u00c0 propos de PoolPak\u00ae"},"content":{"rendered":"<p><img fetchpriority=\"high\" decoding=\"async\" src=\"https:\/\/poolpak.com\/wp-content\/uploads\/2024\/11\/residential-pools-3-1024x298.png\" sizes=\"(max-width: 1024px) 100vw, 1024px\" srcset=\"https:\/\/poolpak.com\/wp-content\/uploads\/2024\/11\/residential-pools-3-1024x298.png 1024w, https:\/\/poolpak.com\/wp-content\/uploads\/2024\/11\/residential-pools-3-300x87.png 300w, https:\/\/poolpak.com\/wp-content\/uploads\/2024\/11\/residential-pools-3-768x223.png 768w, https:\/\/poolpak.com\/wp-content\/uploads\/2024\/11\/residential-pools-3.png 1366w\" alt=\"\" width=\"1024\" height=\"298\" \/><\/p>\n<h2>Un leader dans la d\u00e9shumidification des piscines int\u00e9rieures<\/h2>\n<p>PoolPak\u00ae est reconnu comme \u00e9tant une marque leader de syst\u00e8mes de d\u00e9shumidification pour les grandes piscines d&rsquo;athl\u00e9tisme, les natatoriums dans les \u00e9coles et les universit\u00e9s, les piscines commerciales et les piscines de loisirs des h\u00f4tels et des motels. Notre approche \u00e9prouv\u00e9e de la d\u00e9shumidification est votre meilleure garantie pour des conditions optimales de l&rsquo;espace et de l&rsquo;eau, tout en maintenant des co\u00fbts d&rsquo;exploitation faibles gr\u00e2ce \u00e0 l&rsquo;\u00e9nergie recycl\u00e9e.<\/p>\n<p>L&rsquo;\u00e9quipement de d\u00e9shumidification PoolPak\u00ae est con\u00e7u pour l&rsquo;environnement corrosif des piscines int\u00e9rieures, avec des caract\u00e9ristiques telles que la construction de serpentins en cuivre, des composants cl\u00e9s situ\u00e9s \u00e0 l&rsquo;\u00e9cart du flux d&rsquo;air corrosif et une finition durable. Le syst\u00e8me de contr\u00f4le a \u00e9t\u00e9 d\u00e9velopp\u00e9 par PoolPak\u00ae sp\u00e9cifiquement pour son \u00e9quipement, et permet de surveiller et de contr\u00f4ler l&rsquo;environnement de la piscine localement ou \u00e0 partir de n&rsquo;importe quel endroit ayant acc\u00e8s \u00e0 Internet.<\/p>\n<p>PoolPak\u00ae comprend l&rsquo;environnement de la piscine et l&rsquo;impact sur cet espace des changements saisonniers, de la situation g\u00e9ographique et de l&rsquo;activit\u00e9 de la piscine. Il n&rsquo;existe pas un seul type de syst\u00e8me de d\u00e9shumidification pour chaque piscine, et PoolPak\u00ae vous aidera \u00e0 s\u00e9lectionner une unit\u00e9 adapt\u00e9e \u00e0 votre application. C&rsquo;est la meilleure garantie de maintenir un confort maximal pour les occupants au co\u00fbt initial le plus bas et au co\u00fbt d&rsquo;exploitation permanent le plus bas.<\/p>\n<h2>D\u00e9velopper une technologie efficace pour un monde en \u00e9volution<\/h2>\n<p>PoolPak\u00ae trouve que l&rsquo;achat de biens d&rsquo;\u00e9quipement aujourd&rsquo;hui doit prendre en compte plus que ce qui est actuellement disponible \u00e0 ce moment-l\u00e0. Quand on sait qu&rsquo;un d\u00e9shumidificateur PoolPak\u00ae peut durer 20 ans et plus, il faut penser aux besoins de son avenir et \u00e0 l&rsquo;impact qu&rsquo;il peut avoir sur la durabilit\u00e9 et les performances de l&rsquo;\u00e9quipement !<\/p>\n<p>PoolPak\u00ae con\u00e7oit et construit ses \u00e9quipements de d\u00e9shumidification en mettant l&rsquo;accent sur l&rsquo;avenir. Nos ing\u00e9nieurs \u00e9tudient chaque aspect, de l&#8217;emplacement des composants aux strat\u00e9gies de contr\u00f4le, afin de maximiser les performances et la dur\u00e9e de vie de l&rsquo;unit\u00e9. Nous utilisons des composants qui r\u00e9pondent \u00e0 nos exigences \u00e9lev\u00e9es en mati\u00e8re d&rsquo;efficacit\u00e9 tout en assurant un confort sans faille aux occupants. Comparez les nombreuses caract\u00e9ristiques am\u00e9lior\u00e9es du PoolPak\u00ae et vous comprendrez pourquoi nous sommes l&rsquo;\u00e9quipement de d\u00e9shumidification de choix hier, aujourd&rsquo;hui et pour l&rsquo;avenir !<\/p>\n<h2>Une longue histoire de croissance<\/h2>\n<p>La technologie de d\u00e9shumidification PoolPak\u00ae a \u00e9t\u00e9 d\u00e9velopp\u00e9e en 1970 par York International Corporation (aujourd&rsquo;hui Johnson Controls), un fabricant de produits de chauffage, de ventilation et de climatisation. York International a c\u00e9d\u00e9 la gamme PoolPak\u00ae \u00e0 ses propri\u00e9taires actuels en 1986. Elle est aujourd&rsquo;hui le deuxi\u00e8me fabricant en Am\u00e9rique du Nord. L&rsquo;entreprise s&rsquo;est d\u00e9velopp\u00e9e sur le march\u00e9 international, 15 % de son chiffre d&rsquo;affaires provenant des ventes internationales.<\/p>\n<p>PoolPak\u00ae a mis en place un syst\u00e8me de fabrication il y a plus de dix ans et utilise actuellement un progiciel de gestion int\u00e9gr\u00e9 (ERP), un logiciel de CAO pour la mod\u00e9lisation solide en 3D et des machines \u00e0 commande num\u00e9rique en interne pour maintenir un taux de respect des d\u00e9lais de livraison de pr\u00e8s de 100 %.<\/p>\n<p><img decoding=\"async\" src=\"https:\/\/poolpak.com\/wp-content\/uploads\/2024\/11\/les-systemes-poolpak-sont-construits-et-vendus-en-allemagne-de-louest-par-york-international-corp-1024x576.png\" sizes=\"(max-width: 1024px) 100vw, 1024px\" srcset=\"https:\/\/poolpak.com\/wp-content\/uploads\/2024\/11\/les-systemes-poolpak-sont-construits-et-vendus-en-allemagne-de-louest-par-york-international-corp-1024x576.png 1024w, https:\/\/poolpak.com\/wp-content\/uploads\/2024\/11\/les-systemes-poolpak-sont-construits-et-vendus-en-allemagne-de-louest-par-york-international-corp-300x169.png 300w, https:\/\/poolpak.com\/wp-content\/uploads\/2024\/11\/les-systemes-poolpak-sont-construits-et-vendus-en-allemagne-de-louest-par-york-international-corp-768x432.png 768w, https:\/\/poolpak.com\/wp-content\/uploads\/2024\/11\/les-systemes-poolpak-sont-construits-et-vendus-en-allemagne-de-louest-par-york-international-corp-1536x864.png 1536w, https:\/\/poolpak.com\/wp-content\/uploads\/2024\/11\/les-systemes-poolpak-sont-construits-et-vendus-en-allemagne-de-louest-par-york-international-corp.png 1920w\" alt=\"\" width=\"1024\" height=\"576\" \/><\/p>\n","protected":false},"excerpt":{"rendered":"<p>Un leader dans la d\u00e9shumidification des piscines int\u00e9rieures PoolPak\u00ae est reconnu comme \u00e9tant une marque leader de syst\u00e8mes de d\u00e9shumidification pour les grandes piscines d&rsquo;athl\u00e9tisme, les natatoriums dans les \u00e9coles et les universit\u00e9s, les piscines commerciales et les piscines de loisirs des h\u00f4tels et des motels. Notre approche \u00e9prouv\u00e9e de la d\u00e9shumidification est votre meilleure &#8230; <a title=\"\u00c0 propos de PoolPak\u00ae\" class=\"read-more\" href=\"https:\/\/poolpak.com\/fr\/about-poolpak\/\" aria-label=\"En savoir plus sur \u00c0 propos de PoolPak\u00ae\">Lire plus<\/a><\/p>\n","protected":false},"author":1,"featured_media":0,"parent":0,"menu_order":0,"comment_status":"closed","ping_status":"closed","template":"","meta":{"footnotes":""},"class_list":["post-8563","page","type-page","status-publish"],"yoast_head":"<!-- This site is optimized with the Yoast SEO plugin v27.5 - https:\/\/yoast.com\/product\/yoast-seo-wordpress\/ -->\n<title>\u00c0 propos de PoolPak\u00ae - PoolPak<\/title>\n<meta name=\"robots\" content=\"index, follow, max-snippet:-1, max-image-preview:large, max-video-preview:-1\" \/>\n<link rel=\"canonical\" href=\"https:\/\/poolpak.com\/fr\/about-poolpak\/\" \/>\n<meta property=\"og:locale\" content=\"fr_FR\" \/>\n<meta property=\"og:type\" content=\"article\" \/>\n<meta property=\"og:title\" content=\"\u00c0 propos de PoolPak\u00ae - PoolPak\" \/>\n<meta property=\"og:description\" content=\"Un leader dans la d\u00e9shumidification des piscines int\u00e9rieures PoolPak\u00ae est reconnu comme \u00e9tant une marque leader de syst\u00e8mes de d\u00e9shumidification pour les grandes piscines d&rsquo;athl\u00e9tisme, les natatoriums dans les \u00e9coles et les universit\u00e9s, les piscines commerciales et les piscines de loisirs des h\u00f4tels et des motels. Notre approche \u00e9prouv\u00e9e de la d\u00e9shumidification est votre meilleure ... Lire plus\" \/>\n<meta property=\"og:url\" content=\"https:\/\/poolpak.com\/fr\/about-poolpak\/\" \/>\n<meta property=\"og:site_name\" content=\"PoolPak\" \/>\n<meta property=\"article:modified_time\" content=\"2024-12-04T16:32:36+00:00\" \/>\n<meta property=\"og:image\" content=\"https:\/\/poolpak.com\/wp-content\/uploads\/2024\/11\/residential-pools-3-1024x298.png\" \/>\n<meta name=\"twitter:card\" content=\"summary_large_image\" \/>\n<meta name=\"twitter:label1\" content=\"Dur\u00e9e de lecture estim\u00e9e\" \/>\n\t<meta name=\"twitter:data1\" content=\"3 minutes\" \/>\n<script type=\"application\/ld+json\" class=\"yoast-schema-graph\">{\"@context\":\"https:\\\/\\\/schema.org\",\"@graph\":[{\"@type\":\"WebPage\",\"@id\":\"https:\\\/\\\/poolpak.com\\\/fr\\\/about-poolpak\\\/\",\"url\":\"https:\\\/\\\/poolpak.com\\\/fr\\\/about-poolpak\\\/\",\"name\":\"\u00c0 propos de PoolPak\u00ae - PoolPak\",\"isPartOf\":{\"@id\":\"https:\\\/\\\/poolpak.com\\\/fr\\\/#website\"},\"primaryImageOfPage\":{\"@id\":\"https:\\\/\\\/poolpak.com\\\/fr\\\/about-poolpak\\\/#primaryimage\"},\"image\":{\"@id\":\"https:\\\/\\\/poolpak.com\\\/fr\\\/about-poolpak\\\/#primaryimage\"},\"thumbnailUrl\":\"https:\\\/\\\/poolpak.com\\\/wp-content\\\/uploads\\\/2024\\\/11\\\/residential-pools-3-1024x298.png\",\"datePublished\":\"2020-09-15T23:19:53+00:00\",\"dateModified\":\"2024-12-04T16:32:36+00:00\",\"breadcrumb\":{\"@id\":\"https:\\\/\\\/poolpak.com\\\/fr\\\/about-poolpak\\\/#breadcrumb\"},\"inLanguage\":\"fr-FR\",\"potentialAction\":[{\"@type\":\"ReadAction\",\"target\":[\"https:\\\/\\\/poolpak.com\\\/fr\\\/about-poolpak\\\/\"]}]},{\"@type\":\"ImageObject\",\"inLanguage\":\"fr-FR\",\"@id\":\"https:\\\/\\\/poolpak.com\\\/fr\\\/about-poolpak\\\/#primaryimage\",\"url\":\"https:\\\/\\\/poolpak.com\\\/wp-content\\\/uploads\\\/2024\\\/11\\\/residential-pools-3-1024x298.png\",\"contentUrl\":\"https:\\\/\\\/poolpak.com\\\/wp-content\\\/uploads\\\/2024\\\/11\\\/residential-pools-3-1024x298.png\"},{\"@type\":\"BreadcrumbList\",\"@id\":\"https:\\\/\\\/poolpak.com\\\/fr\\\/about-poolpak\\\/#breadcrumb\",\"itemListElement\":[{\"@type\":\"ListItem\",\"position\":1,\"name\":\"Home\",\"item\":\"https:\\\/\\\/poolpak.com\\\/fr\\\/\"},{\"@type\":\"ListItem\",\"position\":2,\"name\":\"\u00c0 propos de PoolPak\u00ae\"}]},{\"@type\":\"WebSite\",\"@id\":\"https:\\\/\\\/poolpak.com\\\/fr\\\/#website\",\"url\":\"https:\\\/\\\/poolpak.com\\\/fr\\\/\",\"name\":\"PoolPak\",\"description\":\"Dehumidification That Works\",\"publisher\":{\"@id\":\"https:\\\/\\\/poolpak.com\\\/fr\\\/#organization\"},\"potentialAction\":[{\"@type\":\"SearchAction\",\"target\":{\"@type\":\"EntryPoint\",\"urlTemplate\":\"https:\\\/\\\/poolpak.com\\\/fr\\\/?s={search_term_string}\"},\"query-input\":{\"@type\":\"PropertyValueSpecification\",\"valueRequired\":true,\"valueName\":\"search_term_string\"}}],\"inLanguage\":\"fr-FR\"},{\"@type\":\"Organization\",\"@id\":\"https:\\\/\\\/poolpak.com\\\/fr\\\/#organization\",\"name\":\"PoolPak\",\"url\":\"https:\\\/\\\/poolpak.com\\\/fr\\\/\",\"logo\":{\"@type\":\"ImageObject\",\"inLanguage\":\"fr-FR\",\"@id\":\"https:\\\/\\\/poolpak.com\\\/fr\\\/#\\\/schema\\\/logo\\\/image\\\/\",\"url\":\"https:\\\/\\\/poolpak.com\\\/wp-content\\\/uploads\\\/2020\\\/03\\\/poolpak-logo.svg\",\"contentUrl\":\"https:\\\/\\\/poolpak.com\\\/wp-content\\\/uploads\\\/2020\\\/03\\\/poolpak-logo.svg\",\"caption\":\"PoolPak\"},\"image\":{\"@id\":\"https:\\\/\\\/poolpak.com\\\/fr\\\/#\\\/schema\\\/logo\\\/image\\\/\"}}]}<\/script>\n<!-- \/ Yoast SEO plugin. -->","yoast_head_json":{"title":"\u00c0 propos de PoolPak\u00ae - PoolPak","robots":{"index":"index","follow":"follow","max-snippet":"max-snippet:-1","max-image-preview":"max-image-preview:large","max-video-preview":"max-video-preview:-1"},"canonical":"https:\/\/poolpak.com\/fr\/about-poolpak\/","og_locale":"fr_FR","og_type":"article","og_title":"\u00c0 propos de PoolPak\u00ae - PoolPak","og_description":"Un leader dans la d\u00e9shumidification des piscines int\u00e9rieures PoolPak\u00ae est reconnu comme \u00e9tant une marque leader de syst\u00e8mes de d\u00e9shumidification pour les grandes piscines d&rsquo;athl\u00e9tisme, les natatoriums dans les \u00e9coles et les universit\u00e9s, les piscines commerciales et les piscines de loisirs des h\u00f4tels et des motels. Notre approche \u00e9prouv\u00e9e de la d\u00e9shumidification est votre meilleure ... Lire plus","og_url":"https:\/\/poolpak.com\/fr\/about-poolpak\/","og_site_name":"PoolPak","article_modified_time":"2024-12-04T16:32:36+00:00","og_image":[{"url":"https:\/\/poolpak.com\/wp-content\/uploads\/2024\/11\/residential-pools-3-1024x298.png","type":"","width":"","height":""}],"twitter_card":"summary_large_image","twitter_misc":{"Dur\u00e9e de lecture estim\u00e9e":"3 minutes"},"schema":{"@context":"https:\/\/schema.org","@graph":[{"@type":"WebPage","@id":"https:\/\/poolpak.com\/fr\/about-poolpak\/","url":"https:\/\/poolpak.com\/fr\/about-poolpak\/","name":"\u00c0 propos de PoolPak\u00ae - PoolPak","isPartOf":{"@id":"https:\/\/poolpak.com\/fr\/#website"},"primaryImageOfPage":{"@id":"https:\/\/poolpak.com\/fr\/about-poolpak\/#primaryimage"},"image":{"@id":"https:\/\/poolpak.com\/fr\/about-poolpak\/#primaryimage"},"thumbnailUrl":"https:\/\/poolpak.com\/wp-content\/uploads\/2024\/11\/residential-pools-3-1024x298.png","datePublished":"2020-09-15T23:19:53+00:00","dateModified":"2024-12-04T16:32:36+00:00","breadcrumb":{"@id":"https:\/\/poolpak.com\/fr\/about-poolpak\/#breadcrumb"},"inLanguage":"fr-FR","potentialAction":[{"@type":"ReadAction","target":["https:\/\/poolpak.com\/fr\/about-poolpak\/"]}]},{"@type":"ImageObject","inLanguage":"fr-FR","@id":"https:\/\/poolpak.com\/fr\/about-poolpak\/#primaryimage","url":"https:\/\/poolpak.com\/wp-content\/uploads\/2024\/11\/residential-pools-3-1024x298.png","contentUrl":"https:\/\/poolpak.com\/wp-content\/uploads\/2024\/11\/residential-pools-3-1024x298.png"},{"@type":"BreadcrumbList","@id":"https:\/\/poolpak.com\/fr\/about-poolpak\/#breadcrumb","itemListElement":[{"@type":"ListItem","position":1,"name":"Home","item":"https:\/\/poolpak.com\/fr\/"},{"@type":"ListItem","position":2,"name":"\u00c0 propos de PoolPak\u00ae"}]},{"@type":"WebSite","@id":"https:\/\/poolpak.com\/fr\/#website","url":"https:\/\/poolpak.com\/fr\/","name":"PoolPak","description":"Dehumidification That Works","publisher":{"@id":"https:\/\/poolpak.com\/fr\/#organization"},"potentialAction":[{"@type":"SearchAction","target":{"@type":"EntryPoint","urlTemplate":"https:\/\/poolpak.com\/fr\/?s={search_term_string}"},"query-input":{"@type":"PropertyValueSpecification","valueRequired":true,"valueName":"search_term_string"}}],"inLanguage":"fr-FR"},{"@type":"Organization","@id":"https:\/\/poolpak.com\/fr\/#organization","name":"PoolPak","url":"https:\/\/poolpak.com\/fr\/","logo":{"@type":"ImageObject","inLanguage":"fr-FR","@id":"https:\/\/poolpak.com\/fr\/#\/schema\/logo\/image\/","url":"https:\/\/poolpak.com\/wp-content\/uploads\/2020\/03\/poolpak-logo.svg","contentUrl":"https:\/\/poolpak.com\/wp-content\/uploads\/2020\/03\/poolpak-logo.svg","caption":"PoolPak"},"image":{"@id":"https:\/\/poolpak.com\/fr\/#\/schema\/logo\/image\/"}}]}},"_links":{"self":[{"href":"https:\/\/poolpak.com\/fr\/wp-json\/wp\/v2\/pages\/8563","targetHints":{"allow":["GET"]}}],"collection":[{"href":"https:\/\/poolpak.com\/fr\/wp-json\/wp\/v2\/pages"}],"about":[{"href":"https:\/\/poolpak.com\/fr\/wp-json\/wp\/v2\/types\/page"}],"author":[{"embeddable":true,"href":"https:\/\/poolpak.com\/fr\/wp-json\/wp\/v2\/users\/1"}],"replies":[{"embeddable":true,"href":"https:\/\/poolpak.com\/fr\/wp-json\/wp\/v2\/comments?post=8563"}],"version-history":[{"count":8,"href":"https:\/\/poolpak.com\/fr\/wp-json\/wp\/v2\/pages\/8563\/revisions"}],"predecessor-version":[{"id":9105,"href":"https:\/\/poolpak.com\/fr\/wp-json\/wp\/v2\/pages\/8563\/revisions\/9105"}],"wp:attachment":[{"href":"https:\/\/poolpak.com\/fr\/wp-json\/wp\/v2\/media?parent=8563"}],"curies":[{"name":"wp","href":"https:\/\/api.w.org\/{rel}","templated":true}]}}