{"id":8585,"date":"2020-09-15T16:41:23","date_gmt":"2020-09-15T16:41:23","guid":{"rendered":"https:\/\/poolpak.com\/piscines-commerciales\/"},"modified":"2024-11-22T18:37:28","modified_gmt":"2024-11-22T18:37:28","slug":"piscines-commerciales","status":"publish","type":"page","link":"https:\/\/poolpak.com\/fr\/piscines-commerciales\/","title":{"rendered":"Piscines Commerciales"},"content":{"rendered":"\t\t<div data-elementor-type=\"wp-page\" data-elementor-id=\"8585\" class=\"elementor elementor-8585 elementor-257\" data-elementor-post-type=\"page\">\n\t\t\t\t\t\t<section class=\"elementor-section elementor-top-section elementor-element elementor-element-555636f elementor-section-boxed elementor-section-height-default elementor-section-height-default\" data-id=\"555636f\" data-element_type=\"section\" data-e-type=\"section\">\n\t\t\t\t\t\t<div class=\"elementor-container elementor-column-gap-default\">\n\t\t\t\t\t<div class=\"elementor-column elementor-col-100 elementor-top-column elementor-element elementor-element-2127ce0\" data-id=\"2127ce0\" data-element_type=\"column\" data-e-type=\"column\">\n\t\t\t<div class=\"elementor-widget-wrap elementor-element-populated\">\n\t\t\t\t\t\t<div class=\"elementor-element elementor-element-c2c3927 elementor-invisible elementor-widget elementor-widget-image\" data-id=\"c2c3927\" data-element_type=\"widget\" data-e-type=\"widget\" data-settings=\"{&quot;_animation&quot;:&quot;fadeIn&quot;}\" data-widget_type=\"image.default\">\n\t\t\t\t<div class=\"elementor-widget-container\">\n\t\t\t\t\t\t\t\t\t\t\t\t\t\t\t<img fetchpriority=\"high\" decoding=\"async\" width=\"900\" height=\"262\" src=\"https:\/\/poolpak.com\/wp-content\/uploads\/2024\/11\/residential-pools-21-1024x298.png\" class=\"attachment-large size-large wp-image-8696\" alt=\"\" srcset=\"https:\/\/poolpak.com\/wp-content\/uploads\/2024\/11\/residential-pools-21-1024x298.png 1024w, https:\/\/poolpak.com\/wp-content\/uploads\/2024\/11\/residential-pools-21-300x87.png 300w, https:\/\/poolpak.com\/wp-content\/uploads\/2024\/11\/residential-pools-21-768x223.png 768w, https:\/\/poolpak.com\/wp-content\/uploads\/2024\/11\/residential-pools-21.png 1366w\" sizes=\"(max-width: 900px) 100vw, 900px\" \/>\t\t\t\t\t\t\t\t\t\t\t\t\t\t\t<\/div>\n\t\t\t\t<\/div>\n\t\t\t\t<div class=\"elementor-element elementor-element-5423464 elementor-widget elementor-widget-heading\" data-id=\"5423464\" data-element_type=\"widget\" data-e-type=\"widget\" data-widget_type=\"heading.default\">\n\t\t\t\t<div class=\"elementor-widget-container\">\n\t\t\t\t\t<h1 class=\"elementor-heading-title elementor-size-default\">Piscines Commerciales<\/h1>\t\t\t\t<\/div>\n\t\t\t\t<\/div>\n\t\t\t\t\t<\/div>\n\t\t<\/div>\n\t\t\t\t\t<\/div>\n\t\t<\/section>\n\t\t\t\t<section class=\"elementor-section elementor-top-section elementor-element elementor-element-5e7669f elementor-section-boxed elementor-section-height-default elementor-section-height-default\" data-id=\"5e7669f\" data-element_type=\"section\" data-e-type=\"section\">\n\t\t\t\t\t\t<div class=\"elementor-container elementor-column-gap-default\">\n\t\t\t\t\t<div class=\"elementor-column elementor-col-100 elementor-top-column elementor-element elementor-element-e6313d6\" data-id=\"e6313d6\" data-element_type=\"column\" data-e-type=\"column\">\n\t\t\t<div class=\"elementor-widget-wrap elementor-element-populated\">\n\t\t\t\t\t\t<div class=\"elementor-element elementor-element-aa3e882 elementor-widget elementor-widget-text-editor\" data-id=\"aa3e882\" data-element_type=\"widget\" data-e-type=\"widget\" data-widget_type=\"text-editor.default\">\n\t\t\t\t<div class=\"elementor-widget-container\">\n\t\t\t\t\t\t\t\t\t<p>Les applications typiques incluent les YMCA, les municipalit\u00e9s, les centres athl\u00e9tiques, r\u00e9cr\u00e9atifs et de remise en forme. Les grands natatoriums, comme ceux utilis\u00e9s pour les comp\u00e9titions de natation, peuvent avoir une surface de 10 000 pieds carr\u00e9s ou plus. Les parcs aquatiques sont une cat\u00e9gorie de piscines plus r\u00e9cente et se distinguent par des espaces encore plus grands et une activit\u00e9 aquatique importante.<\/p>\n<p>Le taux d&rsquo;\u00e9vaporation est g\u00e9n\u00e9ralement \u00e9lev\u00e9 en raison de la grande surface de la piscine, de la temp\u00e9rature \u00e9lev\u00e9e de l&rsquo;eau et de l&rsquo;activit\u00e9 des baigneurs. Les temp\u00e9ratures de l&rsquo;air et de l&rsquo;eau, ainsi que l&rsquo;humidit\u00e9, sont particuli\u00e8rement difficiles \u00e0 \u00e9quilibrer, et un contr\u00f4le inad\u00e9quat se traduit g\u00e9n\u00e9ralement par un environnement inconfortable, aggrav\u00e9 par des dommages structurels dus \u00e0 l&rsquo;environnement corrosif charg\u00e9 de chloramines.<\/p>\n<p>Les natatoriums n\u00e9cessitent une d\u00e9shumidification de grande capacit\u00e9 pour contr\u00f4ler la formation de condensats provenant de l&rsquo;\u00e9vaporation de l&rsquo;eau de la piscine. Ils ont besoin d&rsquo;une ventilation pour r\u00e9pondre aux exigences de s\u00e9curit\u00e9 des b\u00e2timents, et l&rsquo;ajout d&rsquo;air ext\u00e9rieur plus froid peut augmenter les co\u00fbts de chauffage pendant les mois d&rsquo;hiver ou les co\u00fbts de refroidissement\/d\u00e9shumidification pendant les mois chauds d&rsquo;\u00e9t\u00e9.<\/p>\n<p>Les syst\u00e8mes de d\u00e9shumidification des natatoriums doivent \u00eatre efficaces pour chauffer \u00e0 la fois l&rsquo;eau de la piscine et l&rsquo;air ambiant. Les co\u00fbts d&rsquo;exploitation sont importants en raison du co\u00fbt \u00e9lev\u00e9 de l&rsquo;\u00e9nergie pour chauffer et refroidir l&rsquo;installation, et les performances et la fiabilit\u00e9 sont tout aussi importantes pour maximiser le retour sur investissement et la satisfaction de l&rsquo;utilisateur.<\/p>\n<p>PoolPak\u00ae propose des \u00e9quipements de d\u00e9shumidification utilisant \u00e0 la fois la r\u00e9frig\u00e9ration m\u00e9canique et l&rsquo;air ext\u00e9rieur. La r\u00e9frig\u00e9ration m\u00e9canique recycle la chaleur captur\u00e9e pendant la d\u00e9shumidification pour chauffer l&rsquo;air ou l&rsquo;eau, tandis que le syst\u00e8me d&rsquo;air ext\u00e9rieur capture efficacement la chaleur du flux d&rsquo;air \u00e9vacu\u00e9.<\/p>\n<p>Pour les petites installations commerciales, essayez les s\u00e9ries ComPak PCP ou StakPak.<\/p>\n\t\t\t\t\t\t\t\t<\/div>\n\t\t\t\t<\/div>\n\t\t\t\t<div class=\"elementor-element elementor-element-e048d71 elementor-widget elementor-widget-heading\" data-id=\"e048d71\" data-element_type=\"widget\" data-e-type=\"widget\" data-widget_type=\"heading.default\">\n\t\t\t\t<div class=\"elementor-widget-container\">\n\t\t\t\t\t<h2 class=\"elementor-heading-title elementor-size-default\">Les syst\u00e8mes recommand\u00e9s<\/h2>\t\t\t\t<\/div>\n\t\t\t\t<\/div>\n\t\t\t\t<div class=\"elementor-element elementor-element-a2d43ac elementor-widget elementor-widget-heading\" data-id=\"a2d43ac\" data-element_type=\"widget\" data-e-type=\"widget\" data-widget_type=\"heading.default\">\n\t\t\t\t<div class=\"elementor-widget-container\">\n\t\t\t\t\t<h4 class=\"elementor-heading-title elementor-size-default\"><b>PoolPak\u00ae S\u00e9rie PPK:<\/b><\/h4>\t\t\t\t<\/div>\n\t\t\t\t<\/div>\n\t\t\t\t\t<\/div>\n\t\t<\/div>\n\t\t\t\t\t<\/div>\n\t\t<\/section>\n\t\t\t\t<section class=\"elementor-section elementor-top-section elementor-element elementor-element-6ca32e0 elementor-section-boxed elementor-section-height-default elementor-section-height-default\" data-id=\"6ca32e0\" data-element_type=\"section\" data-e-type=\"section\">\n\t\t\t\t\t\t<div class=\"elementor-container elementor-column-gap-default\">\n\t\t\t\t\t<div class=\"elementor-column elementor-col-100 elementor-top-column elementor-element elementor-element-024e65d\" data-id=\"024e65d\" data-element_type=\"column\" data-e-type=\"column\">\n\t\t\t<div class=\"elementor-widget-wrap elementor-element-populated\">\n\t\t\t\t\t\t<section class=\"elementor-section elementor-inner-section elementor-element elementor-element-0f371b0 elementor-section-boxed elementor-section-height-default elementor-section-height-default\" data-id=\"0f371b0\" data-element_type=\"section\" data-e-type=\"section\">\n\t\t\t\t\t\t<div class=\"elementor-container elementor-column-gap-no\">\n\t\t\t\t\t<div class=\"elementor-column elementor-col-50 elementor-inner-column elementor-element elementor-element-ee7dec3\" data-id=\"ee7dec3\" data-element_type=\"column\" data-e-type=\"column\">\n\t\t\t<div class=\"elementor-widget-wrap elementor-element-populated\">\n\t\t\t\t\t\t<div class=\"elementor-element elementor-element-ac3806e elementor-widget elementor-widget-image\" data-id=\"ac3806e\" data-element_type=\"widget\" data-e-type=\"widget\" data-widget_type=\"image.default\">\n\t\t\t\t<div class=\"elementor-widget-container\">\n\t\t\t\t\t\t\t\t\t\t\t\t\t\t\t\t<a href=\"https:\/\/poolpak.com\/fr\/poolpak-serie-ppk\/\">\n\t\t\t\t\t\t\t<img decoding=\"async\" width=\"300\" height=\"159\" src=\"https:\/\/poolpak.com\/wp-content\/uploads\/2024\/11\/poolpak-ppk-button-fr.jpg\" class=\"attachment-large size-large wp-image-8717\" alt=\"\" \/>\t\t\t\t\t\t\t\t<\/a>\n\t\t\t\t\t\t\t\t\t\t\t\t\t\t\t<\/div>\n\t\t\t\t<\/div>\n\t\t\t\t\t<\/div>\n\t\t<\/div>\n\t\t\t\t<div class=\"elementor-column elementor-col-50 elementor-inner-column elementor-element elementor-element-31c395a\" data-id=\"31c395a\" data-element_type=\"column\" data-e-type=\"column\">\n\t\t\t<div class=\"elementor-widget-wrap elementor-element-populated\">\n\t\t\t\t\t\t<div class=\"elementor-element elementor-element-9b72a3d elementor-widget elementor-widget-text-editor\" data-id=\"9b72a3d\" data-element_type=\"widget\" data-e-type=\"widget\" data-widget_type=\"text-editor.default\">\n\t\t\t\t<div class=\"elementor-widget-container\">\n\t\t\t\t\t\t\t\t\t<ul>\n<li>Syst\u00e8me de r\u00e9frig\u00e9ration \u00e0 refroidissement par fluide<\/li>\n<li>Ventilateurs \u00e0 entra\u00eenement direct avec ECM ou VFD<\/li>\n<li>Surveillance d&rsquo;usine WebSentry\u00ae via Ethernet<\/li>\n<li>Syst\u00e8me de contr\u00f4le CommandPak<\/li>\n<li>18 \u00e0 128 tonnes avec des d\u00e9bits d&rsquo;air de 6 800 \u00e0 64 000 CFM<\/li>\n<\/ul>\n\t\t\t\t\t\t\t\t<\/div>\n\t\t\t\t<\/div>\n\t\t\t\t\t<\/div>\n\t\t<\/div>\n\t\t\t\t\t<\/div>\n\t\t<\/section>\n\t\t\t\t\t<\/div>\n\t\t<\/div>\n\t\t\t\t\t<\/div>\n\t\t<\/section>\n\t\t\t\t<section class=\"elementor-section elementor-top-section elementor-element elementor-element-750f949 elementor-section-boxed elementor-section-height-default elementor-section-height-default\" data-id=\"750f949\" data-element_type=\"section\" data-e-type=\"section\">\n\t\t\t\t\t\t<div class=\"elementor-container elementor-column-gap-default\">\n\t\t\t\t\t<div class=\"elementor-column elementor-col-100 elementor-top-column elementor-element elementor-element-f9f2ec8\" data-id=\"f9f2ec8\" data-element_type=\"column\" data-e-type=\"column\">\n\t\t\t<div class=\"elementor-widget-wrap elementor-element-populated\">\n\t\t\t\t\t\t<div class=\"elementor-element elementor-element-07506cd elementor-widget elementor-widget-heading\" data-id=\"07506cd\" data-element_type=\"widget\" data-e-type=\"widget\" data-widget_type=\"heading.default\">\n\t\t\t\t<div class=\"elementor-widget-container\">\n\t\t\t\t\t<h4 class=\"elementor-heading-title elementor-size-default\"><b>ComPak\u00ae PCP S\u00e9rie StakPak:<\/b><\/h4>\t\t\t\t<\/div>\n\t\t\t\t<\/div>\n\t\t\t\t\t<\/div>\n\t\t<\/div>\n\t\t\t\t\t<\/div>\n\t\t<\/section>\n\t\t\t\t<section class=\"elementor-section elementor-top-section elementor-element elementor-element-8c0ed7c elementor-section-boxed elementor-section-height-default elementor-section-height-default\" data-id=\"8c0ed7c\" data-element_type=\"section\" data-e-type=\"section\">\n\t\t\t\t\t\t<div class=\"elementor-container elementor-column-gap-default\">\n\t\t\t\t\t<div class=\"elementor-column elementor-col-100 elementor-top-column elementor-element elementor-element-96e8a5d\" data-id=\"96e8a5d\" data-element_type=\"column\" data-e-type=\"column\">\n\t\t\t<div class=\"elementor-widget-wrap elementor-element-populated\">\n\t\t\t\t\t\t<section class=\"elementor-section elementor-inner-section elementor-element elementor-element-caa486c elementor-section-boxed elementor-section-height-default elementor-section-height-default\" data-id=\"caa486c\" data-element_type=\"section\" data-e-type=\"section\">\n\t\t\t\t\t\t<div class=\"elementor-container elementor-column-gap-no\">\n\t\t\t\t\t<div class=\"elementor-column elementor-col-50 elementor-inner-column elementor-element elementor-element-09d2f5f\" data-id=\"09d2f5f\" data-element_type=\"column\" data-e-type=\"column\">\n\t\t\t<div class=\"elementor-widget-wrap elementor-element-populated\">\n\t\t\t\t\t\t<div class=\"elementor-element elementor-element-274853c elementor-widget elementor-widget-image\" data-id=\"274853c\" data-element_type=\"widget\" data-e-type=\"widget\" data-widget_type=\"image.default\">\n\t\t\t\t<div class=\"elementor-widget-container\">\n\t\t\t\t\t\t\t\t\t\t\t\t\t\t\t\t<a href=\"https:\/\/poolpak.com\/fr\/compak-pcp-serie-stakpak\/\">\n\t\t\t\t\t\t\t<img decoding=\"async\" width=\"300\" height=\"159\" src=\"https:\/\/poolpak.com\/wp-content\/uploads\/2024\/11\/pcp-stakpak-button-fr.jpg\" class=\"attachment-large size-large wp-image-8715\" alt=\"\" \/>\t\t\t\t\t\t\t\t<\/a>\n\t\t\t\t\t\t\t\t\t\t\t\t\t\t\t<\/div>\n\t\t\t\t<\/div>\n\t\t\t\t\t<\/div>\n\t\t<\/div>\n\t\t\t\t<div class=\"elementor-column elementor-col-50 elementor-inner-column elementor-element elementor-element-465a4ed\" data-id=\"465a4ed\" data-element_type=\"column\" data-e-type=\"column\">\n\t\t\t<div class=\"elementor-widget-wrap elementor-element-populated\">\n\t\t\t\t\t\t<div class=\"elementor-element elementor-element-13327ae elementor-widget elementor-widget-text-editor\" data-id=\"13327ae\" data-element_type=\"widget\" data-e-type=\"widget\" data-widget_type=\"text-editor.default\">\n\t\t\t\t<div class=\"elementor-widget-container\">\n\t\t\t\t\t\t\t\t\t<ul>\n<li>Capacit\u00e9s MRC de 45 \u00e0 200 lbs\/hr<\/li>\n<li>Alimentation en air de 2 600 \u00e0 13 000 PCM<\/li>\n<li>Les mod\u00e8les 1414 \u00e0 2626 passent par une porte de 32 \u00bb et fournissent jusqu&rsquo;\u00e0 6 800 PCM et 79 lb\/h. MRC<\/li>\n<li>Les installations s\u00e9par\u00e9es ne n\u00e9cessitent rien de plus qu&rsquo;un faisceau de c\u00e2bles pour les connecter.<\/li>\n<\/ul>\n\t\t\t\t\t\t\t\t<\/div>\n\t\t\t\t<\/div>\n\t\t\t\t\t<\/div>\n\t\t<\/div>\n\t\t\t\t\t<\/div>\n\t\t<\/section>\n\t\t\t\t\t<\/div>\n\t\t<\/div>\n\t\t\t\t\t<\/div>\n\t\t<\/section>\n\t\t\t\t<section class=\"elementor-section elementor-top-section elementor-element elementor-element-16ab268 elementor-section-boxed elementor-section-height-default elementor-section-height-default\" data-id=\"16ab268\" data-element_type=\"section\" data-e-type=\"section\">\n\t\t\t\t\t\t<div class=\"elementor-container elementor-column-gap-default\">\n\t\t\t\t\t<div class=\"elementor-column elementor-col-100 elementor-top-column elementor-element elementor-element-d6b5c97\" data-id=\"d6b5c97\" data-element_type=\"column\" data-e-type=\"column\">\n\t\t\t<div class=\"elementor-widget-wrap\">\n\t\t\t\t\t\t\t<\/div>\n\t\t<\/div>\n\t\t\t\t\t<\/div>\n\t\t<\/section>\n\t\t\t\t<\/div>\n\t\t","protected":false},"excerpt":{"rendered":"<p>Piscines Commerciales Les applications typiques incluent les YMCA, les municipalit\u00e9s, les centres athl\u00e9tiques, r\u00e9cr\u00e9atifs et de remise en forme. Les grands natatoriums, comme ceux utilis\u00e9s pour les comp\u00e9titions de natation, peuvent avoir une surface de 10 000 pieds carr\u00e9s ou plus. Les parcs aquatiques sont une cat\u00e9gorie de piscines plus r\u00e9cente et se distinguent par &#8230; <a title=\"Piscines Commerciales\" class=\"read-more\" href=\"https:\/\/poolpak.com\/fr\/piscines-commerciales\/\" aria-label=\"En savoir plus sur Piscines Commerciales\">Lire plus<\/a><\/p>\n","protected":false},"author":1,"featured_media":0,"parent":0,"menu_order":0,"comment_status":"closed","ping_status":"closed","template":"elementor_header_footer","meta":{"footnotes":""},"class_list":["post-8585","page","type-page","status-publish"],"yoast_head":"<!-- This site is optimized with the Yoast SEO plugin v27.1.1 - https:\/\/yoast.com\/product\/yoast-seo-wordpress\/ -->\n<title>Piscines Commerciales - PoolPak<\/title>\n<meta name=\"robots\" content=\"index, follow, max-snippet:-1, max-image-preview:large, max-video-preview:-1\" \/>\n<link rel=\"canonical\" href=\"https:\/\/poolpak.com\/fr\/piscines-commerciales\/\" \/>\n<meta property=\"og:locale\" content=\"fr_FR\" \/>\n<meta property=\"og:type\" content=\"article\" \/>\n<meta property=\"og:title\" content=\"Piscines Commerciales - PoolPak\" \/>\n<meta property=\"og:description\" content=\"Piscines Commerciales Les applications typiques incluent les YMCA, les municipalit\u00e9s, les centres athl\u00e9tiques, r\u00e9cr\u00e9atifs et de remise en forme. Les grands natatoriums, comme ceux utilis\u00e9s pour les comp\u00e9titions de natation, peuvent avoir une surface de 10 000 pieds carr\u00e9s ou plus. Les parcs aquatiques sont une cat\u00e9gorie de piscines plus r\u00e9cente et se distinguent par ... Lire plus\" \/>\n<meta property=\"og:url\" content=\"https:\/\/poolpak.com\/fr\/piscines-commerciales\/\" \/>\n<meta property=\"og:site_name\" content=\"PoolPak\" \/>\n<meta property=\"article:modified_time\" content=\"2024-11-22T18:37:28+00:00\" \/>\n<meta property=\"og:image\" content=\"https:\/\/poolpak.com\/wp-content\/uploads\/2024\/11\/residential-pools-21.png\" \/>\n\t<meta property=\"og:image:width\" content=\"1366\" \/>\n\t<meta property=\"og:image:height\" content=\"397\" \/>\n\t<meta property=\"og:image:type\" content=\"image\/png\" \/>\n<meta name=\"twitter:card\" content=\"summary_large_image\" \/>\n<meta name=\"twitter:label1\" content=\"Dur\u00e9e de lecture estim\u00e9e\" \/>\n\t<meta name=\"twitter:data1\" content=\"3 minutes\" \/>\n<script type=\"application\/ld+json\" class=\"yoast-schema-graph\">{\"@context\":\"https:\/\/schema.org\",\"@graph\":[{\"@type\":\"WebPage\",\"@id\":\"https:\/\/poolpak.com\/fr\/piscines-commerciales\/\",\"url\":\"https:\/\/poolpak.com\/fr\/piscines-commerciales\/\",\"name\":\"Piscines Commerciales - PoolPak\",\"isPartOf\":{\"@id\":\"https:\/\/poolpak.com\/fr\/#website\"},\"primaryImageOfPage\":{\"@id\":\"https:\/\/poolpak.com\/fr\/piscines-commerciales\/#primaryimage\"},\"image\":{\"@id\":\"https:\/\/poolpak.com\/fr\/piscines-commerciales\/#primaryimage\"},\"thumbnailUrl\":\"https:\/\/poolpak.com\/wp-content\/uploads\/2024\/11\/residential-pools-21-1024x298.png\",\"datePublished\":\"2020-09-15T16:41:23+00:00\",\"dateModified\":\"2024-11-22T18:37:28+00:00\",\"breadcrumb\":{\"@id\":\"https:\/\/poolpak.com\/fr\/piscines-commerciales\/#breadcrumb\"},\"inLanguage\":\"fr-FR\",\"potentialAction\":[{\"@type\":\"ReadAction\",\"target\":[\"https:\/\/poolpak.com\/fr\/piscines-commerciales\/\"]}]},{\"@type\":\"ImageObject\",\"inLanguage\":\"fr-FR\",\"@id\":\"https:\/\/poolpak.com\/fr\/piscines-commerciales\/#primaryimage\",\"url\":\"https:\/\/poolpak.com\/wp-content\/uploads\/2024\/11\/residential-pools-21-1024x298.png\",\"contentUrl\":\"https:\/\/poolpak.com\/wp-content\/uploads\/2024\/11\/residential-pools-21-1024x298.png\"},{\"@type\":\"BreadcrumbList\",\"@id\":\"https:\/\/poolpak.com\/fr\/piscines-commerciales\/#breadcrumb\",\"itemListElement\":[{\"@type\":\"ListItem\",\"position\":1,\"name\":\"Home\",\"item\":\"https:\/\/poolpak.com\/fr\/\"},{\"@type\":\"ListItem\",\"position\":2,\"name\":\"Piscines Commerciales\"}]},{\"@type\":\"WebSite\",\"@id\":\"https:\/\/poolpak.com\/fr\/#website\",\"url\":\"https:\/\/poolpak.com\/fr\/\",\"name\":\"PoolPak\",\"description\":\"Dehumidification That Works\",\"publisher\":{\"@id\":\"https:\/\/poolpak.com\/fr\/#organization\"},\"potentialAction\":[{\"@type\":\"SearchAction\",\"target\":{\"@type\":\"EntryPoint\",\"urlTemplate\":\"https:\/\/poolpak.com\/fr\/?s={search_term_string}\"},\"query-input\":{\"@type\":\"PropertyValueSpecification\",\"valueRequired\":true,\"valueName\":\"search_term_string\"}}],\"inLanguage\":\"fr-FR\"},{\"@type\":\"Organization\",\"@id\":\"https:\/\/poolpak.com\/fr\/#organization\",\"name\":\"PoolPak\",\"url\":\"https:\/\/poolpak.com\/fr\/\",\"logo\":{\"@type\":\"ImageObject\",\"inLanguage\":\"fr-FR\",\"@id\":\"https:\/\/poolpak.com\/fr\/#\/schema\/logo\/image\/\",\"url\":\"https:\/\/poolpak.com\/wp-content\/uploads\/2020\/03\/poolpak-logo.svg\",\"contentUrl\":\"https:\/\/poolpak.com\/wp-content\/uploads\/2020\/03\/poolpak-logo.svg\",\"caption\":\"PoolPak\"},\"image\":{\"@id\":\"https:\/\/poolpak.com\/fr\/#\/schema\/logo\/image\/\"}}]}<\/script>\n<!-- \/ Yoast SEO plugin. -->","yoast_head_json":{"title":"Piscines Commerciales - PoolPak","robots":{"index":"index","follow":"follow","max-snippet":"max-snippet:-1","max-image-preview":"max-image-preview:large","max-video-preview":"max-video-preview:-1"},"canonical":"https:\/\/poolpak.com\/fr\/piscines-commerciales\/","og_locale":"fr_FR","og_type":"article","og_title":"Piscines Commerciales - PoolPak","og_description":"Piscines Commerciales Les applications typiques incluent les YMCA, les municipalit\u00e9s, les centres athl\u00e9tiques, r\u00e9cr\u00e9atifs et de remise en forme. Les grands natatoriums, comme ceux utilis\u00e9s pour les comp\u00e9titions de natation, peuvent avoir une surface de 10 000 pieds carr\u00e9s ou plus. Les parcs aquatiques sont une cat\u00e9gorie de piscines plus r\u00e9cente et se distinguent par ... Lire plus","og_url":"https:\/\/poolpak.com\/fr\/piscines-commerciales\/","og_site_name":"PoolPak","article_modified_time":"2024-11-22T18:37:28+00:00","og_image":[{"width":1366,"height":397,"url":"https:\/\/poolpak.com\/wp-content\/uploads\/2024\/11\/residential-pools-21.png","type":"image\/png"}],"twitter_card":"summary_large_image","twitter_misc":{"Dur\u00e9e de lecture estim\u00e9e":"3 minutes"},"schema":{"@context":"https:\/\/schema.org","@graph":[{"@type":"WebPage","@id":"https:\/\/poolpak.com\/fr\/piscines-commerciales\/","url":"https:\/\/poolpak.com\/fr\/piscines-commerciales\/","name":"Piscines Commerciales - PoolPak","isPartOf":{"@id":"https:\/\/poolpak.com\/fr\/#website"},"primaryImageOfPage":{"@id":"https:\/\/poolpak.com\/fr\/piscines-commerciales\/#primaryimage"},"image":{"@id":"https:\/\/poolpak.com\/fr\/piscines-commerciales\/#primaryimage"},"thumbnailUrl":"https:\/\/poolpak.com\/wp-content\/uploads\/2024\/11\/residential-pools-21-1024x298.png","datePublished":"2020-09-15T16:41:23+00:00","dateModified":"2024-11-22T18:37:28+00:00","breadcrumb":{"@id":"https:\/\/poolpak.com\/fr\/piscines-commerciales\/#breadcrumb"},"inLanguage":"fr-FR","potentialAction":[{"@type":"ReadAction","target":["https:\/\/poolpak.com\/fr\/piscines-commerciales\/"]}]},{"@type":"ImageObject","inLanguage":"fr-FR","@id":"https:\/\/poolpak.com\/fr\/piscines-commerciales\/#primaryimage","url":"https:\/\/poolpak.com\/wp-content\/uploads\/2024\/11\/residential-pools-21-1024x298.png","contentUrl":"https:\/\/poolpak.com\/wp-content\/uploads\/2024\/11\/residential-pools-21-1024x298.png"},{"@type":"BreadcrumbList","@id":"https:\/\/poolpak.com\/fr\/piscines-commerciales\/#breadcrumb","itemListElement":[{"@type":"ListItem","position":1,"name":"Home","item":"https:\/\/poolpak.com\/fr\/"},{"@type":"ListItem","position":2,"name":"Piscines Commerciales"}]},{"@type":"WebSite","@id":"https:\/\/poolpak.com\/fr\/#website","url":"https:\/\/poolpak.com\/fr\/","name":"PoolPak","description":"Dehumidification That Works","publisher":{"@id":"https:\/\/poolpak.com\/fr\/#organization"},"potentialAction":[{"@type":"SearchAction","target":{"@type":"EntryPoint","urlTemplate":"https:\/\/poolpak.com\/fr\/?s={search_term_string}"},"query-input":{"@type":"PropertyValueSpecification","valueRequired":true,"valueName":"search_term_string"}}],"inLanguage":"fr-FR"},{"@type":"Organization","@id":"https:\/\/poolpak.com\/fr\/#organization","name":"PoolPak","url":"https:\/\/poolpak.com\/fr\/","logo":{"@type":"ImageObject","inLanguage":"fr-FR","@id":"https:\/\/poolpak.com\/fr\/#\/schema\/logo\/image\/","url":"https:\/\/poolpak.com\/wp-content\/uploads\/2020\/03\/poolpak-logo.svg","contentUrl":"https:\/\/poolpak.com\/wp-content\/uploads\/2020\/03\/poolpak-logo.svg","caption":"PoolPak"},"image":{"@id":"https:\/\/poolpak.com\/fr\/#\/schema\/logo\/image\/"}}]}},"_links":{"self":[{"href":"https:\/\/poolpak.com\/fr\/wp-json\/wp\/v2\/pages\/8585","targetHints":{"allow":["GET"]}}],"collection":[{"href":"https:\/\/poolpak.com\/fr\/wp-json\/wp\/v2\/pages"}],"about":[{"href":"https:\/\/poolpak.com\/fr\/wp-json\/wp\/v2\/types\/page"}],"author":[{"embeddable":true,"href":"https:\/\/poolpak.com\/fr\/wp-json\/wp\/v2\/users\/1"}],"replies":[{"embeddable":true,"href":"https:\/\/poolpak.com\/fr\/wp-json\/wp\/v2\/comments?post=8585"}],"version-history":[{"count":7,"href":"https:\/\/poolpak.com\/fr\/wp-json\/wp\/v2\/pages\/8585\/revisions"}],"predecessor-version":[{"id":8734,"href":"https:\/\/poolpak.com\/fr\/wp-json\/wp\/v2\/pages\/8585\/revisions\/8734"}],"wp:attachment":[{"href":"https:\/\/poolpak.com\/fr\/wp-json\/wp\/v2\/media?parent=8585"}],"curies":[{"name":"wp","href":"https:\/\/api.w.org\/{rel}","templated":true}]}}