{"id":8591,"date":"2020-09-15T23:09:49","date_gmt":"2020-09-15T23:09:49","guid":{"rendered":"https:\/\/poolpak.com\/piscines-de-sante-et-de-bien-etre\/"},"modified":"2024-11-22T18:34:04","modified_gmt":"2024-11-22T18:34:04","slug":"piscines-de-sante-et-de-bien-etre","status":"publish","type":"page","link":"https:\/\/poolpak.com\/fr\/piscines-de-sante-et-de-bien-etre\/","title":{"rendered":"Piscines de Sant\u00e9 et de Bien-\u00catre"},"content":{"rendered":"\t\t<div data-elementor-type=\"wp-page\" data-elementor-id=\"8591\" class=\"elementor elementor-8591 elementor-320\" data-elementor-post-type=\"page\">\n\t\t\t\t\t\t<section class=\"elementor-section elementor-top-section elementor-element elementor-element-555636f elementor-section-boxed elementor-section-height-default elementor-section-height-default\" data-id=\"555636f\" data-element_type=\"section\" data-e-type=\"section\">\n\t\t\t\t\t\t<div class=\"elementor-container elementor-column-gap-default\">\n\t\t\t\t\t<div class=\"elementor-column elementor-col-100 elementor-top-column elementor-element elementor-element-2127ce0\" data-id=\"2127ce0\" data-element_type=\"column\" data-e-type=\"column\">\n\t\t\t<div class=\"elementor-widget-wrap elementor-element-populated\">\n\t\t\t\t\t\t<div class=\"elementor-element elementor-element-c2c3927 elementor-invisible elementor-widget elementor-widget-image\" data-id=\"c2c3927\" data-element_type=\"widget\" data-e-type=\"widget\" data-settings=\"{&quot;_animation&quot;:&quot;fadeIn&quot;}\" data-widget_type=\"image.default\">\n\t\t\t\t<div class=\"elementor-widget-container\">\n\t\t\t\t\t\t\t\t\t\t\t\t\t\t\t<img fetchpriority=\"high\" decoding=\"async\" width=\"900\" height=\"262\" src=\"https:\/\/poolpak.com\/wp-content\/uploads\/2024\/11\/residential-pools-19-1024x298.png\" class=\"attachment-large size-large wp-image-8701\" alt=\"\" srcset=\"https:\/\/poolpak.com\/wp-content\/uploads\/2024\/11\/residential-pools-19-1024x298.png 1024w, https:\/\/poolpak.com\/wp-content\/uploads\/2024\/11\/residential-pools-19-300x87.png 300w, https:\/\/poolpak.com\/wp-content\/uploads\/2024\/11\/residential-pools-19-768x223.png 768w, https:\/\/poolpak.com\/wp-content\/uploads\/2024\/11\/residential-pools-19.png 1366w\" sizes=\"(max-width: 900px) 100vw, 900px\" \/>\t\t\t\t\t\t\t\t\t\t\t\t\t\t\t<\/div>\n\t\t\t\t<\/div>\n\t\t\t\t<div class=\"elementor-element elementor-element-5423464 elementor-widget elementor-widget-heading\" data-id=\"5423464\" data-element_type=\"widget\" data-e-type=\"widget\" data-widget_type=\"heading.default\">\n\t\t\t\t<div class=\"elementor-widget-container\">\n\t\t\t\t\t<h1 class=\"elementor-heading-title elementor-size-default\">Piscines de Sant\u00e9 et de Bien-\u00catre <\/h1>\t\t\t\t<\/div>\n\t\t\t\t<\/div>\n\t\t\t\t\t<\/div>\n\t\t<\/div>\n\t\t\t\t\t<\/div>\n\t\t<\/section>\n\t\t\t\t<section class=\"elementor-section elementor-top-section elementor-element elementor-element-5e7669f elementor-section-boxed elementor-section-height-default elementor-section-height-default\" data-id=\"5e7669f\" data-element_type=\"section\" data-e-type=\"section\">\n\t\t\t\t\t\t<div class=\"elementor-container elementor-column-gap-default\">\n\t\t\t\t\t<div class=\"elementor-column elementor-col-100 elementor-top-column elementor-element elementor-element-e6313d6\" data-id=\"e6313d6\" data-element_type=\"column\" data-e-type=\"column\">\n\t\t\t<div class=\"elementor-widget-wrap elementor-element-populated\">\n\t\t\t\t\t\t<div class=\"elementor-element elementor-element-aa3e882 elementor-widget elementor-widget-text-editor\" data-id=\"aa3e882\" data-element_type=\"widget\" data-e-type=\"widget\" data-widget_type=\"text-editor.default\">\n\t\t\t\t<div class=\"elementor-widget-container\">\n\t\t\t\t\t\t\t\t\t<p>La tendance croissante de la th\u00e9rapie aquatique a cr\u00e9\u00e9 une \u00e9norme croissance des centres de sant\u00e9 utilisant des saunas, des bains \u00e0 remous et des piscines int\u00e9rieures. Ces environnements \u00e0 forte humidit\u00e9 n\u00e9cessitent une d\u00e9shumidification pour contr\u00f4ler l&rsquo;humidit\u00e9 afin d&rsquo;assurer le confort des patients et de prot\u00e9ger l&rsquo;enceinte des effets corrosifs de la condensation.<br \/>La diff\u00e9rence avec les piscines commerciales l\u00e9g\u00e8res est que les temp\u00e9ratures de l&rsquo;eau et de l&rsquo;espace dans les piscines th\u00e9rapeutiques sont g\u00e9n\u00e9ralement plus \u00e9lev\u00e9es. Avec des temp\u00e9ratures avoisinant les 90\u00b0F, les taux d&rsquo;\u00e9vaporation sont beaucoup plus \u00e9lev\u00e9s que dans une piscine commerciale dont la temp\u00e9rature avoisine les 83\u00b0F. En plus, les centres de sant\u00e9 et de th\u00e9rapie comprennent des spas et des bassins de sant\u00e9 sp\u00e9ciaux qui augmentent encore le taux de d\u00e9shumidification.<br \/>La gestion de l&rsquo;humidit\u00e9 relative \u00e9lev\u00e9e est tr\u00e8s importante dans ces \u00e9tablissements, car elle rend la respiration plus difficile, ce qui entra\u00eene un inconfort pour les occupants. De plus, les affections respiratoires telles que le poumon du nageur constituent un risque pour la sant\u00e9 du personnel th\u00e9rapeutique.<br \/>Le syst\u00e8me de d\u00e9shumidification ComPak\u00ae est id\u00e9al pour les applications \u00e0 forte humidit\u00e9. Malgr\u00e9 sa petite taille, le ComPak\u00ae g\u00e8re efficacement un niveau d&rsquo;humidit\u00e9 souhaitable de 60 % HR, m\u00eame avec des taux d&rsquo;\u00e9vaporation plus \u00e9lev\u00e9s. Le ComPak\u00ae recycle l&rsquo;\u00e9nergie dans l&rsquo;espace\/l&rsquo;eau, ce qui r\u00e9duit le besoin de chauffage auxiliaire et permet d&rsquo;\u00e9conomiser des milliers de dollars par an.<\/p>\t\t\t\t\t\t\t\t<\/div>\n\t\t\t\t<\/div>\n\t\t\t\t<div class=\"elementor-element elementor-element-e048d71 elementor-widget elementor-widget-heading\" data-id=\"e048d71\" data-element_type=\"widget\" data-e-type=\"widget\" data-widget_type=\"heading.default\">\n\t\t\t\t<div class=\"elementor-widget-container\">\n\t\t\t\t\t<h2 class=\"elementor-heading-title elementor-size-default\">Les syst\u00e8mes recommand\u00e9s<\/h2>\t\t\t\t<\/div>\n\t\t\t\t<\/div>\n\t\t\t\t<div class=\"elementor-element elementor-element-a2d43ac elementor-widget elementor-widget-heading\" data-id=\"a2d43ac\" data-element_type=\"widget\" data-e-type=\"widget\" data-widget_type=\"heading.default\">\n\t\t\t\t<div class=\"elementor-widget-container\">\n\t\t\t\t\t<h4 class=\"elementor-heading-title elementor-size-default\"><b>S\u00e9rie ComPak\u00ae PCP - Horizontale et verticale<\/b><\/h4>\t\t\t\t<\/div>\n\t\t\t\t<\/div>\n\t\t\t\t\t<\/div>\n\t\t<\/div>\n\t\t\t\t\t<\/div>\n\t\t<\/section>\n\t\t\t\t<section class=\"elementor-section elementor-top-section elementor-element elementor-element-6ca32e0 elementor-section-boxed elementor-section-height-default elementor-section-height-default\" data-id=\"6ca32e0\" data-element_type=\"section\" data-e-type=\"section\">\n\t\t\t\t\t\t<div class=\"elementor-container elementor-column-gap-default\">\n\t\t\t\t\t<div class=\"elementor-column elementor-col-100 elementor-top-column elementor-element elementor-element-024e65d\" data-id=\"024e65d\" data-element_type=\"column\" data-e-type=\"column\">\n\t\t\t<div class=\"elementor-widget-wrap elementor-element-populated\">\n\t\t\t\t\t\t<section class=\"elementor-section elementor-inner-section elementor-element elementor-element-0f371b0 elementor-section-boxed elementor-section-height-default elementor-section-height-default\" data-id=\"0f371b0\" data-element_type=\"section\" data-e-type=\"section\">\n\t\t\t\t\t\t<div class=\"elementor-container elementor-column-gap-no\">\n\t\t\t\t\t<div class=\"elementor-column elementor-col-50 elementor-inner-column elementor-element elementor-element-ee7dec3\" data-id=\"ee7dec3\" data-element_type=\"column\" data-e-type=\"column\">\n\t\t\t<div class=\"elementor-widget-wrap elementor-element-populated\">\n\t\t\t\t\t\t<div class=\"elementor-element elementor-element-ac3806e elementor-widget elementor-widget-image\" data-id=\"ac3806e\" data-element_type=\"widget\" data-e-type=\"widget\" data-widget_type=\"image.default\">\n\t\t\t\t<div class=\"elementor-widget-container\">\n\t\t\t\t\t\t\t\t\t\t\t\t\t\t\t\t<a href=\"https:\/\/poolpak.com\/fr\/serie-compak-pcp-horizontale-et-verticale\/\">\n\t\t\t\t\t\t\t<img decoding=\"async\" width=\"300\" height=\"159\" src=\"https:\/\/poolpak.com\/wp-content\/uploads\/2024\/11\/pcp-horizontal-vertical-button-fr.jpg\" class=\"attachment-large size-large wp-image-8713\" alt=\"\" \/>\t\t\t\t\t\t\t\t<\/a>\n\t\t\t\t\t\t\t\t\t\t\t\t\t\t\t<\/div>\n\t\t\t\t<\/div>\n\t\t\t\t\t<\/div>\n\t\t<\/div>\n\t\t\t\t<div class=\"elementor-column elementor-col-50 elementor-inner-column elementor-element elementor-element-31c395a\" data-id=\"31c395a\" data-element_type=\"column\" data-e-type=\"column\">\n\t\t\t<div class=\"elementor-widget-wrap elementor-element-populated\">\n\t\t\t\t\t\t<div class=\"elementor-element elementor-element-9b72a3d elementor-widget elementor-widget-text-editor\" data-id=\"9b72a3d\" data-element_type=\"widget\" data-e-type=\"widget\" data-widget_type=\"text-editor.default\">\n\t\t\t\t<div class=\"elementor-widget-container\">\n\t\t\t\t\t\t\t\t\t<ul>\n<li>Faible encombrement, technologie de d\u00e9shumidification ultra-efficace<\/li>\n<li>Capacit\u00e9s de 2 \u00e0 16 tonnes<\/li>\n<li>Alimentation en air de 550 \u00e0 8 000 CFM<\/li>\n<li>Les composants critiques sont prot\u00e9g\u00e9s en dehors du flux d&rsquo;air corrosif.<\/li>\n<\/ul>\n\t\t\t\t\t\t\t\t<\/div>\n\t\t\t\t<\/div>\n\t\t\t\t\t<\/div>\n\t\t<\/div>\n\t\t\t\t\t<\/div>\n\t\t<\/section>\n\t\t\t\t<div class=\"elementor-element elementor-element-c94ed84 elementor-widget elementor-widget-heading\" data-id=\"c94ed84\" data-element_type=\"widget\" data-e-type=\"widget\" data-widget_type=\"heading.default\">\n\t\t\t\t<div class=\"elementor-widget-container\">\n\t\t\t\t\t<h4 class=\"elementor-heading-title elementor-size-default\"><b>S\u00e9rie ComPak\u00ae StakPak<\/b><\/h4>\t\t\t\t<\/div>\n\t\t\t\t<\/div>\n\t\t\t\t\t<\/div>\n\t\t<\/div>\n\t\t\t\t\t<\/div>\n\t\t<\/section>\n\t\t\t\t<section class=\"elementor-section elementor-top-section elementor-element elementor-element-750f949 elementor-section-boxed elementor-section-height-default elementor-section-height-default\" data-id=\"750f949\" data-element_type=\"section\" data-e-type=\"section\">\n\t\t\t\t\t\t<div class=\"elementor-container elementor-column-gap-default\">\n\t\t\t\t\t<div class=\"elementor-column elementor-col-100 elementor-top-column elementor-element elementor-element-f9f2ec8\" data-id=\"f9f2ec8\" data-element_type=\"column\" data-e-type=\"column\">\n\t\t\t<div class=\"elementor-widget-wrap elementor-element-populated\">\n\t\t\t\t\t\t<section class=\"elementor-section elementor-inner-section elementor-element elementor-element-9c95ce8 elementor-section-boxed elementor-section-height-default elementor-section-height-default\" data-id=\"9c95ce8\" data-element_type=\"section\" data-e-type=\"section\">\n\t\t\t\t\t\t<div class=\"elementor-container elementor-column-gap-no\">\n\t\t\t\t\t<div class=\"elementor-column elementor-col-50 elementor-inner-column elementor-element elementor-element-f3868d5\" data-id=\"f3868d5\" data-element_type=\"column\" data-e-type=\"column\">\n\t\t\t<div class=\"elementor-widget-wrap elementor-element-populated\">\n\t\t\t\t\t\t<div class=\"elementor-element elementor-element-caae414 elementor-widget elementor-widget-image\" data-id=\"caae414\" data-element_type=\"widget\" data-e-type=\"widget\" data-widget_type=\"image.default\">\n\t\t\t\t<div class=\"elementor-widget-container\">\n\t\t\t\t\t\t\t\t\t\t\t\t\t\t\t\t<a href=\"https:\/\/poolpak.com\/fr\/compak-pcp-serie-stakpak\/\">\n\t\t\t\t\t\t\t<img decoding=\"async\" width=\"300\" height=\"159\" src=\"https:\/\/poolpak.com\/wp-content\/uploads\/2024\/11\/pcp-stakpak-button-fr.jpg\" class=\"attachment-large size-large wp-image-8715\" alt=\"\" \/>\t\t\t\t\t\t\t\t<\/a>\n\t\t\t\t\t\t\t\t\t\t\t\t\t\t\t<\/div>\n\t\t\t\t<\/div>\n\t\t\t\t\t<\/div>\n\t\t<\/div>\n\t\t\t\t<div class=\"elementor-column elementor-col-50 elementor-inner-column elementor-element elementor-element-9d8ed54\" data-id=\"9d8ed54\" data-element_type=\"column\" data-e-type=\"column\">\n\t\t\t<div class=\"elementor-widget-wrap elementor-element-populated\">\n\t\t\t\t\t\t<div class=\"elementor-element elementor-element-16c7788 elementor-widget elementor-widget-text-editor\" data-id=\"16c7788\" data-element_type=\"widget\" data-e-type=\"widget\" data-widget_type=\"text-editor.default\">\n\t\t\t\t<div class=\"elementor-widget-container\">\n\t\t\t\t\t\t\t\t\t<ul>\n<li>Capacit\u00e9s MRC de 45 \u00e0 200 lbs\/hr<\/li>\n<li>Alimentation en air de 2 600 \u00e0 13 000 PCM<\/li>\n<li>Technologie de d\u00e9shumidification ultra-efficace \u00e0 faible encombrement<\/li>\n<li>Les composants critiques sont prot\u00e9g\u00e9s en dehors du flux d&rsquo;air corrosif.<\/li>\n<\/ul>\n\t\t\t\t\t\t\t\t<\/div>\n\t\t\t\t<\/div>\n\t\t\t\t\t<\/div>\n\t\t<\/div>\n\t\t\t\t\t<\/div>\n\t\t<\/section>\n\t\t\t\t\t<\/div>\n\t\t<\/div>\n\t\t\t\t\t<\/div>\n\t\t<\/section>\n\t\t\t\t<section class=\"elementor-section elementor-top-section elementor-element elementor-element-5094ac2 elementor-section-boxed elementor-section-height-default elementor-section-height-default\" data-id=\"5094ac2\" data-element_type=\"section\" data-e-type=\"section\">\n\t\t\t\t\t\t<div class=\"elementor-container elementor-column-gap-default\">\n\t\t\t\t\t<div class=\"elementor-column elementor-col-100 elementor-top-column elementor-element elementor-element-982ee85\" data-id=\"982ee85\" data-element_type=\"column\" data-e-type=\"column\">\n\t\t\t<div class=\"elementor-widget-wrap elementor-element-populated\">\n\t\t\t\t\t\t<div class=\"elementor-element elementor-element-7bddc76 elementor-widget elementor-widget-spacer\" data-id=\"7bddc76\" data-element_type=\"widget\" data-e-type=\"widget\" data-widget_type=\"spacer.default\">\n\t\t\t\t<div class=\"elementor-widget-container\">\n\t\t\t\t\t\t\t<div class=\"elementor-spacer\">\n\t\t\t<div class=\"elementor-spacer-inner\"><\/div>\n\t\t<\/div>\n\t\t\t\t\t\t<\/div>\n\t\t\t\t<\/div>\n\t\t\t\t\t<\/div>\n\t\t<\/div>\n\t\t\t\t\t<\/div>\n\t\t<\/section>\n\t\t\t\t<\/div>\n\t\t","protected":false},"excerpt":{"rendered":"<p>Piscines de Sant\u00e9 et de Bien-\u00catre La tendance croissante de la th\u00e9rapie aquatique a cr\u00e9\u00e9 une \u00e9norme croissance des centres de sant\u00e9 utilisant des saunas, des bains \u00e0 remous et des piscines int\u00e9rieures. Ces environnements \u00e0 forte humidit\u00e9 n\u00e9cessitent une d\u00e9shumidification pour contr\u00f4ler l&rsquo;humidit\u00e9 afin d&rsquo;assurer le confort des patients et de prot\u00e9ger l&rsquo;enceinte des &#8230; <a title=\"Piscines de Sant\u00e9 et de Bien-\u00catre\" class=\"read-more\" href=\"https:\/\/poolpak.com\/fr\/piscines-de-sante-et-de-bien-etre\/\" aria-label=\"En savoir plus sur Piscines de Sant\u00e9 et de Bien-\u00catre\">Lire plus<\/a><\/p>\n","protected":false},"author":1,"featured_media":0,"parent":0,"menu_order":0,"comment_status":"closed","ping_status":"closed","template":"elementor_header_footer","meta":{"footnotes":""},"class_list":["post-8591","page","type-page","status-publish"],"yoast_head":"<!-- This site is optimized with the Yoast SEO plugin v27.1.1 - https:\/\/yoast.com\/product\/yoast-seo-wordpress\/ -->\n<title>Piscines de Sant\u00e9 et de Bien-\u00catre - PoolPak<\/title>\n<meta name=\"robots\" content=\"index, follow, max-snippet:-1, max-image-preview:large, max-video-preview:-1\" \/>\n<link rel=\"canonical\" href=\"https:\/\/poolpak.com\/fr\/piscines-de-sante-et-de-bien-etre\/\" \/>\n<meta property=\"og:locale\" content=\"fr_FR\" \/>\n<meta property=\"og:type\" content=\"article\" \/>\n<meta property=\"og:title\" content=\"Piscines de Sant\u00e9 et de Bien-\u00catre - PoolPak\" \/>\n<meta property=\"og:description\" content=\"Piscines de Sant\u00e9 et de Bien-\u00catre La tendance croissante de la th\u00e9rapie aquatique a cr\u00e9\u00e9 une \u00e9norme croissance des centres de sant\u00e9 utilisant des saunas, des bains \u00e0 remous et des piscines int\u00e9rieures. Ces environnements \u00e0 forte humidit\u00e9 n\u00e9cessitent une d\u00e9shumidification pour contr\u00f4ler l&rsquo;humidit\u00e9 afin d&rsquo;assurer le confort des patients et de prot\u00e9ger l&rsquo;enceinte des ... Lire plus\" \/>\n<meta property=\"og:url\" content=\"https:\/\/poolpak.com\/fr\/piscines-de-sante-et-de-bien-etre\/\" \/>\n<meta property=\"og:site_name\" content=\"PoolPak\" \/>\n<meta property=\"article:modified_time\" content=\"2024-11-22T18:34:04+00:00\" \/>\n<meta property=\"og:image\" content=\"https:\/\/poolpak.com\/wp-content\/uploads\/2024\/11\/residential-pools-19.png\" \/>\n\t<meta property=\"og:image:width\" content=\"1366\" \/>\n\t<meta property=\"og:image:height\" content=\"397\" \/>\n\t<meta property=\"og:image:type\" content=\"image\/png\" \/>\n<meta name=\"twitter:card\" content=\"summary_large_image\" \/>\n<meta name=\"twitter:label1\" content=\"Dur\u00e9e de lecture estim\u00e9e\" \/>\n\t<meta name=\"twitter:data1\" content=\"3 minutes\" \/>\n<script type=\"application\/ld+json\" class=\"yoast-schema-graph\">{\"@context\":\"https:\/\/schema.org\",\"@graph\":[{\"@type\":\"WebPage\",\"@id\":\"https:\/\/poolpak.com\/fr\/piscines-de-sante-et-de-bien-etre\/\",\"url\":\"https:\/\/poolpak.com\/fr\/piscines-de-sante-et-de-bien-etre\/\",\"name\":\"Piscines de Sant\u00e9 et de Bien-\u00catre - PoolPak\",\"isPartOf\":{\"@id\":\"https:\/\/poolpak.com\/fr\/#website\"},\"primaryImageOfPage\":{\"@id\":\"https:\/\/poolpak.com\/fr\/piscines-de-sante-et-de-bien-etre\/#primaryimage\"},\"image\":{\"@id\":\"https:\/\/poolpak.com\/fr\/piscines-de-sante-et-de-bien-etre\/#primaryimage\"},\"thumbnailUrl\":\"https:\/\/poolpak.com\/wp-content\/uploads\/2024\/11\/residential-pools-19-1024x298.png\",\"datePublished\":\"2020-09-15T23:09:49+00:00\",\"dateModified\":\"2024-11-22T18:34:04+00:00\",\"breadcrumb\":{\"@id\":\"https:\/\/poolpak.com\/fr\/piscines-de-sante-et-de-bien-etre\/#breadcrumb\"},\"inLanguage\":\"fr-FR\",\"potentialAction\":[{\"@type\":\"ReadAction\",\"target\":[\"https:\/\/poolpak.com\/fr\/piscines-de-sante-et-de-bien-etre\/\"]}]},{\"@type\":\"ImageObject\",\"inLanguage\":\"fr-FR\",\"@id\":\"https:\/\/poolpak.com\/fr\/piscines-de-sante-et-de-bien-etre\/#primaryimage\",\"url\":\"https:\/\/poolpak.com\/wp-content\/uploads\/2024\/11\/residential-pools-19-1024x298.png\",\"contentUrl\":\"https:\/\/poolpak.com\/wp-content\/uploads\/2024\/11\/residential-pools-19-1024x298.png\"},{\"@type\":\"BreadcrumbList\",\"@id\":\"https:\/\/poolpak.com\/fr\/piscines-de-sante-et-de-bien-etre\/#breadcrumb\",\"itemListElement\":[{\"@type\":\"ListItem\",\"position\":1,\"name\":\"Home\",\"item\":\"https:\/\/poolpak.com\/fr\/\"},{\"@type\":\"ListItem\",\"position\":2,\"name\":\"Piscines de Sant\u00e9 et de Bien-\u00catre\"}]},{\"@type\":\"WebSite\",\"@id\":\"https:\/\/poolpak.com\/fr\/#website\",\"url\":\"https:\/\/poolpak.com\/fr\/\",\"name\":\"PoolPak\",\"description\":\"Dehumidification That Works\",\"publisher\":{\"@id\":\"https:\/\/poolpak.com\/fr\/#organization\"},\"potentialAction\":[{\"@type\":\"SearchAction\",\"target\":{\"@type\":\"EntryPoint\",\"urlTemplate\":\"https:\/\/poolpak.com\/fr\/?s={search_term_string}\"},\"query-input\":{\"@type\":\"PropertyValueSpecification\",\"valueRequired\":true,\"valueName\":\"search_term_string\"}}],\"inLanguage\":\"fr-FR\"},{\"@type\":\"Organization\",\"@id\":\"https:\/\/poolpak.com\/fr\/#organization\",\"name\":\"PoolPak\",\"url\":\"https:\/\/poolpak.com\/fr\/\",\"logo\":{\"@type\":\"ImageObject\",\"inLanguage\":\"fr-FR\",\"@id\":\"https:\/\/poolpak.com\/fr\/#\/schema\/logo\/image\/\",\"url\":\"https:\/\/poolpak.com\/wp-content\/uploads\/2020\/03\/poolpak-logo.svg\",\"contentUrl\":\"https:\/\/poolpak.com\/wp-content\/uploads\/2020\/03\/poolpak-logo.svg\",\"caption\":\"PoolPak\"},\"image\":{\"@id\":\"https:\/\/poolpak.com\/fr\/#\/schema\/logo\/image\/\"}}]}<\/script>\n<!-- \/ Yoast SEO plugin. -->","yoast_head_json":{"title":"Piscines de Sant\u00e9 et de Bien-\u00catre - PoolPak","robots":{"index":"index","follow":"follow","max-snippet":"max-snippet:-1","max-image-preview":"max-image-preview:large","max-video-preview":"max-video-preview:-1"},"canonical":"https:\/\/poolpak.com\/fr\/piscines-de-sante-et-de-bien-etre\/","og_locale":"fr_FR","og_type":"article","og_title":"Piscines de Sant\u00e9 et de Bien-\u00catre - PoolPak","og_description":"Piscines de Sant\u00e9 et de Bien-\u00catre La tendance croissante de la th\u00e9rapie aquatique a cr\u00e9\u00e9 une \u00e9norme croissance des centres de sant\u00e9 utilisant des saunas, des bains \u00e0 remous et des piscines int\u00e9rieures. Ces environnements \u00e0 forte humidit\u00e9 n\u00e9cessitent une d\u00e9shumidification pour contr\u00f4ler l&rsquo;humidit\u00e9 afin d&rsquo;assurer le confort des patients et de prot\u00e9ger l&rsquo;enceinte des ... Lire plus","og_url":"https:\/\/poolpak.com\/fr\/piscines-de-sante-et-de-bien-etre\/","og_site_name":"PoolPak","article_modified_time":"2024-11-22T18:34:04+00:00","og_image":[{"width":1366,"height":397,"url":"https:\/\/poolpak.com\/wp-content\/uploads\/2024\/11\/residential-pools-19.png","type":"image\/png"}],"twitter_card":"summary_large_image","twitter_misc":{"Dur\u00e9e de lecture estim\u00e9e":"3 minutes"},"schema":{"@context":"https:\/\/schema.org","@graph":[{"@type":"WebPage","@id":"https:\/\/poolpak.com\/fr\/piscines-de-sante-et-de-bien-etre\/","url":"https:\/\/poolpak.com\/fr\/piscines-de-sante-et-de-bien-etre\/","name":"Piscines de Sant\u00e9 et de Bien-\u00catre - PoolPak","isPartOf":{"@id":"https:\/\/poolpak.com\/fr\/#website"},"primaryImageOfPage":{"@id":"https:\/\/poolpak.com\/fr\/piscines-de-sante-et-de-bien-etre\/#primaryimage"},"image":{"@id":"https:\/\/poolpak.com\/fr\/piscines-de-sante-et-de-bien-etre\/#primaryimage"},"thumbnailUrl":"https:\/\/poolpak.com\/wp-content\/uploads\/2024\/11\/residential-pools-19-1024x298.png","datePublished":"2020-09-15T23:09:49+00:00","dateModified":"2024-11-22T18:34:04+00:00","breadcrumb":{"@id":"https:\/\/poolpak.com\/fr\/piscines-de-sante-et-de-bien-etre\/#breadcrumb"},"inLanguage":"fr-FR","potentialAction":[{"@type":"ReadAction","target":["https:\/\/poolpak.com\/fr\/piscines-de-sante-et-de-bien-etre\/"]}]},{"@type":"ImageObject","inLanguage":"fr-FR","@id":"https:\/\/poolpak.com\/fr\/piscines-de-sante-et-de-bien-etre\/#primaryimage","url":"https:\/\/poolpak.com\/wp-content\/uploads\/2024\/11\/residential-pools-19-1024x298.png","contentUrl":"https:\/\/poolpak.com\/wp-content\/uploads\/2024\/11\/residential-pools-19-1024x298.png"},{"@type":"BreadcrumbList","@id":"https:\/\/poolpak.com\/fr\/piscines-de-sante-et-de-bien-etre\/#breadcrumb","itemListElement":[{"@type":"ListItem","position":1,"name":"Home","item":"https:\/\/poolpak.com\/fr\/"},{"@type":"ListItem","position":2,"name":"Piscines de Sant\u00e9 et de Bien-\u00catre"}]},{"@type":"WebSite","@id":"https:\/\/poolpak.com\/fr\/#website","url":"https:\/\/poolpak.com\/fr\/","name":"PoolPak","description":"Dehumidification That Works","publisher":{"@id":"https:\/\/poolpak.com\/fr\/#organization"},"potentialAction":[{"@type":"SearchAction","target":{"@type":"EntryPoint","urlTemplate":"https:\/\/poolpak.com\/fr\/?s={search_term_string}"},"query-input":{"@type":"PropertyValueSpecification","valueRequired":true,"valueName":"search_term_string"}}],"inLanguage":"fr-FR"},{"@type":"Organization","@id":"https:\/\/poolpak.com\/fr\/#organization","name":"PoolPak","url":"https:\/\/poolpak.com\/fr\/","logo":{"@type":"ImageObject","inLanguage":"fr-FR","@id":"https:\/\/poolpak.com\/fr\/#\/schema\/logo\/image\/","url":"https:\/\/poolpak.com\/wp-content\/uploads\/2020\/03\/poolpak-logo.svg","contentUrl":"https:\/\/poolpak.com\/wp-content\/uploads\/2020\/03\/poolpak-logo.svg","caption":"PoolPak"},"image":{"@id":"https:\/\/poolpak.com\/fr\/#\/schema\/logo\/image\/"}}]}},"_links":{"self":[{"href":"https:\/\/poolpak.com\/fr\/wp-json\/wp\/v2\/pages\/8591","targetHints":{"allow":["GET"]}}],"collection":[{"href":"https:\/\/poolpak.com\/fr\/wp-json\/wp\/v2\/pages"}],"about":[{"href":"https:\/\/poolpak.com\/fr\/wp-json\/wp\/v2\/types\/page"}],"author":[{"embeddable":true,"href":"https:\/\/poolpak.com\/fr\/wp-json\/wp\/v2\/users\/1"}],"replies":[{"embeddable":true,"href":"https:\/\/poolpak.com\/fr\/wp-json\/wp\/v2\/comments?post=8591"}],"version-history":[{"count":7,"href":"https:\/\/poolpak.com\/fr\/wp-json\/wp\/v2\/pages\/8591\/revisions"}],"predecessor-version":[{"id":8725,"href":"https:\/\/poolpak.com\/fr\/wp-json\/wp\/v2\/pages\/8591\/revisions\/8725"}],"wp:attachment":[{"href":"https:\/\/poolpak.com\/fr\/wp-json\/wp\/v2\/media?parent=8591"}],"curies":[{"name":"wp","href":"https:\/\/api.w.org\/{rel}","templated":true}]}}