{"id":8595,"date":"2020-09-18T14:29:25","date_gmt":"2020-09-18T14:29:25","guid":{"rendered":"https:\/\/poolpak.com\/nos-produits\/"},"modified":"2025-06-09T19:45:17","modified_gmt":"2025-06-09T19:45:17","slug":"nos-produits","status":"publish","type":"page","link":"https:\/\/poolpak.com\/fr\/nos-produits\/","title":{"rendered":"Nos produits"},"content":{"rendered":"\t\t<div data-elementor-type=\"wp-page\" data-elementor-id=\"8595\" class=\"elementor elementor-8595 elementor-410\" data-elementor-post-type=\"page\">\n\t\t\t\t\t\t<section class=\"elementor-section elementor-top-section elementor-element elementor-element-555636f elementor-section-boxed elementor-section-height-default elementor-section-height-default\" data-id=\"555636f\" data-element_type=\"section\" data-e-type=\"section\">\n\t\t\t\t\t\t<div class=\"elementor-container elementor-column-gap-default\">\n\t\t\t\t\t<div class=\"elementor-column elementor-col-100 elementor-top-column elementor-element elementor-element-2127ce0\" data-id=\"2127ce0\" data-element_type=\"column\" data-e-type=\"column\">\n\t\t\t<div class=\"elementor-widget-wrap elementor-element-populated\">\n\t\t\t\t\t\t<section class=\"elementor-section elementor-inner-section elementor-element elementor-element-c6be1a7 elementor-section-boxed elementor-section-height-default elementor-section-height-default\" data-id=\"c6be1a7\" data-element_type=\"section\" data-e-type=\"section\">\n\t\t\t\t\t\t<div class=\"elementor-container elementor-column-gap-default\">\n\t\t\t\t\t<div class=\"elementor-column elementor-col-100 elementor-inner-column elementor-element elementor-element-d173433\" data-id=\"d173433\" data-element_type=\"column\" data-e-type=\"column\">\n\t\t\t<div class=\"elementor-widget-wrap elementor-element-populated\">\n\t\t\t\t\t\t<div class=\"elementor-element elementor-element-c2c3927 elementor-invisible elementor-widget elementor-widget-image\" data-id=\"c2c3927\" data-element_type=\"widget\" data-e-type=\"widget\" data-settings=\"{&quot;_animation&quot;:&quot;fadeIn&quot;}\" data-widget_type=\"image.default\">\n\t\t\t\t<div class=\"elementor-widget-container\">\n\t\t\t\t\t\t\t\t\t\t\t\t\t\t\t<img fetchpriority=\"high\" decoding=\"async\" width=\"900\" height=\"262\" src=\"https:\/\/poolpak.com\/wp-content\/uploads\/2024\/11\/residential-pools-4-1024x298.png\" class=\"attachment-large size-large wp-image-8598\" alt=\"\" srcset=\"https:\/\/poolpak.com\/wp-content\/uploads\/2024\/11\/residential-pools-4-1024x298.png 1024w, https:\/\/poolpak.com\/wp-content\/uploads\/2024\/11\/residential-pools-4-300x87.png 300w, https:\/\/poolpak.com\/wp-content\/uploads\/2024\/11\/residential-pools-4-768x223.png 768w, https:\/\/poolpak.com\/wp-content\/uploads\/2024\/11\/residential-pools-4.png 1366w\" sizes=\"(max-width: 900px) 100vw, 900px\" \/>\t\t\t\t\t\t\t\t\t\t\t\t\t\t\t<\/div>\n\t\t\t\t<\/div>\n\t\t\t\t<div class=\"elementor-element elementor-element-aa3e882 elementor-widget elementor-widget-text-editor\" data-id=\"aa3e882\" data-element_type=\"widget\" data-e-type=\"widget\" data-widget_type=\"text-editor.default\">\n\t\t\t\t<div class=\"elementor-widget-container\">\n\t\t\t\t\t\t\t\t\t<p>Apr\u00e8s plus de 40 ans sur le march\u00e9, PoolPak\u00ae s&rsquo;est b\u00e2ti une r\u00e9putation de fournisseur de produits de qualit\u00e9 qui r\u00e9solvent r\u00e9ellement les probl\u00e8mes de d\u00e9shumidification de ses clients. Les piscines int\u00e9rieures sont des environnements difficiles, tant pour les clients que pour les b\u00e2timents qui les abritent. Les produits chimiques de la piscine se combinent \u00e0 l&rsquo;humidit\u00e9 pour cr\u00e9er des probl\u00e8mes de sant\u00e9 et de s\u00e9curit\u00e9, ainsi qu&rsquo;un risque de dommages \u00e0 long terme pour les structures et les syst\u00e8mes de construction.<\/p><p>PoolPak\u00ae comprend mieux que quiconque l&rsquo;environnement des piscines. Nos ann\u00e9es d&rsquo;exp\u00e9rience dans le domaine de la d\u00e9shumidification nous ont permis de cr\u00e9er la gamme de produits la plus avanc\u00e9e et la plus vari\u00e9e du march\u00e9, afin d&rsquo;offrir des conditions optimales tout en maintenant les co\u00fbts d&rsquo;exploitation \u00e0 un niveau bas. Pour une d\u00e9shumidification fiable et efficace, le seul choix est PoolPak\u00ae.<\/p>\t\t\t\t\t\t\t\t<\/div>\n\t\t\t\t<\/div>\n\t\t\t\t<div class=\"elementor-element elementor-element-9a5cb0f elementor-widget elementor-widget-heading\" data-id=\"9a5cb0f\" data-element_type=\"widget\" data-e-type=\"widget\" data-widget_type=\"heading.default\">\n\t\t\t\t<div class=\"elementor-widget-container\">\n\t\t\t\t\t<h2 class=\"elementor-heading-title elementor-size-default\">Pour plus d'informations<\/h2>\t\t\t\t<\/div>\n\t\t\t\t<\/div>\n\t\t\t\t<div class=\"elementor-element elementor-element-1db4136 elementor-widget elementor-widget-text-editor\" data-id=\"1db4136\" data-element_type=\"widget\" data-e-type=\"widget\" id=\"products\" data-widget_type=\"text-editor.default\">\n\t\t\t\t<div class=\"elementor-widget-container\">\n\t\t\t\t\t\t\t\t\t<p>Contactez votre repr\u00e9sentant PoolPak\u00ae local pour savoir comment nous pouvons vous aider \u00e0 r\u00e9pondre \u00e0 vos besoins en mati\u00e8re de d\u00e9shumidification.<\/p><p><a href=\"https:\/\/poolpak.com\/wp-content\/uploads\/2025\/06\/our-products-brochure-poolpak-fr.pdf\" target=\"_blank\" rel=\"noopener\">Brochure de nos produits<\/a><\/p><p><a href=\"https:\/\/poolpak.com\/wp-content\/uploads\/2024\/12\/product-summary-poolpakfr.pdf\">Liste des produits (1 page)<\/a><\/p><p><a href=\"https:\/\/poolpak.com\/wp-content\/uploads\/2024\/12\/4-page-smart-design-brochure-poolpakfr.pdf\">D\u00e9shumidification des piscines int\u00e9rieures : Conception intelligente et haute efficacit\u00e9\u00a0<\/a><\/p>\t\t\t\t\t\t\t\t<\/div>\n\t\t\t\t<\/div>\n\t\t\t\t<div class=\"elementor-element elementor-element-7169f28 elementor-widget elementor-widget-heading\" data-id=\"7169f28\" data-element_type=\"widget\" data-e-type=\"widget\" data-widget_type=\"heading.default\">\n\t\t\t\t<div class=\"elementor-widget-container\">\n\t\t\t\t\t<h2 class=\"elementor-heading-title elementor-size-default\">R\u00e9sum\u00e9 de la gamme de produits<\/h2>\t\t\t\t<\/div>\n\t\t\t\t<\/div>\n\t\t\t\t\t<\/div>\n\t\t<\/div>\n\t\t\t\t\t<\/div>\n\t\t<\/section>\n\t\t\t\t\t<\/div>\n\t\t<\/div>\n\t\t\t\t\t<\/div>\n\t\t<\/section>\n\t\t\t\t<section class=\"elementor-section elementor-top-section elementor-element elementor-element-6ca32e0 elementor-section-boxed elementor-section-height-default elementor-section-height-default\" data-id=\"6ca32e0\" data-element_type=\"section\" data-e-type=\"section\">\n\t\t\t\t\t\t<div class=\"elementor-container elementor-column-gap-default\">\n\t\t\t\t\t<div class=\"elementor-column elementor-col-100 elementor-top-column elementor-element elementor-element-024e65d\" data-id=\"024e65d\" data-element_type=\"column\" data-e-type=\"column\">\n\t\t\t<div class=\"elementor-widget-wrap elementor-element-populated\">\n\t\t\t\t\t\t<section class=\"elementor-section elementor-inner-section elementor-element elementor-element-0f371b0 elementor-section-boxed elementor-section-height-default elementor-section-height-default\" data-id=\"0f371b0\" data-element_type=\"section\" data-e-type=\"section\">\n\t\t\t\t\t\t<div class=\"elementor-container elementor-column-gap-no\">\n\t\t\t\t\t<div class=\"elementor-column elementor-col-50 elementor-inner-column elementor-element elementor-element-ee7dec3\" data-id=\"ee7dec3\" data-element_type=\"column\" data-e-type=\"column\">\n\t\t\t<div class=\"elementor-widget-wrap elementor-element-populated\">\n\t\t\t\t\t\t<div class=\"elementor-element elementor-element-ac3806e elementor-widget elementor-widget-image\" data-id=\"ac3806e\" data-element_type=\"widget\" data-e-type=\"widget\" data-widget_type=\"image.default\">\n\t\t\t\t<div class=\"elementor-widget-container\">\n\t\t\t\t\t\t\t\t\t\t\t\t\t\t\t\t<a href=\"https:\/\/poolpak.com\/fr\/serie-compak-pcp-horizontale-et-verticale\/\">\n\t\t\t\t\t\t\t<img decoding=\"async\" width=\"300\" height=\"159\" src=\"https:\/\/poolpak.com\/wp-content\/uploads\/2024\/11\/pcp-horizontal-vertical-button-fr.jpg\" class=\"attachment-large size-large wp-image-8713\" alt=\"\" \/>\t\t\t\t\t\t\t\t<\/a>\n\t\t\t\t\t\t\t\t\t\t\t\t\t\t\t<\/div>\n\t\t\t\t<\/div>\n\t\t\t\t\t<\/div>\n\t\t<\/div>\n\t\t\t\t<div class=\"elementor-column elementor-col-50 elementor-inner-column elementor-element elementor-element-31c395a\" data-id=\"31c395a\" data-element_type=\"column\" data-e-type=\"column\">\n\t\t\t<div class=\"elementor-widget-wrap elementor-element-populated\">\n\t\t\t\t\t\t<div class=\"elementor-element elementor-element-9b72a3d elementor-widget elementor-widget-text-editor\" data-id=\"9b72a3d\" data-element_type=\"widget\" data-e-type=\"widget\" data-widget_type=\"text-editor.default\">\n\t\t\t\t<div class=\"elementor-widget-container\">\n\t\t\t\t\t\t\t\t\t<h3>S\u00e9rie ComPak\u00ae PCP &#8211; Horizontale et verticale<\/h3>\n<ul>\n<li>Technologie de d\u00e9shumidification ultra-efficace \u00e0 faible encombrement<\/li>\n<li>Capacit\u00e9s de 2 \u00e0 16 tonnes<\/li>\n<li>Alimentation en air de 550 \u00e0 8 000 CFM<\/li>\n<li>Les composants critiques sont prot\u00e9g\u00e9s en dehors du flux d&rsquo;air corrosif.<\/li>\n<\/ul>\n\t\t\t\t\t\t\t\t<\/div>\n\t\t\t\t<\/div>\n\t\t\t\t\t<\/div>\n\t\t<\/div>\n\t\t\t\t\t<\/div>\n\t\t<\/section>\n\t\t\t\t\t<\/div>\n\t\t<\/div>\n\t\t\t\t\t<\/div>\n\t\t<\/section>\n\t\t\t\t<section class=\"elementor-section elementor-top-section elementor-element elementor-element-750f949 elementor-section-boxed elementor-section-height-default elementor-section-height-default\" data-id=\"750f949\" data-element_type=\"section\" data-e-type=\"section\">\n\t\t\t\t\t\t<div class=\"elementor-container elementor-column-gap-default\">\n\t\t\t\t\t<div class=\"elementor-column elementor-col-100 elementor-top-column elementor-element elementor-element-f9f2ec8\" data-id=\"f9f2ec8\" data-element_type=\"column\" data-e-type=\"column\">\n\t\t\t<div class=\"elementor-widget-wrap elementor-element-populated\">\n\t\t\t\t\t\t<section class=\"elementor-section elementor-inner-section elementor-element elementor-element-9c95ce8 elementor-section-boxed elementor-section-height-default elementor-section-height-default\" data-id=\"9c95ce8\" data-element_type=\"section\" data-e-type=\"section\">\n\t\t\t\t\t\t<div class=\"elementor-container elementor-column-gap-no\">\n\t\t\t\t\t<div class=\"elementor-column elementor-col-50 elementor-inner-column elementor-element elementor-element-f3868d5\" data-id=\"f3868d5\" data-element_type=\"column\" data-e-type=\"column\">\n\t\t\t<div class=\"elementor-widget-wrap elementor-element-populated\">\n\t\t\t\t\t\t<div class=\"elementor-element elementor-element-caae414 elementor-widget elementor-widget-image\" data-id=\"caae414\" data-element_type=\"widget\" data-e-type=\"widget\" data-widget_type=\"image.default\">\n\t\t\t\t<div class=\"elementor-widget-container\">\n\t\t\t\t\t\t\t\t\t\t\t\t\t\t\t\t<a href=\"https:\/\/poolpak.com\/fr\/page-daccueil\/compak-pcp-stakpak-series-2\/#main#main\">\n\t\t\t\t\t\t\t<img decoding=\"async\" width=\"300\" height=\"159\" src=\"https:\/\/poolpak.com\/wp-content\/uploads\/2024\/11\/pcp-stakpak-button-fr.jpg\" class=\"attachment-large size-large wp-image-8715\" alt=\"\" \/>\t\t\t\t\t\t\t\t<\/a>\n\t\t\t\t\t\t\t\t\t\t\t\t\t\t\t<\/div>\n\t\t\t\t<\/div>\n\t\t\t\t\t<\/div>\n\t\t<\/div>\n\t\t\t\t<div class=\"elementor-column elementor-col-50 elementor-inner-column elementor-element elementor-element-9d8ed54\" data-id=\"9d8ed54\" data-element_type=\"column\" data-e-type=\"column\">\n\t\t\t<div class=\"elementor-widget-wrap elementor-element-populated\">\n\t\t\t\t\t\t<div class=\"elementor-element elementor-element-16c7788 elementor-widget elementor-widget-text-editor\" data-id=\"16c7788\" data-element_type=\"widget\" data-e-type=\"widget\" data-widget_type=\"text-editor.default\">\n\t\t\t\t<div class=\"elementor-widget-container\">\n\t\t\t\t\t\t\t\t\t<h3>S\u00e9rie ComPak\u00ae StakPak<\/h3>\n<ul>\n<li>Capacit\u00e9s MRC de 45 \u00e0 200 lbs\/hr<\/li>\n<li>Alimentation en air de 2 600 \u00e0 13 000 PCM<\/li>\n<li>Technologie de d\u00e9shumidification ultra-efficace \u00e0 faible encombrement<\/li>\n<li>Les composants critiques sont prot\u00e9g\u00e9s en dehors du flux d&rsquo;air corrosif.<\/li>\n<\/ul>\n\t\t\t\t\t\t\t\t<\/div>\n\t\t\t\t<\/div>\n\t\t\t\t\t<\/div>\n\t\t<\/div>\n\t\t\t\t\t<\/div>\n\t\t<\/section>\n\t\t\t\t<section class=\"elementor-section elementor-inner-section elementor-element elementor-element-3dd7a55 elementor-section-boxed elementor-section-height-default elementor-section-height-default\" data-id=\"3dd7a55\" data-element_type=\"section\" data-e-type=\"section\">\n\t\t\t\t\t\t<div class=\"elementor-container elementor-column-gap-no\">\n\t\t\t\t\t<div class=\"elementor-column elementor-col-50 elementor-inner-column elementor-element elementor-element-80e9ab6\" data-id=\"80e9ab6\" data-element_type=\"column\" data-e-type=\"column\">\n\t\t\t<div class=\"elementor-widget-wrap elementor-element-populated\">\n\t\t\t\t\t\t<div class=\"elementor-element elementor-element-b14cb21 elementor-widget elementor-widget-image\" data-id=\"b14cb21\" data-element_type=\"widget\" data-e-type=\"widget\" data-widget_type=\"image.default\">\n\t\t\t\t<div class=\"elementor-widget-container\">\n\t\t\t\t\t\t\t\t\t\t\t\t\t\t\t\t<a href=\"https:\/\/poolpak.com\/fr\/page-daccueil\/poolpak-ppk-series-4\/#main#main\">\n\t\t\t\t\t\t\t<img loading=\"lazy\" decoding=\"async\" width=\"300\" height=\"159\" src=\"https:\/\/poolpak.com\/wp-content\/uploads\/2024\/11\/poolpak-ppk-button-fr.jpg\" class=\"attachment-large size-large wp-image-8717\" alt=\"\" \/>\t\t\t\t\t\t\t\t<\/a>\n\t\t\t\t\t\t\t\t\t\t\t\t\t\t\t<\/div>\n\t\t\t\t<\/div>\n\t\t\t\t\t<\/div>\n\t\t<\/div>\n\t\t\t\t<div class=\"elementor-column elementor-col-50 elementor-inner-column elementor-element elementor-element-2e51883\" data-id=\"2e51883\" data-element_type=\"column\" data-e-type=\"column\">\n\t\t\t<div class=\"elementor-widget-wrap elementor-element-populated\">\n\t\t\t\t\t\t<div class=\"elementor-element elementor-element-1f3a870 elementor-widget elementor-widget-text-editor\" data-id=\"1f3a870\" data-element_type=\"widget\" data-e-type=\"widget\" data-widget_type=\"text-editor.default\">\n\t\t\t\t<div class=\"elementor-widget-container\">\n\t\t\t\t\t\t\t\t\t<h3>PoolPak\u00ae S\u00e9rie PPK<\/h3>\n<ul>\n<li>Syst\u00e8mes \u00e0 compresseurs multiples pour un contr\u00f4le \u00e9chelonn\u00e9<\/li>\n<li>Alimentation en air de 6 800 \u00e0 64 000 CFM<\/li>\n<li>18 \u00e0 128 tonnes de r\u00e9frig\u00e9ration<\/li>\n<li>Syst\u00e8me de contr\u00f4le CommandPak<\/li>\n<\/ul>\n\t\t\t\t\t\t\t\t<\/div>\n\t\t\t\t<\/div>\n\t\t\t\t\t<\/div>\n\t\t<\/div>\n\t\t\t\t\t<\/div>\n\t\t<\/section>\n\t\t\t\t\t<\/div>\n\t\t<\/div>\n\t\t\t\t\t<\/div>\n\t\t<\/section>\n\t\t\t\t<section class=\"elementor-section elementor-top-section elementor-element elementor-element-cd11593 elementor-section-boxed elementor-section-height-default elementor-section-height-default\" data-id=\"cd11593\" data-element_type=\"section\" data-e-type=\"section\">\n\t\t\t\t\t\t<div class=\"elementor-container elementor-column-gap-default\">\n\t\t\t\t\t<div class=\"elementor-column elementor-col-100 elementor-top-column elementor-element elementor-element-c159490\" data-id=\"c159490\" data-element_type=\"column\" data-e-type=\"column\">\n\t\t\t<div class=\"elementor-widget-wrap elementor-element-populated\">\n\t\t\t\t\t\t<div class=\"elementor-element elementor-element-b1a2b17 elementor-widget elementor-widget-spacer\" data-id=\"b1a2b17\" data-element_type=\"widget\" data-e-type=\"widget\" data-widget_type=\"spacer.default\">\n\t\t\t\t<div class=\"elementor-widget-container\">\n\t\t\t\t\t\t\t<div class=\"elementor-spacer\">\n\t\t\t<div class=\"elementor-spacer-inner\"><\/div>\n\t\t<\/div>\n\t\t\t\t\t\t<\/div>\n\t\t\t\t<\/div>\n\t\t\t\t\t<\/div>\n\t\t<\/div>\n\t\t\t\t\t<\/div>\n\t\t<\/section>\n\t\t\t\t<\/div>\n\t\t","protected":false},"excerpt":{"rendered":"<p>Apr\u00e8s plus de 40 ans sur le march\u00e9, PoolPak\u00ae s&rsquo;est b\u00e2ti une r\u00e9putation de fournisseur de produits de qualit\u00e9 qui r\u00e9solvent r\u00e9ellement les probl\u00e8mes de d\u00e9shumidification de ses clients. Les piscines int\u00e9rieures sont des environnements difficiles, tant pour les clients que pour les b\u00e2timents qui les abritent. Les produits chimiques de la piscine se combinent &#8230; <a title=\"Nos produits\" class=\"read-more\" href=\"https:\/\/poolpak.com\/fr\/nos-produits\/\" aria-label=\"En savoir plus sur Nos produits\">Lire plus<\/a><\/p>\n","protected":false},"author":1,"featured_media":0,"parent":0,"menu_order":0,"comment_status":"closed","ping_status":"closed","template":"","meta":{"footnotes":""},"class_list":["post-8595","page","type-page","status-publish"],"yoast_head":"<!-- This site is optimized with the Yoast SEO plugin v27.1.1 - https:\/\/yoast.com\/product\/yoast-seo-wordpress\/ -->\n<title>Nos produits - PoolPak<\/title>\n<meta name=\"robots\" content=\"index, follow, max-snippet:-1, max-image-preview:large, max-video-preview:-1\" \/>\n<link rel=\"canonical\" href=\"https:\/\/poolpak.com\/fr\/nos-produits\/\" \/>\n<meta property=\"og:locale\" content=\"fr_FR\" \/>\n<meta property=\"og:type\" content=\"article\" \/>\n<meta property=\"og:title\" content=\"Nos produits - PoolPak\" \/>\n<meta property=\"og:description\" content=\"Apr\u00e8s plus de 40 ans sur le march\u00e9, PoolPak\u00ae s&rsquo;est b\u00e2ti une r\u00e9putation de fournisseur de produits de qualit\u00e9 qui r\u00e9solvent r\u00e9ellement les probl\u00e8mes de d\u00e9shumidification de ses clients. Les piscines int\u00e9rieures sont des environnements difficiles, tant pour les clients que pour les b\u00e2timents qui les abritent. Les produits chimiques de la piscine se combinent ... Lire plus\" \/>\n<meta property=\"og:url\" content=\"https:\/\/poolpak.com\/fr\/nos-produits\/\" \/>\n<meta property=\"og:site_name\" content=\"PoolPak\" \/>\n<meta property=\"article:modified_time\" content=\"2025-06-09T19:45:17+00:00\" \/>\n<meta property=\"og:image\" content=\"https:\/\/poolpak.com\/wp-content\/uploads\/2024\/11\/residential-pools-4.png\" \/>\n\t<meta property=\"og:image:width\" content=\"1366\" \/>\n\t<meta property=\"og:image:height\" content=\"397\" \/>\n\t<meta property=\"og:image:type\" content=\"image\/png\" \/>\n<meta name=\"twitter:card\" content=\"summary_large_image\" \/>\n<meta name=\"twitter:label1\" content=\"Dur\u00e9e de lecture estim\u00e9e\" \/>\n\t<meta name=\"twitter:data1\" content=\"3 minutes\" \/>\n<script type=\"application\/ld+json\" class=\"yoast-schema-graph\">{\"@context\":\"https:\/\/schema.org\",\"@graph\":[{\"@type\":\"WebPage\",\"@id\":\"https:\/\/poolpak.com\/fr\/nos-produits\/\",\"url\":\"https:\/\/poolpak.com\/fr\/nos-produits\/\",\"name\":\"Nos produits - PoolPak\",\"isPartOf\":{\"@id\":\"https:\/\/poolpak.com\/fr\/#website\"},\"primaryImageOfPage\":{\"@id\":\"https:\/\/poolpak.com\/fr\/nos-produits\/#primaryimage\"},\"image\":{\"@id\":\"https:\/\/poolpak.com\/fr\/nos-produits\/#primaryimage\"},\"thumbnailUrl\":\"https:\/\/poolpak.com\/wp-content\/uploads\/2024\/11\/residential-pools-4-1024x298.png\",\"datePublished\":\"2020-09-18T14:29:25+00:00\",\"dateModified\":\"2025-06-09T19:45:17+00:00\",\"breadcrumb\":{\"@id\":\"https:\/\/poolpak.com\/fr\/nos-produits\/#breadcrumb\"},\"inLanguage\":\"fr-FR\",\"potentialAction\":[{\"@type\":\"ReadAction\",\"target\":[\"https:\/\/poolpak.com\/fr\/nos-produits\/\"]}]},{\"@type\":\"ImageObject\",\"inLanguage\":\"fr-FR\",\"@id\":\"https:\/\/poolpak.com\/fr\/nos-produits\/#primaryimage\",\"url\":\"https:\/\/poolpak.com\/wp-content\/uploads\/2024\/11\/residential-pools-4-1024x298.png\",\"contentUrl\":\"https:\/\/poolpak.com\/wp-content\/uploads\/2024\/11\/residential-pools-4-1024x298.png\"},{\"@type\":\"BreadcrumbList\",\"@id\":\"https:\/\/poolpak.com\/fr\/nos-produits\/#breadcrumb\",\"itemListElement\":[{\"@type\":\"ListItem\",\"position\":1,\"name\":\"Home\",\"item\":\"https:\/\/poolpak.com\/fr\/\"},{\"@type\":\"ListItem\",\"position\":2,\"name\":\"Nos produits\"}]},{\"@type\":\"WebSite\",\"@id\":\"https:\/\/poolpak.com\/fr\/#website\",\"url\":\"https:\/\/poolpak.com\/fr\/\",\"name\":\"PoolPak\",\"description\":\"Dehumidification That Works\",\"publisher\":{\"@id\":\"https:\/\/poolpak.com\/fr\/#organization\"},\"potentialAction\":[{\"@type\":\"SearchAction\",\"target\":{\"@type\":\"EntryPoint\",\"urlTemplate\":\"https:\/\/poolpak.com\/fr\/?s={search_term_string}\"},\"query-input\":{\"@type\":\"PropertyValueSpecification\",\"valueRequired\":true,\"valueName\":\"search_term_string\"}}],\"inLanguage\":\"fr-FR\"},{\"@type\":\"Organization\",\"@id\":\"https:\/\/poolpak.com\/fr\/#organization\",\"name\":\"PoolPak\",\"url\":\"https:\/\/poolpak.com\/fr\/\",\"logo\":{\"@type\":\"ImageObject\",\"inLanguage\":\"fr-FR\",\"@id\":\"https:\/\/poolpak.com\/fr\/#\/schema\/logo\/image\/\",\"url\":\"https:\/\/poolpak.com\/wp-content\/uploads\/2020\/03\/poolpak-logo.svg\",\"contentUrl\":\"https:\/\/poolpak.com\/wp-content\/uploads\/2020\/03\/poolpak-logo.svg\",\"caption\":\"PoolPak\"},\"image\":{\"@id\":\"https:\/\/poolpak.com\/fr\/#\/schema\/logo\/image\/\"}}]}<\/script>\n<!-- \/ Yoast SEO plugin. -->","yoast_head_json":{"title":"Nos produits - PoolPak","robots":{"index":"index","follow":"follow","max-snippet":"max-snippet:-1","max-image-preview":"max-image-preview:large","max-video-preview":"max-video-preview:-1"},"canonical":"https:\/\/poolpak.com\/fr\/nos-produits\/","og_locale":"fr_FR","og_type":"article","og_title":"Nos produits - PoolPak","og_description":"Apr\u00e8s plus de 40 ans sur le march\u00e9, PoolPak\u00ae s&rsquo;est b\u00e2ti une r\u00e9putation de fournisseur de produits de qualit\u00e9 qui r\u00e9solvent r\u00e9ellement les probl\u00e8mes de d\u00e9shumidification de ses clients. Les piscines int\u00e9rieures sont des environnements difficiles, tant pour les clients que pour les b\u00e2timents qui les abritent. Les produits chimiques de la piscine se combinent ... Lire plus","og_url":"https:\/\/poolpak.com\/fr\/nos-produits\/","og_site_name":"PoolPak","article_modified_time":"2025-06-09T19:45:17+00:00","og_image":[{"width":1366,"height":397,"url":"https:\/\/poolpak.com\/wp-content\/uploads\/2024\/11\/residential-pools-4.png","type":"image\/png"}],"twitter_card":"summary_large_image","twitter_misc":{"Dur\u00e9e de lecture estim\u00e9e":"3 minutes"},"schema":{"@context":"https:\/\/schema.org","@graph":[{"@type":"WebPage","@id":"https:\/\/poolpak.com\/fr\/nos-produits\/","url":"https:\/\/poolpak.com\/fr\/nos-produits\/","name":"Nos produits - PoolPak","isPartOf":{"@id":"https:\/\/poolpak.com\/fr\/#website"},"primaryImageOfPage":{"@id":"https:\/\/poolpak.com\/fr\/nos-produits\/#primaryimage"},"image":{"@id":"https:\/\/poolpak.com\/fr\/nos-produits\/#primaryimage"},"thumbnailUrl":"https:\/\/poolpak.com\/wp-content\/uploads\/2024\/11\/residential-pools-4-1024x298.png","datePublished":"2020-09-18T14:29:25+00:00","dateModified":"2025-06-09T19:45:17+00:00","breadcrumb":{"@id":"https:\/\/poolpak.com\/fr\/nos-produits\/#breadcrumb"},"inLanguage":"fr-FR","potentialAction":[{"@type":"ReadAction","target":["https:\/\/poolpak.com\/fr\/nos-produits\/"]}]},{"@type":"ImageObject","inLanguage":"fr-FR","@id":"https:\/\/poolpak.com\/fr\/nos-produits\/#primaryimage","url":"https:\/\/poolpak.com\/wp-content\/uploads\/2024\/11\/residential-pools-4-1024x298.png","contentUrl":"https:\/\/poolpak.com\/wp-content\/uploads\/2024\/11\/residential-pools-4-1024x298.png"},{"@type":"BreadcrumbList","@id":"https:\/\/poolpak.com\/fr\/nos-produits\/#breadcrumb","itemListElement":[{"@type":"ListItem","position":1,"name":"Home","item":"https:\/\/poolpak.com\/fr\/"},{"@type":"ListItem","position":2,"name":"Nos produits"}]},{"@type":"WebSite","@id":"https:\/\/poolpak.com\/fr\/#website","url":"https:\/\/poolpak.com\/fr\/","name":"PoolPak","description":"Dehumidification That Works","publisher":{"@id":"https:\/\/poolpak.com\/fr\/#organization"},"potentialAction":[{"@type":"SearchAction","target":{"@type":"EntryPoint","urlTemplate":"https:\/\/poolpak.com\/fr\/?s={search_term_string}"},"query-input":{"@type":"PropertyValueSpecification","valueRequired":true,"valueName":"search_term_string"}}],"inLanguage":"fr-FR"},{"@type":"Organization","@id":"https:\/\/poolpak.com\/fr\/#organization","name":"PoolPak","url":"https:\/\/poolpak.com\/fr\/","logo":{"@type":"ImageObject","inLanguage":"fr-FR","@id":"https:\/\/poolpak.com\/fr\/#\/schema\/logo\/image\/","url":"https:\/\/poolpak.com\/wp-content\/uploads\/2020\/03\/poolpak-logo.svg","contentUrl":"https:\/\/poolpak.com\/wp-content\/uploads\/2020\/03\/poolpak-logo.svg","caption":"PoolPak"},"image":{"@id":"https:\/\/poolpak.com\/fr\/#\/schema\/logo\/image\/"}}]}},"_links":{"self":[{"href":"https:\/\/poolpak.com\/fr\/wp-json\/wp\/v2\/pages\/8595","targetHints":{"allow":["GET"]}}],"collection":[{"href":"https:\/\/poolpak.com\/fr\/wp-json\/wp\/v2\/pages"}],"about":[{"href":"https:\/\/poolpak.com\/fr\/wp-json\/wp\/v2\/types\/page"}],"author":[{"embeddable":true,"href":"https:\/\/poolpak.com\/fr\/wp-json\/wp\/v2\/users\/1"}],"replies":[{"embeddable":true,"href":"https:\/\/poolpak.com\/fr\/wp-json\/wp\/v2\/comments?post=8595"}],"version-history":[{"count":20,"href":"https:\/\/poolpak.com\/fr\/wp-json\/wp\/v2\/pages\/8595\/revisions"}],"predecessor-version":[{"id":9604,"href":"https:\/\/poolpak.com\/fr\/wp-json\/wp\/v2\/pages\/8595\/revisions\/9604"}],"wp:attachment":[{"href":"https:\/\/poolpak.com\/fr\/wp-json\/wp\/v2\/media?parent=8595"}],"curies":[{"name":"wp","href":"https:\/\/api.w.org\/{rel}","templated":true}]}}