{"id":8604,"date":"2020-09-28T16:30:23","date_gmt":"2020-09-28T16:30:23","guid":{"rendered":"https:\/\/poolpak.com\/serie-compak-pcp-horizontale-et-verticale\/"},"modified":"2025-06-10T14:37:53","modified_gmt":"2025-06-10T14:37:53","slug":"serie-compak-pcp-horizontale-et-verticale","status":"publish","type":"page","link":"https:\/\/poolpak.com\/fr\/serie-compak-pcp-horizontale-et-verticale\/","title":{"rendered":"S\u00e9rie ComPak\u00ae PCP &#8211; Horizontale et verticale"},"content":{"rendered":"\t\t<div data-elementor-type=\"wp-page\" data-elementor-id=\"8604\" class=\"elementor elementor-8604 elementor-553\" data-elementor-post-type=\"page\">\n\t\t\t\t\t\t<section class=\"elementor-section elementor-top-section elementor-element elementor-element-555636f elementor-section-boxed elementor-section-height-default elementor-section-height-default\" data-id=\"555636f\" data-element_type=\"section\" data-e-type=\"section\">\n\t\t\t\t\t\t<div class=\"elementor-container elementor-column-gap-default\">\n\t\t\t\t\t<div class=\"elementor-column elementor-col-100 elementor-top-column elementor-element elementor-element-2127ce0\" data-id=\"2127ce0\" data-element_type=\"column\" data-e-type=\"column\">\n\t\t\t<div class=\"elementor-widget-wrap elementor-element-populated\">\n\t\t\t\t\t\t<section class=\"elementor-section elementor-inner-section elementor-element elementor-element-c6be1a7 elementor-section-boxed elementor-section-height-default elementor-section-height-default\" data-id=\"c6be1a7\" data-element_type=\"section\" data-e-type=\"section\">\n\t\t\t\t\t\t<div class=\"elementor-container elementor-column-gap-default\">\n\t\t\t\t\t<div class=\"elementor-column elementor-col-100 elementor-inner-column elementor-element elementor-element-d173433\" data-id=\"d173433\" data-element_type=\"column\" data-e-type=\"column\">\n\t\t\t<div class=\"elementor-widget-wrap elementor-element-populated\">\n\t\t\t\t\t\t<div class=\"elementor-element elementor-element-f68e240 elementor-widget elementor-widget-heading\" data-id=\"f68e240\" data-element_type=\"widget\" data-e-type=\"widget\" data-widget_type=\"heading.default\">\n\t\t\t\t<div class=\"elementor-widget-container\">\n\t\t\t\t\t<h1 class=\"elementor-heading-title elementor-size-default\">S\u00e9rie ComPak\u00ae PCP<\/h1>\t\t\t\t<\/div>\n\t\t\t\t<\/div>\n\t\t\t\t<div class=\"elementor-element elementor-element-96f7688 elementor-widget elementor-widget-image\" data-id=\"96f7688\" data-element_type=\"widget\" data-e-type=\"widget\" data-widget_type=\"image.default\">\n\t\t\t\t<div class=\"elementor-widget-container\">\n\t\t\t\t\t\t\t\t\t\t\t\t\t\t\t<img fetchpriority=\"high\" decoding=\"async\" width=\"900\" height=\"262\" src=\"https:\/\/poolpak.com\/wp-content\/uploads\/2024\/11\/residential-pools-6-1024x298.png\" class=\"attachment-large size-large wp-image-8611\" alt=\"\" srcset=\"https:\/\/poolpak.com\/wp-content\/uploads\/2024\/11\/residential-pools-6-1024x298.png 1024w, https:\/\/poolpak.com\/wp-content\/uploads\/2024\/11\/residential-pools-6-300x87.png 300w, https:\/\/poolpak.com\/wp-content\/uploads\/2024\/11\/residential-pools-6-768x223.png 768w, https:\/\/poolpak.com\/wp-content\/uploads\/2024\/11\/residential-pools-6.png 1366w\" sizes=\"(max-width: 900px) 100vw, 900px\" \/>\t\t\t\t\t\t\t\t\t\t\t\t\t\t\t<\/div>\n\t\t\t\t<\/div>\n\t\t\t\t<div class=\"elementor-element elementor-element-aa3e882 elementor-widget elementor-widget-text-editor\" data-id=\"aa3e882\" data-element_type=\"widget\" data-e-type=\"widget\" data-widget_type=\"text-editor.default\">\n\t\t\t\t<div class=\"elementor-widget-container\">\n\t\t\t\t\t\t\t\t\t<p>Notre s\u00e9rie Compak\u00ae PCP offre une conception \u00e9prouv\u00e9e, \u00e0 la pointe de l&rsquo;industrie, avec une efficacit\u00e9 \u00e9nerg\u00e9tique de pointe et des am\u00e9liorations de performance qui en font le choix le plus judicieux pour les installations de petite et moyenne taille. La s\u00e9rie PCP permet de contr\u00f4ler la temp\u00e9rature et l&rsquo;humidit\u00e9 de mani\u00e8re rentable et \u00e9conome en \u00e9nergie pour les h\u00f4tels, les piscines th\u00e9rapeutiques, les centres de remise en forme, les r\u00e9sidences priv\u00e9es et les piscines int\u00e9rieures de taille similaire.<\/p>\n<p>Avec WebSentry\u00ae en standard, notre s\u00e9rie ComPak\u00ae PCP est surveill\u00e9e 24 heures sur 24 et 7 jours sur 7 via Internet et soutenue par Dehumidified Air Services, notre r\u00e9seau exclusif de personnel de service direct de l&rsquo;usine. Ce syst\u00e8me de contr\u00f4le red\u00e9finit le concept de service et d&rsquo;assistance en surveillant, analysant et signalant \u00e0 distance toutes les fonctions critiques de votre d\u00e9shumidificateur 24 heures sur 24, 7 jours sur 7, en temps r\u00e9el via Internet, sans frais suppl\u00e9mentaires ! Surveillance automatis\u00e9e des performances avec des alertes de panne, des rappels de service et des donn\u00e9es de performance envoy\u00e9es par courrier \u00e9lectronique. Les techniciens de l&rsquo;usine ou les techniciens agr\u00e9\u00e9s peuvent ajuster et affiner les performances de l&rsquo;appareil ou r\u00e9soudre les probl\u00e8mes. La connexion active l&rsquo;extension de garantie premium de la premi\u00e8re ann\u00e9e sur la main d&rsquo;\u0153uvre.<\/p>\n\t\t\t\t\t\t\t\t<\/div>\n\t\t\t\t<\/div>\n\t\t\t\t<div class=\"elementor-element elementor-element-d075c00 elementor-widget elementor-widget-heading\" data-id=\"d075c00\" data-element_type=\"widget\" data-e-type=\"widget\" data-widget_type=\"heading.default\">\n\t\t\t\t<div class=\"elementor-widget-container\">\n\t\t\t\t\t<h3 class=\"elementor-heading-title elementor-size-default\">Caract\u00e9ristiques Op\u00e9rationnelles<\/h3>\t\t\t\t<\/div>\n\t\t\t\t<\/div>\n\t\t\t\t<div class=\"elementor-element elementor-element-277f28d elementor-widget elementor-widget-text-editor\" data-id=\"277f28d\" data-element_type=\"widget\" data-e-type=\"widget\" data-widget_type=\"text-editor.default\">\n\t\t\t\t<div class=\"elementor-widget-container\">\n\t\t\t\t\t\t\t\t\t<ul><li>Technologie de d\u00e9shumidification silencieuse et ultra-efficace dans un encombrement r\u00e9duit<\/li><li>Pr\u00e9vention de la condensation murale<\/li><li>Refroidissement\/chauffage de l&rsquo;air et chauffage de l&rsquo;eau de la piscine<\/li><li>Recyclage de l&rsquo;\u00e9nergie dans l&rsquo;air et l&rsquo;eau de la piscine<\/li><li>Commandes \u00e0 \u00e9cran tactile faciles \u00e0 utiliser, compatibles avec l&rsquo;interface optionnelle des syst\u00e8mes d&rsquo;automatisation des b\u00e2timents les plus courants.<\/li><li>Conforme aux normes de ventilation ASHRAE 62.1<\/li><\/ul>\t\t\t\t\t\t\t\t<\/div>\n\t\t\t\t<\/div>\n\t\t\t\t<div class=\"elementor-element elementor-element-9936511 elementor-widget elementor-widget-heading\" data-id=\"9936511\" data-element_type=\"widget\" data-e-type=\"widget\" data-widget_type=\"heading.default\">\n\t\t\t\t<div class=\"elementor-widget-container\">\n\t\t\t\t\t<h3 class=\"elementor-heading-title elementor-size-default\">Caract\u00e9ristiques de la Construction<\/h3>\t\t\t\t<\/div>\n\t\t\t\t<\/div>\n\t\t\t\t<div class=\"elementor-element elementor-element-e8eb094 elementor-widget elementor-widget-text-editor\" data-id=\"e8eb094\" data-element_type=\"widget\" data-e-type=\"widget\" data-widget_type=\"text-editor.default\">\n\t\t\t\t<div class=\"elementor-widget-container\">\n\t\t\t\t\t\t\t\t\t<ul><li>Les mod\u00e8les ComPak de PCP-0800 \u00e0 2600 (2 \u00e0 7 tonnes) sont disponibles en configuration int\u00e9rieure uniquement.<\/li><li>Configuration int\u00e9rieure ou ext\u00e9rieure disponible pour les mod\u00e8les ComPak PCP-1400 \u00e0 4000<\/li><li>Les multiples options de raccordement des conduits d&rsquo;air offrent une grande souplesse pour les r\u00e9novations ou les nouvelles constructions.<\/li><li>Facilit\u00e9 d&rsquo;entretien et de maintenance<\/li><li>Les composants critiques sont maintenus hors du flux d&rsquo;air<\/li><li>Compresseurs scroll \u00e0 haut rendement et ventilateur(s) de pl\u00e9num ECM \u00e0 entra\u00eenement direct<\/li><li><a href=\"https:\/\/poolpak.com\/fr\/controle-intelligent-de-la-pompe\/\">Pompe intelligente<\/a><\/li><\/ul>\t\t\t\t\t\t\t\t<\/div>\n\t\t\t\t<\/div>\n\t\t\t\t<div class=\"elementor-element elementor-element-3505442 elementor-widget elementor-widget-heading\" data-id=\"3505442\" data-element_type=\"widget\" data-e-type=\"widget\" data-widget_type=\"heading.default\">\n\t\t\t\t<div class=\"elementor-widget-container\">\n\t\t\t\t\t<h4 class=\"elementor-heading-title elementor-size-default\"><b>Ressources<\/b><\/h4>\t\t\t\t<\/div>\n\t\t\t\t<\/div>\n\t\t\t\t<div class=\"elementor-element elementor-element-5287e78 elementor-widget elementor-widget-text-editor\" data-id=\"5287e78\" data-element_type=\"widget\" data-e-type=\"widget\" data-widget_type=\"text-editor.default\">\n\t\t\t\t<div class=\"elementor-widget-container\">\n\t\t\t\t\t\t\t\t\t<p><a href=\"https:\/\/poolpak.com\/wp-content\/uploads\/2024\/12\/compak-pcp-series-fr.pdf\">Brochure de la s\u00e9rie ComPak PCP<\/a><br \/><a href=\"https:\/\/poolpak.com\/wp-content\/uploads\/2024\/11\/poolpakwebsentry-fr.pdf\" target=\"_blank\" rel=\"noopener\">Brochure WebSentry\u00ae<\/a><br \/><a href=\"https:\/\/poolpak.com\/fr\/manuels\/\" target=\"_blank\" rel=\"noopener\">Manuels<br \/><\/a><\/p>\t\t\t\t\t\t\t\t<\/div>\n\t\t\t\t<\/div>\n\t\t\t\t\t<\/div>\n\t\t<\/div>\n\t\t\t\t\t<\/div>\n\t\t<\/section>\n\t\t\t\t\t<\/div>\n\t\t<\/div>\n\t\t\t\t\t<\/div>\n\t\t<\/section>\n\t\t\t\t<\/div>\n\t\t","protected":false},"excerpt":{"rendered":"<p>S\u00e9rie ComPak\u00ae PCP Notre s\u00e9rie Compak\u00ae PCP offre une conception \u00e9prouv\u00e9e, \u00e0 la pointe de l&rsquo;industrie, avec une efficacit\u00e9 \u00e9nerg\u00e9tique de pointe et des am\u00e9liorations de performance qui en font le choix le plus judicieux pour les installations de petite et moyenne taille. La s\u00e9rie PCP permet de contr\u00f4ler la temp\u00e9rature et l&rsquo;humidit\u00e9 de mani\u00e8re &#8230; <a title=\"S\u00e9rie ComPak\u00ae PCP &#8211; Horizontale et verticale\" class=\"read-more\" href=\"https:\/\/poolpak.com\/fr\/serie-compak-pcp-horizontale-et-verticale\/\" aria-label=\"En savoir plus sur S\u00e9rie ComPak\u00ae PCP &#8211; Horizontale et verticale\">Lire plus<\/a><\/p>\n","protected":false},"author":1,"featured_media":0,"parent":0,"menu_order":0,"comment_status":"closed","ping_status":"closed","template":"","meta":{"footnotes":""},"class_list":["post-8604","page","type-page","status-publish"],"yoast_head":"<!-- This site is optimized with the Yoast SEO plugin v27.1.1 - https:\/\/yoast.com\/product\/yoast-seo-wordpress\/ -->\n<title>S\u00e9rie ComPak\u00ae PCP - Horizontale et verticale - PoolPak<\/title>\n<meta name=\"robots\" content=\"index, follow, max-snippet:-1, max-image-preview:large, max-video-preview:-1\" \/>\n<link rel=\"canonical\" href=\"https:\/\/poolpak.com\/fr\/serie-compak-pcp-horizontale-et-verticale\/\" \/>\n<meta property=\"og:locale\" content=\"fr_FR\" \/>\n<meta property=\"og:type\" content=\"article\" \/>\n<meta property=\"og:title\" content=\"S\u00e9rie ComPak\u00ae PCP - Horizontale et verticale - PoolPak\" \/>\n<meta property=\"og:description\" content=\"S\u00e9rie ComPak\u00ae PCP Notre s\u00e9rie Compak\u00ae PCP offre une conception \u00e9prouv\u00e9e, \u00e0 la pointe de l&rsquo;industrie, avec une efficacit\u00e9 \u00e9nerg\u00e9tique de pointe et des am\u00e9liorations de performance qui en font le choix le plus judicieux pour les installations de petite et moyenne taille. La s\u00e9rie PCP permet de contr\u00f4ler la temp\u00e9rature et l&rsquo;humidit\u00e9 de mani\u00e8re ... Lire plus\" \/>\n<meta property=\"og:url\" content=\"https:\/\/poolpak.com\/fr\/serie-compak-pcp-horizontale-et-verticale\/\" \/>\n<meta property=\"og:site_name\" content=\"PoolPak\" \/>\n<meta property=\"article:modified_time\" content=\"2025-06-10T14:37:53+00:00\" \/>\n<meta property=\"og:image\" content=\"https:\/\/poolpak.com\/wp-content\/uploads\/2024\/11\/residential-pools-6.png\" \/>\n\t<meta property=\"og:image:width\" content=\"1366\" \/>\n\t<meta property=\"og:image:height\" content=\"397\" \/>\n\t<meta property=\"og:image:type\" content=\"image\/png\" \/>\n<meta name=\"twitter:card\" content=\"summary_large_image\" \/>\n<meta name=\"twitter:label1\" content=\"Dur\u00e9e de lecture estim\u00e9e\" \/>\n\t<meta name=\"twitter:data1\" content=\"3 minutes\" \/>\n<script type=\"application\/ld+json\" class=\"yoast-schema-graph\">{\"@context\":\"https:\/\/schema.org\",\"@graph\":[{\"@type\":\"WebPage\",\"@id\":\"https:\/\/poolpak.com\/fr\/serie-compak-pcp-horizontale-et-verticale\/\",\"url\":\"https:\/\/poolpak.com\/fr\/serie-compak-pcp-horizontale-et-verticale\/\",\"name\":\"S\u00e9rie ComPak\u00ae PCP - Horizontale et verticale - PoolPak\",\"isPartOf\":{\"@id\":\"https:\/\/poolpak.com\/fr\/#website\"},\"primaryImageOfPage\":{\"@id\":\"https:\/\/poolpak.com\/fr\/serie-compak-pcp-horizontale-et-verticale\/#primaryimage\"},\"image\":{\"@id\":\"https:\/\/poolpak.com\/fr\/serie-compak-pcp-horizontale-et-verticale\/#primaryimage\"},\"thumbnailUrl\":\"https:\/\/poolpak.com\/wp-content\/uploads\/2024\/11\/residential-pools-6-1024x298.png\",\"datePublished\":\"2020-09-28T16:30:23+00:00\",\"dateModified\":\"2025-06-10T14:37:53+00:00\",\"breadcrumb\":{\"@id\":\"https:\/\/poolpak.com\/fr\/serie-compak-pcp-horizontale-et-verticale\/#breadcrumb\"},\"inLanguage\":\"fr-FR\",\"potentialAction\":[{\"@type\":\"ReadAction\",\"target\":[\"https:\/\/poolpak.com\/fr\/serie-compak-pcp-horizontale-et-verticale\/\"]}]},{\"@type\":\"ImageObject\",\"inLanguage\":\"fr-FR\",\"@id\":\"https:\/\/poolpak.com\/fr\/serie-compak-pcp-horizontale-et-verticale\/#primaryimage\",\"url\":\"https:\/\/poolpak.com\/wp-content\/uploads\/2024\/11\/residential-pools-6-1024x298.png\",\"contentUrl\":\"https:\/\/poolpak.com\/wp-content\/uploads\/2024\/11\/residential-pools-6-1024x298.png\"},{\"@type\":\"BreadcrumbList\",\"@id\":\"https:\/\/poolpak.com\/fr\/serie-compak-pcp-horizontale-et-verticale\/#breadcrumb\",\"itemListElement\":[{\"@type\":\"ListItem\",\"position\":1,\"name\":\"Home\",\"item\":\"https:\/\/poolpak.com\/fr\/\"},{\"@type\":\"ListItem\",\"position\":2,\"name\":\"S\u00e9rie ComPak\u00ae PCP &#8211; Horizontale et verticale\"}]},{\"@type\":\"WebSite\",\"@id\":\"https:\/\/poolpak.com\/fr\/#website\",\"url\":\"https:\/\/poolpak.com\/fr\/\",\"name\":\"PoolPak\",\"description\":\"Dehumidification That Works\",\"publisher\":{\"@id\":\"https:\/\/poolpak.com\/fr\/#organization\"},\"potentialAction\":[{\"@type\":\"SearchAction\",\"target\":{\"@type\":\"EntryPoint\",\"urlTemplate\":\"https:\/\/poolpak.com\/fr\/?s={search_term_string}\"},\"query-input\":{\"@type\":\"PropertyValueSpecification\",\"valueRequired\":true,\"valueName\":\"search_term_string\"}}],\"inLanguage\":\"fr-FR\"},{\"@type\":\"Organization\",\"@id\":\"https:\/\/poolpak.com\/fr\/#organization\",\"name\":\"PoolPak\",\"url\":\"https:\/\/poolpak.com\/fr\/\",\"logo\":{\"@type\":\"ImageObject\",\"inLanguage\":\"fr-FR\",\"@id\":\"https:\/\/poolpak.com\/fr\/#\/schema\/logo\/image\/\",\"url\":\"https:\/\/poolpak.com\/wp-content\/uploads\/2020\/03\/poolpak-logo.svg\",\"contentUrl\":\"https:\/\/poolpak.com\/wp-content\/uploads\/2020\/03\/poolpak-logo.svg\",\"caption\":\"PoolPak\"},\"image\":{\"@id\":\"https:\/\/poolpak.com\/fr\/#\/schema\/logo\/image\/\"}}]}<\/script>\n<!-- \/ Yoast SEO plugin. -->","yoast_head_json":{"title":"S\u00e9rie ComPak\u00ae PCP - Horizontale et verticale - PoolPak","robots":{"index":"index","follow":"follow","max-snippet":"max-snippet:-1","max-image-preview":"max-image-preview:large","max-video-preview":"max-video-preview:-1"},"canonical":"https:\/\/poolpak.com\/fr\/serie-compak-pcp-horizontale-et-verticale\/","og_locale":"fr_FR","og_type":"article","og_title":"S\u00e9rie ComPak\u00ae PCP - Horizontale et verticale - PoolPak","og_description":"S\u00e9rie ComPak\u00ae PCP Notre s\u00e9rie Compak\u00ae PCP offre une conception \u00e9prouv\u00e9e, \u00e0 la pointe de l&rsquo;industrie, avec une efficacit\u00e9 \u00e9nerg\u00e9tique de pointe et des am\u00e9liorations de performance qui en font le choix le plus judicieux pour les installations de petite et moyenne taille. La s\u00e9rie PCP permet de contr\u00f4ler la temp\u00e9rature et l&rsquo;humidit\u00e9 de mani\u00e8re ... Lire plus","og_url":"https:\/\/poolpak.com\/fr\/serie-compak-pcp-horizontale-et-verticale\/","og_site_name":"PoolPak","article_modified_time":"2025-06-10T14:37:53+00:00","og_image":[{"width":1366,"height":397,"url":"https:\/\/poolpak.com\/wp-content\/uploads\/2024\/11\/residential-pools-6.png","type":"image\/png"}],"twitter_card":"summary_large_image","twitter_misc":{"Dur\u00e9e de lecture estim\u00e9e":"3 minutes"},"schema":{"@context":"https:\/\/schema.org","@graph":[{"@type":"WebPage","@id":"https:\/\/poolpak.com\/fr\/serie-compak-pcp-horizontale-et-verticale\/","url":"https:\/\/poolpak.com\/fr\/serie-compak-pcp-horizontale-et-verticale\/","name":"S\u00e9rie ComPak\u00ae PCP - Horizontale et verticale - PoolPak","isPartOf":{"@id":"https:\/\/poolpak.com\/fr\/#website"},"primaryImageOfPage":{"@id":"https:\/\/poolpak.com\/fr\/serie-compak-pcp-horizontale-et-verticale\/#primaryimage"},"image":{"@id":"https:\/\/poolpak.com\/fr\/serie-compak-pcp-horizontale-et-verticale\/#primaryimage"},"thumbnailUrl":"https:\/\/poolpak.com\/wp-content\/uploads\/2024\/11\/residential-pools-6-1024x298.png","datePublished":"2020-09-28T16:30:23+00:00","dateModified":"2025-06-10T14:37:53+00:00","breadcrumb":{"@id":"https:\/\/poolpak.com\/fr\/serie-compak-pcp-horizontale-et-verticale\/#breadcrumb"},"inLanguage":"fr-FR","potentialAction":[{"@type":"ReadAction","target":["https:\/\/poolpak.com\/fr\/serie-compak-pcp-horizontale-et-verticale\/"]}]},{"@type":"ImageObject","inLanguage":"fr-FR","@id":"https:\/\/poolpak.com\/fr\/serie-compak-pcp-horizontale-et-verticale\/#primaryimage","url":"https:\/\/poolpak.com\/wp-content\/uploads\/2024\/11\/residential-pools-6-1024x298.png","contentUrl":"https:\/\/poolpak.com\/wp-content\/uploads\/2024\/11\/residential-pools-6-1024x298.png"},{"@type":"BreadcrumbList","@id":"https:\/\/poolpak.com\/fr\/serie-compak-pcp-horizontale-et-verticale\/#breadcrumb","itemListElement":[{"@type":"ListItem","position":1,"name":"Home","item":"https:\/\/poolpak.com\/fr\/"},{"@type":"ListItem","position":2,"name":"S\u00e9rie ComPak\u00ae PCP &#8211; Horizontale et verticale"}]},{"@type":"WebSite","@id":"https:\/\/poolpak.com\/fr\/#website","url":"https:\/\/poolpak.com\/fr\/","name":"PoolPak","description":"Dehumidification That Works","publisher":{"@id":"https:\/\/poolpak.com\/fr\/#organization"},"potentialAction":[{"@type":"SearchAction","target":{"@type":"EntryPoint","urlTemplate":"https:\/\/poolpak.com\/fr\/?s={search_term_string}"},"query-input":{"@type":"PropertyValueSpecification","valueRequired":true,"valueName":"search_term_string"}}],"inLanguage":"fr-FR"},{"@type":"Organization","@id":"https:\/\/poolpak.com\/fr\/#organization","name":"PoolPak","url":"https:\/\/poolpak.com\/fr\/","logo":{"@type":"ImageObject","inLanguage":"fr-FR","@id":"https:\/\/poolpak.com\/fr\/#\/schema\/logo\/image\/","url":"https:\/\/poolpak.com\/wp-content\/uploads\/2020\/03\/poolpak-logo.svg","contentUrl":"https:\/\/poolpak.com\/wp-content\/uploads\/2020\/03\/poolpak-logo.svg","caption":"PoolPak"},"image":{"@id":"https:\/\/poolpak.com\/fr\/#\/schema\/logo\/image\/"}}]}},"_links":{"self":[{"href":"https:\/\/poolpak.com\/fr\/wp-json\/wp\/v2\/pages\/8604","targetHints":{"allow":["GET"]}}],"collection":[{"href":"https:\/\/poolpak.com\/fr\/wp-json\/wp\/v2\/pages"}],"about":[{"href":"https:\/\/poolpak.com\/fr\/wp-json\/wp\/v2\/types\/page"}],"author":[{"embeddable":true,"href":"https:\/\/poolpak.com\/fr\/wp-json\/wp\/v2\/users\/1"}],"replies":[{"embeddable":true,"href":"https:\/\/poolpak.com\/fr\/wp-json\/wp\/v2\/comments?post=8604"}],"version-history":[{"count":16,"href":"https:\/\/poolpak.com\/fr\/wp-json\/wp\/v2\/pages\/8604\/revisions"}],"predecessor-version":[{"id":9690,"href":"https:\/\/poolpak.com\/fr\/wp-json\/wp\/v2\/pages\/8604\/revisions\/9690"}],"wp:attachment":[{"href":"https:\/\/poolpak.com\/fr\/wp-json\/wp\/v2\/media?parent=8604"}],"curies":[{"name":"wp","href":"https:\/\/api.w.org\/{rel}","templated":true}]}}