{"id":8606,"date":"2024-08-05T17:20:31","date_gmt":"2024-08-05T17:20:31","guid":{"rendered":"https:\/\/poolpak.com\/compak-serie-pcp-avec-avec-loption-de-point-de-rosee-bas\/"},"modified":"2025-06-10T14:40:05","modified_gmt":"2025-06-10T14:40:05","slug":"compak-serie-pcp-avec-avec-loption-de-point-de-rosee-bas","status":"publish","type":"page","link":"https:\/\/poolpak.com\/fr\/compak-serie-pcp-avec-avec-loption-de-point-de-rosee-bas\/","title":{"rendered":"ComPak\u00ae S\u00e9rie PCP avec avec l&rsquo;option de point de ros\u00e9e bas"},"content":{"rendered":"\t\t<div data-elementor-type=\"wp-page\" data-elementor-id=\"8606\" class=\"elementor elementor-8606 elementor-8176\" data-elementor-post-type=\"page\">\n\t\t\t\t\t\t<section class=\"elementor-section elementor-top-section elementor-element elementor-element-555636f elementor-section-boxed elementor-section-height-default elementor-section-height-default\" data-id=\"555636f\" data-element_type=\"section\" data-e-type=\"section\">\n\t\t\t\t\t\t<div class=\"elementor-container elementor-column-gap-default\">\n\t\t\t\t\t<div class=\"elementor-column elementor-col-100 elementor-top-column elementor-element elementor-element-2127ce0\" data-id=\"2127ce0\" data-element_type=\"column\" data-e-type=\"column\">\n\t\t\t<div class=\"elementor-widget-wrap elementor-element-populated\">\n\t\t\t\t\t\t<section class=\"elementor-section elementor-inner-section elementor-element elementor-element-c6be1a7 elementor-section-boxed elementor-section-height-default elementor-section-height-default\" data-id=\"c6be1a7\" data-element_type=\"section\" data-e-type=\"section\">\n\t\t\t\t\t\t<div class=\"elementor-container elementor-column-gap-default\">\n\t\t\t\t\t<div class=\"elementor-column elementor-col-100 elementor-inner-column elementor-element elementor-element-d173433\" data-id=\"d173433\" data-element_type=\"column\" data-e-type=\"column\">\n\t\t\t<div class=\"elementor-widget-wrap elementor-element-populated\">\n\t\t\t\t\t\t<div class=\"elementor-element elementor-element-f68e240 elementor-widget elementor-widget-heading\" data-id=\"f68e240\" data-element_type=\"widget\" data-e-type=\"widget\" data-widget_type=\"heading.default\">\n\t\t\t\t<div class=\"elementor-widget-container\">\n\t\t\t\t\t<h1 class=\"elementor-heading-title elementor-size-default\">S\u00e9rie ComPak\u00ae PCP<\/h1>\t\t\t\t<\/div>\n\t\t\t\t<\/div>\n\t\t\t\t<div class=\"elementor-element elementor-element-0f2fc7f elementor-widget elementor-widget-text-editor\" data-id=\"0f2fc7f\" data-element_type=\"widget\" data-e-type=\"widget\" data-widget_type=\"text-editor.default\">\n\t\t\t\t<div class=\"elementor-widget-container\">\n\t\t\t\t\t\t\t\t\t<p><b>w\/ Option bas point de ros\u00e9e<\/b><\/p>\n\t\t\t\t\t\t\t\t<\/div>\n\t\t\t\t<\/div>\n\t\t\t\t<div class=\"elementor-element elementor-element-aa3e882 elementor-widget__width-initial elementor-widget elementor-widget-text-editor\" data-id=\"aa3e882\" data-element_type=\"widget\" data-e-type=\"widget\" data-widget_type=\"text-editor.default\">\n\t\t\t\t<div class=\"elementor-widget-container\">\n\t\t\t\t\t\t\t\t\t<p>Les syst\u00e8mes CVC \u00e0 faible point de ros\u00e9e de PoolPak sont sp\u00e9cialement con\u00e7us pour r\u00e9pondre aux besoins extr\u00eames de d\u00e9shumidification des centres de traitement de l&rsquo;eau, des installations d&rsquo;archivage ou de tout autre environnement o\u00f9 la d\u00e9shumidification est n\u00e9cessaire \u00e0 des points de ros\u00e9e inf\u00e9rieurs.<\/p>\n\t\t\t\t\t\t\t\t<\/div>\n\t\t\t\t<\/div>\n\t\t\t\t<div class=\"elementor-element elementor-element-1156b14 elementor-widget elementor-widget-image\" data-id=\"1156b14\" data-element_type=\"widget\" data-e-type=\"widget\" data-widget_type=\"image.default\">\n\t\t\t\t<div class=\"elementor-widget-container\">\n\t\t\t\t\t\t\t\t\t\t\t\t\t\t\t<img fetchpriority=\"high\" decoding=\"async\" width=\"900\" height=\"506\" src=\"https:\/\/poolpak.com\/wp-content\/uploads\/2024\/08\/water-treatment-seresco-1024x576.png\" class=\"attachment-large size-large wp-image-8220\" alt=\"\" srcset=\"https:\/\/poolpak.com\/wp-content\/uploads\/2024\/08\/water-treatment-seresco-1024x576.png 1024w, https:\/\/poolpak.com\/wp-content\/uploads\/2024\/08\/water-treatment-seresco-300x169.png 300w, https:\/\/poolpak.com\/wp-content\/uploads\/2024\/08\/water-treatment-seresco-768x432.png 768w, https:\/\/poolpak.com\/wp-content\/uploads\/2024\/08\/water-treatment-seresco-1536x864.png 1536w, https:\/\/poolpak.com\/wp-content\/uploads\/2024\/08\/water-treatment-seresco.png 1920w\" sizes=\"(max-width: 900px) 100vw, 900px\" \/>\t\t\t\t\t\t\t\t\t\t\t\t\t\t\t<\/div>\n\t\t\t\t<\/div>\n\t\t\t\t<div class=\"elementor-element elementor-element-8cd4996 elementor-widget__width-initial elementor-widget elementor-widget-text-editor\" data-id=\"8cd4996\" data-element_type=\"widget\" data-e-type=\"widget\" data-widget_type=\"text-editor.default\">\n\t\t\t\t<div class=\"elementor-widget-container\">\n\t\t\t\t\t\t\t\t\t<p>Notre technologie de compresseur \u00e0 deux \u00e9tages offre non seulement une faible consommation d&rsquo;\u00e9nergie, mais emp\u00eache \u00e9galement le gel du serpentin d&rsquo;\u00e9vaporation, ce qui permet de climatiser et de d\u00e9shumidifier avec des points de ros\u00e9e de l&rsquo;air entrant aussi bas que 40\u00b0F. Gr\u00e2ce \u00e0 la surveillance Internet 24\/7 via WebSentry\u00ae, vous pouvez garantir des performances optimales et des alertes imm\u00e9diates, pour une tranquillit\u00e9 d&rsquo;esprit et une efficacit\u00e9 op\u00e9rationnelle accrues.<\/p>\n\t\t\t\t\t\t\t\t<\/div>\n\t\t\t\t<\/div>\n\t\t\t\t<div class=\"elementor-element elementor-element-d075c00 elementor-widget elementor-widget-heading\" data-id=\"d075c00\" data-element_type=\"widget\" data-e-type=\"widget\" data-widget_type=\"heading.default\">\n\t\t\t\t<div class=\"elementor-widget-container\">\n\t\t\t\t\t<h3 class=\"elementor-heading-title elementor-size-default\">Les avantages<\/h3>\t\t\t\t<\/div>\n\t\t\t\t<\/div>\n\t\t\t\t<div class=\"elementor-element elementor-element-277f28d elementor-widget elementor-widget-text-editor\" data-id=\"277f28d\" data-element_type=\"widget\" data-e-type=\"widget\" data-widget_type=\"text-editor.default\">\n\t\t\t\t<div class=\"elementor-widget-container\">\n\t\t\t\t\t\t\t\t\t<ul><li>Disponible sur les s\u00e9ries ComPack\u00ae PCP existantes de 2 \u00e0 8 tonnes, y compris les unit\u00e9s superpos\u00e9es.<\/li><li>Compresseurs \u00e0 2 \u00e9tages pour un contr\u00f4le pr\u00e9cis de l&rsquo;environnement<\/li><li>Valves d&rsquo;expansion \u00e9lectroniques (EEV) pour un d\u00e9bit de r\u00e9frig\u00e9rant pr\u00e9cis<\/li><li>Capacit\u00e9 de climatisation<\/li><li>Technologie de d\u00e9shumidification silencieuse et ultra-efficace dans un encombrement r\u00e9duit<\/li><li>Les multiples options de raccordement des conduits d&rsquo;air offrent une grande souplesse pour les r\u00e9novations ou les nouvelles constructions.<\/li><li>Les composants critiques sont maintenus hors du flux d&rsquo;air.<\/li><li>Surveillance par Internet 24 heures sur 24 et 7 jours sur 7 via WebSentry<\/li><li>Garantie in\u00e9gal\u00e9e d&rsquo;un an sur la main d&rsquo;\u0153uvre avec la connexion WebSentry<\/li><li>Garantie de 2 ans sur les pi\u00e8ces<\/li><\/ul>\t\t\t\t\t\t\t\t<\/div>\n\t\t\t\t<\/div>\n\t\t\t\t<div class=\"elementor-element elementor-element-9936511 elementor-widget elementor-widget-heading\" data-id=\"9936511\" data-element_type=\"widget\" data-e-type=\"widget\" data-widget_type=\"heading.default\">\n\t\t\t\t<div class=\"elementor-widget-container\">\n\t\t\t\t\t<h3 class=\"elementor-heading-title elementor-size-default\">Applications<\/h3>\t\t\t\t<\/div>\n\t\t\t\t<\/div>\n\t\t\t\t<div class=\"elementor-element elementor-element-e8eb094 elementor-widget elementor-widget-text-editor\" data-id=\"e8eb094\" data-element_type=\"widget\" data-e-type=\"widget\" data-widget_type=\"text-editor.default\">\n\t\t\t\t<div class=\"elementor-widget-container\">\n\t\t\t\t\t\t\t\t\t<ul>\n<li>Centres de traitement des eaux<\/li>\n<li>Centres d&rsquo;archives<\/li>\n<li>Biblioth\u00e8ques<\/li>\n<li>Salles de serveurs<\/li>\n<li>Installations de stockage<\/li>\n<li>Entrep\u00f4ts<\/li>\n<li>Vides sanitaires<\/li>\n<li>Caves<\/li>\n<li>Salles de s\u00e9chage de parachutes<\/li>\n<li>S\u00e9choirs pour tuyaux d&rsquo;incendie<\/li>\n<li>Et plus encore&#8230;<\/li>\n<\/ul>\n\t\t\t\t\t\t\t\t<\/div>\n\t\t\t\t<\/div>\n\t\t\t\t<div class=\"elementor-element elementor-element-3505442 elementor-widget elementor-widget-heading\" data-id=\"3505442\" data-element_type=\"widget\" data-e-type=\"widget\" data-widget_type=\"heading.default\">\n\t\t\t\t<div class=\"elementor-widget-container\">\n\t\t\t\t\t<h4 class=\"elementor-heading-title elementor-size-default\"><b>Ressources<\/b><\/h4>\t\t\t\t<\/div>\n\t\t\t\t<\/div>\n\t\t\t\t<div class=\"elementor-element elementor-element-5287e78 elementor-widget elementor-widget-text-editor\" data-id=\"5287e78\" data-element_type=\"widget\" data-e-type=\"widget\" data-widget_type=\"text-editor.default\">\n\t\t\t\t<div class=\"elementor-widget-container\">\n\t\t\t\t\t\t\t\t\t<p><a href=\"https:\/\/poolpak.com\/wp-content\/uploads\/2024\/12\/poolpak-low-dewpoint-system-cut-sheet-2024fr.pdf\">S\u00e9rie ComPak PCP avec option de point de ros\u00e9e bas<\/a><br \/><a href=\"https:\/\/poolpak.com\/wp-content\/uploads\/2024\/12\/compak-pcp-series-fr.pdf\" target=\"_blank\" rel=\"noopener\">Brochure S\u00e9rie PCP ComPak<\/a><br \/><a href=\"https:\/\/poolpak.com\/wp-content\/uploads\/2024\/11\/poolpakwebsentry-fr.pdf\" target=\"_blank\" rel=\"noopener\">Brochure WebSentry\u00ae<\/a><br \/><a href=\"https:\/\/poolpak.com\/fr\/manuels\/\" target=\"_blank\" rel=\"noopener\">Manuels<br \/><\/a><\/p>\t\t\t\t\t\t\t\t<\/div>\n\t\t\t\t<\/div>\n\t\t\t\t\t<\/div>\n\t\t<\/div>\n\t\t\t\t\t<\/div>\n\t\t<\/section>\n\t\t\t\t\t<\/div>\n\t\t<\/div>\n\t\t\t\t\t<\/div>\n\t\t<\/section>\n\t\t\t\t<\/div>\n\t\t","protected":false},"excerpt":{"rendered":"<p>S\u00e9rie ComPak\u00ae PCP w\/ Option bas point de ros\u00e9e Les syst\u00e8mes CVC \u00e0 faible point de ros\u00e9e de PoolPak sont sp\u00e9cialement con\u00e7us pour r\u00e9pondre aux besoins extr\u00eames de d\u00e9shumidification des centres de traitement de l&rsquo;eau, des installations d&rsquo;archivage ou de tout autre environnement o\u00f9 la d\u00e9shumidification est n\u00e9cessaire \u00e0 des points de ros\u00e9e inf\u00e9rieurs. Notre &#8230; <a title=\"ComPak\u00ae S\u00e9rie PCP avec avec l&rsquo;option de point de ros\u00e9e bas\" class=\"read-more\" href=\"https:\/\/poolpak.com\/fr\/compak-serie-pcp-avec-avec-loption-de-point-de-rosee-bas\/\" aria-label=\"En savoir plus sur ComPak\u00ae S\u00e9rie PCP avec avec l&rsquo;option de point de ros\u00e9e bas\">Lire plus<\/a><\/p>\n","protected":false},"author":1,"featured_media":0,"parent":0,"menu_order":0,"comment_status":"closed","ping_status":"closed","template":"","meta":{"footnotes":""},"class_list":["post-8606","page","type-page","status-publish"],"yoast_head":"<!-- This site is optimized with the Yoast SEO plugin v27.1.1 - https:\/\/yoast.com\/product\/yoast-seo-wordpress\/ -->\n<title>ComPak\u00ae S\u00e9rie PCP avec avec l&#039;option de point de ros\u00e9e bas - PoolPak<\/title>\n<meta name=\"robots\" content=\"index, follow, max-snippet:-1, max-image-preview:large, max-video-preview:-1\" \/>\n<link rel=\"canonical\" href=\"https:\/\/poolpak.com\/fr\/compak-serie-pcp-avec-avec-loption-de-point-de-rosee-bas\/\" \/>\n<meta property=\"og:locale\" content=\"fr_FR\" \/>\n<meta property=\"og:type\" content=\"article\" \/>\n<meta property=\"og:title\" content=\"ComPak\u00ae S\u00e9rie PCP avec avec l&#039;option de point de ros\u00e9e bas - PoolPak\" \/>\n<meta property=\"og:description\" content=\"S\u00e9rie ComPak\u00ae PCP w\/ Option bas point de ros\u00e9e Les syst\u00e8mes CVC \u00e0 faible point de ros\u00e9e de PoolPak sont sp\u00e9cialement con\u00e7us pour r\u00e9pondre aux besoins extr\u00eames de d\u00e9shumidification des centres de traitement de l&rsquo;eau, des installations d&rsquo;archivage ou de tout autre environnement o\u00f9 la d\u00e9shumidification est n\u00e9cessaire \u00e0 des points de ros\u00e9e inf\u00e9rieurs. Notre ... Lire plus\" \/>\n<meta property=\"og:url\" content=\"https:\/\/poolpak.com\/fr\/compak-serie-pcp-avec-avec-loption-de-point-de-rosee-bas\/\" \/>\n<meta property=\"og:site_name\" content=\"PoolPak\" \/>\n<meta property=\"article:modified_time\" content=\"2025-06-10T14:40:05+00:00\" \/>\n<meta property=\"og:image\" content=\"https:\/\/poolpak.com\/wp-content\/uploads\/2024\/08\/water-treatment-seresco-1024x576.png\" \/>\n\t<meta property=\"og:image:width\" content=\"1024\" \/>\n\t<meta property=\"og:image:height\" content=\"576\" \/>\n\t<meta property=\"og:image:type\" content=\"image\/png\" \/>\n<meta name=\"twitter:card\" content=\"summary_large_image\" \/>\n<meta name=\"twitter:label1\" content=\"Dur\u00e9e de lecture estim\u00e9e\" \/>\n\t<meta name=\"twitter:data1\" content=\"2 minutes\" \/>\n<script type=\"application\/ld+json\" class=\"yoast-schema-graph\">{\"@context\":\"https:\/\/schema.org\",\"@graph\":[{\"@type\":\"WebPage\",\"@id\":\"https:\/\/poolpak.com\/fr\/compak-serie-pcp-avec-avec-loption-de-point-de-rosee-bas\/\",\"url\":\"https:\/\/poolpak.com\/fr\/compak-serie-pcp-avec-avec-loption-de-point-de-rosee-bas\/\",\"name\":\"ComPak\u00ae S\u00e9rie PCP avec avec l'option de point de ros\u00e9e bas - PoolPak\",\"isPartOf\":{\"@id\":\"https:\/\/poolpak.com\/fr\/#website\"},\"primaryImageOfPage\":{\"@id\":\"https:\/\/poolpak.com\/fr\/compak-serie-pcp-avec-avec-loption-de-point-de-rosee-bas\/#primaryimage\"},\"image\":{\"@id\":\"https:\/\/poolpak.com\/fr\/compak-serie-pcp-avec-avec-loption-de-point-de-rosee-bas\/#primaryimage\"},\"thumbnailUrl\":\"https:\/\/poolpak.com\/wp-content\/uploads\/2024\/08\/water-treatment-seresco-1024x576.png\",\"datePublished\":\"2024-08-05T17:20:31+00:00\",\"dateModified\":\"2025-06-10T14:40:05+00:00\",\"breadcrumb\":{\"@id\":\"https:\/\/poolpak.com\/fr\/compak-serie-pcp-avec-avec-loption-de-point-de-rosee-bas\/#breadcrumb\"},\"inLanguage\":\"fr-FR\",\"potentialAction\":[{\"@type\":\"ReadAction\",\"target\":[\"https:\/\/poolpak.com\/fr\/compak-serie-pcp-avec-avec-loption-de-point-de-rosee-bas\/\"]}]},{\"@type\":\"ImageObject\",\"inLanguage\":\"fr-FR\",\"@id\":\"https:\/\/poolpak.com\/fr\/compak-serie-pcp-avec-avec-loption-de-point-de-rosee-bas\/#primaryimage\",\"url\":\"https:\/\/poolpak.com\/wp-content\/uploads\/2024\/08\/water-treatment-seresco-1024x576.png\",\"contentUrl\":\"https:\/\/poolpak.com\/wp-content\/uploads\/2024\/08\/water-treatment-seresco-1024x576.png\"},{\"@type\":\"BreadcrumbList\",\"@id\":\"https:\/\/poolpak.com\/fr\/compak-serie-pcp-avec-avec-loption-de-point-de-rosee-bas\/#breadcrumb\",\"itemListElement\":[{\"@type\":\"ListItem\",\"position\":1,\"name\":\"Home\",\"item\":\"https:\/\/poolpak.com\/fr\/\"},{\"@type\":\"ListItem\",\"position\":2,\"name\":\"ComPak\u00ae S\u00e9rie PCP avec avec l&#8217;option de point de ros\u00e9e bas\"}]},{\"@type\":\"WebSite\",\"@id\":\"https:\/\/poolpak.com\/fr\/#website\",\"url\":\"https:\/\/poolpak.com\/fr\/\",\"name\":\"PoolPak\",\"description\":\"Dehumidification That Works\",\"publisher\":{\"@id\":\"https:\/\/poolpak.com\/fr\/#organization\"},\"potentialAction\":[{\"@type\":\"SearchAction\",\"target\":{\"@type\":\"EntryPoint\",\"urlTemplate\":\"https:\/\/poolpak.com\/fr\/?s={search_term_string}\"},\"query-input\":{\"@type\":\"PropertyValueSpecification\",\"valueRequired\":true,\"valueName\":\"search_term_string\"}}],\"inLanguage\":\"fr-FR\"},{\"@type\":\"Organization\",\"@id\":\"https:\/\/poolpak.com\/fr\/#organization\",\"name\":\"PoolPak\",\"url\":\"https:\/\/poolpak.com\/fr\/\",\"logo\":{\"@type\":\"ImageObject\",\"inLanguage\":\"fr-FR\",\"@id\":\"https:\/\/poolpak.com\/fr\/#\/schema\/logo\/image\/\",\"url\":\"https:\/\/poolpak.com\/wp-content\/uploads\/2020\/03\/poolpak-logo.svg\",\"contentUrl\":\"https:\/\/poolpak.com\/wp-content\/uploads\/2020\/03\/poolpak-logo.svg\",\"caption\":\"PoolPak\"},\"image\":{\"@id\":\"https:\/\/poolpak.com\/fr\/#\/schema\/logo\/image\/\"}}]}<\/script>\n<!-- \/ Yoast SEO plugin. -->","yoast_head_json":{"title":"ComPak\u00ae S\u00e9rie PCP avec avec l'option de point de ros\u00e9e bas - PoolPak","robots":{"index":"index","follow":"follow","max-snippet":"max-snippet:-1","max-image-preview":"max-image-preview:large","max-video-preview":"max-video-preview:-1"},"canonical":"https:\/\/poolpak.com\/fr\/compak-serie-pcp-avec-avec-loption-de-point-de-rosee-bas\/","og_locale":"fr_FR","og_type":"article","og_title":"ComPak\u00ae S\u00e9rie PCP avec avec l'option de point de ros\u00e9e bas - PoolPak","og_description":"S\u00e9rie ComPak\u00ae PCP w\/ Option bas point de ros\u00e9e Les syst\u00e8mes CVC \u00e0 faible point de ros\u00e9e de PoolPak sont sp\u00e9cialement con\u00e7us pour r\u00e9pondre aux besoins extr\u00eames de d\u00e9shumidification des centres de traitement de l&rsquo;eau, des installations d&rsquo;archivage ou de tout autre environnement o\u00f9 la d\u00e9shumidification est n\u00e9cessaire \u00e0 des points de ros\u00e9e inf\u00e9rieurs. Notre ... Lire plus","og_url":"https:\/\/poolpak.com\/fr\/compak-serie-pcp-avec-avec-loption-de-point-de-rosee-bas\/","og_site_name":"PoolPak","article_modified_time":"2025-06-10T14:40:05+00:00","og_image":[{"width":1024,"height":576,"url":"https:\/\/poolpak.com\/wp-content\/uploads\/2024\/08\/water-treatment-seresco-1024x576.png","type":"image\/png"}],"twitter_card":"summary_large_image","twitter_misc":{"Dur\u00e9e de lecture estim\u00e9e":"2 minutes"},"schema":{"@context":"https:\/\/schema.org","@graph":[{"@type":"WebPage","@id":"https:\/\/poolpak.com\/fr\/compak-serie-pcp-avec-avec-loption-de-point-de-rosee-bas\/","url":"https:\/\/poolpak.com\/fr\/compak-serie-pcp-avec-avec-loption-de-point-de-rosee-bas\/","name":"ComPak\u00ae S\u00e9rie PCP avec avec l'option de point de ros\u00e9e bas - PoolPak","isPartOf":{"@id":"https:\/\/poolpak.com\/fr\/#website"},"primaryImageOfPage":{"@id":"https:\/\/poolpak.com\/fr\/compak-serie-pcp-avec-avec-loption-de-point-de-rosee-bas\/#primaryimage"},"image":{"@id":"https:\/\/poolpak.com\/fr\/compak-serie-pcp-avec-avec-loption-de-point-de-rosee-bas\/#primaryimage"},"thumbnailUrl":"https:\/\/poolpak.com\/wp-content\/uploads\/2024\/08\/water-treatment-seresco-1024x576.png","datePublished":"2024-08-05T17:20:31+00:00","dateModified":"2025-06-10T14:40:05+00:00","breadcrumb":{"@id":"https:\/\/poolpak.com\/fr\/compak-serie-pcp-avec-avec-loption-de-point-de-rosee-bas\/#breadcrumb"},"inLanguage":"fr-FR","potentialAction":[{"@type":"ReadAction","target":["https:\/\/poolpak.com\/fr\/compak-serie-pcp-avec-avec-loption-de-point-de-rosee-bas\/"]}]},{"@type":"ImageObject","inLanguage":"fr-FR","@id":"https:\/\/poolpak.com\/fr\/compak-serie-pcp-avec-avec-loption-de-point-de-rosee-bas\/#primaryimage","url":"https:\/\/poolpak.com\/wp-content\/uploads\/2024\/08\/water-treatment-seresco-1024x576.png","contentUrl":"https:\/\/poolpak.com\/wp-content\/uploads\/2024\/08\/water-treatment-seresco-1024x576.png"},{"@type":"BreadcrumbList","@id":"https:\/\/poolpak.com\/fr\/compak-serie-pcp-avec-avec-loption-de-point-de-rosee-bas\/#breadcrumb","itemListElement":[{"@type":"ListItem","position":1,"name":"Home","item":"https:\/\/poolpak.com\/fr\/"},{"@type":"ListItem","position":2,"name":"ComPak\u00ae S\u00e9rie PCP avec avec l&#8217;option de point de ros\u00e9e bas"}]},{"@type":"WebSite","@id":"https:\/\/poolpak.com\/fr\/#website","url":"https:\/\/poolpak.com\/fr\/","name":"PoolPak","description":"Dehumidification That Works","publisher":{"@id":"https:\/\/poolpak.com\/fr\/#organization"},"potentialAction":[{"@type":"SearchAction","target":{"@type":"EntryPoint","urlTemplate":"https:\/\/poolpak.com\/fr\/?s={search_term_string}"},"query-input":{"@type":"PropertyValueSpecification","valueRequired":true,"valueName":"search_term_string"}}],"inLanguage":"fr-FR"},{"@type":"Organization","@id":"https:\/\/poolpak.com\/fr\/#organization","name":"PoolPak","url":"https:\/\/poolpak.com\/fr\/","logo":{"@type":"ImageObject","inLanguage":"fr-FR","@id":"https:\/\/poolpak.com\/fr\/#\/schema\/logo\/image\/","url":"https:\/\/poolpak.com\/wp-content\/uploads\/2020\/03\/poolpak-logo.svg","contentUrl":"https:\/\/poolpak.com\/wp-content\/uploads\/2020\/03\/poolpak-logo.svg","caption":"PoolPak"},"image":{"@id":"https:\/\/poolpak.com\/fr\/#\/schema\/logo\/image\/"}}]}},"_links":{"self":[{"href":"https:\/\/poolpak.com\/fr\/wp-json\/wp\/v2\/pages\/8606","targetHints":{"allow":["GET"]}}],"collection":[{"href":"https:\/\/poolpak.com\/fr\/wp-json\/wp\/v2\/pages"}],"about":[{"href":"https:\/\/poolpak.com\/fr\/wp-json\/wp\/v2\/types\/page"}],"author":[{"embeddable":true,"href":"https:\/\/poolpak.com\/fr\/wp-json\/wp\/v2\/users\/1"}],"replies":[{"embeddable":true,"href":"https:\/\/poolpak.com\/fr\/wp-json\/wp\/v2\/comments?post=8606"}],"version-history":[{"count":10,"href":"https:\/\/poolpak.com\/fr\/wp-json\/wp\/v2\/pages\/8606\/revisions"}],"predecessor-version":[{"id":9693,"href":"https:\/\/poolpak.com\/fr\/wp-json\/wp\/v2\/pages\/8606\/revisions\/9693"}],"wp:attachment":[{"href":"https:\/\/poolpak.com\/fr\/wp-json\/wp\/v2\/media?parent=8606"}],"curies":[{"name":"wp","href":"https:\/\/api.w.org\/{rel}","templated":true}]}}