{"id":8619,"date":"2020-09-28T17:16:42","date_gmt":"2020-09-28T17:16:42","guid":{"rendered":"https:\/\/poolpak.com\/compak-pcp-serie-stakpak\/"},"modified":"2025-06-10T14:40:43","modified_gmt":"2025-06-10T14:40:43","slug":"compak-pcp-serie-stakpak","status":"publish","type":"page","link":"https:\/\/poolpak.com\/fr\/compak-pcp-serie-stakpak\/","title":{"rendered":"ComPak\u00ae PCP S\u00e9rie StakPak"},"content":{"rendered":"\t\t<div data-elementor-type=\"wp-page\" data-elementor-id=\"8619\" class=\"elementor elementor-8619 elementor-582\" data-elementor-post-type=\"page\">\n\t\t\t\t\t\t<section class=\"elementor-section elementor-top-section elementor-element elementor-element-555636f elementor-section-boxed elementor-section-height-default elementor-section-height-default\" data-id=\"555636f\" data-element_type=\"section\" data-e-type=\"section\">\n\t\t\t\t\t\t<div class=\"elementor-container elementor-column-gap-default\">\n\t\t\t\t\t<div class=\"elementor-column elementor-col-100 elementor-top-column elementor-element elementor-element-2127ce0\" data-id=\"2127ce0\" data-element_type=\"column\" data-e-type=\"column\">\n\t\t\t<div class=\"elementor-widget-wrap elementor-element-populated\">\n\t\t\t\t\t\t<section class=\"elementor-section elementor-inner-section elementor-element elementor-element-c6be1a7 elementor-section-boxed elementor-section-height-default elementor-section-height-default\" data-id=\"c6be1a7\" data-element_type=\"section\" data-e-type=\"section\">\n\t\t\t\t\t\t<div class=\"elementor-container elementor-column-gap-default\">\n\t\t\t\t\t<div class=\"elementor-column elementor-col-100 elementor-inner-column elementor-element elementor-element-d173433\" data-id=\"d173433\" data-element_type=\"column\" data-e-type=\"column\">\n\t\t\t<div class=\"elementor-widget-wrap elementor-element-populated\">\n\t\t\t\t\t\t<div class=\"elementor-element elementor-element-f68e240 elementor-widget elementor-widget-heading\" data-id=\"f68e240\" data-element_type=\"widget\" data-e-type=\"widget\" data-widget_type=\"heading.default\">\n\t\t\t\t<div class=\"elementor-widget-container\">\n\t\t\t\t\t<h1 class=\"elementor-heading-title elementor-size-default\">ComPak\u00ae PCP S\u00e9rie StakPak<\/h1>\t\t\t\t<\/div>\n\t\t\t\t<\/div>\n\t\t\t\t<div class=\"elementor-element elementor-element-328be55 elementor-widget elementor-widget-image\" data-id=\"328be55\" data-element_type=\"widget\" data-e-type=\"widget\" data-widget_type=\"image.default\">\n\t\t\t\t<div class=\"elementor-widget-container\">\n\t\t\t\t\t\t\t\t\t\t\t\t\t\t\t<img fetchpriority=\"high\" decoding=\"async\" width=\"900\" height=\"262\" src=\"https:\/\/poolpak.com\/wp-content\/uploads\/2024\/11\/residential-pools-7-1024x298.png\" class=\"attachment-large size-large wp-image-8621\" alt=\"\" srcset=\"https:\/\/poolpak.com\/wp-content\/uploads\/2024\/11\/residential-pools-7-1024x298.png 1024w, https:\/\/poolpak.com\/wp-content\/uploads\/2024\/11\/residential-pools-7-300x87.png 300w, https:\/\/poolpak.com\/wp-content\/uploads\/2024\/11\/residential-pools-7-768x223.png 768w, https:\/\/poolpak.com\/wp-content\/uploads\/2024\/11\/residential-pools-7.png 1366w\" sizes=\"(max-width: 900px) 100vw, 900px\" \/>\t\t\t\t\t\t\t\t\t\t\t\t\t\t\t<\/div>\n\t\t\t\t<\/div>\n\t\t\t\t<div class=\"elementor-element elementor-element-aa3e882 elementor-widget elementor-widget-text-editor\" data-id=\"aa3e882\" data-element_type=\"widget\" data-e-type=\"widget\" data-widget_type=\"text-editor.default\">\n\t\t\t\t<div class=\"elementor-widget-container\">\n\t\t\t\t\t\t\t\t\t<p>Notre s\u00e9rie ComPak\u00ae StakPak est une innovation ing\u00e9nieuse qui fournit deux fois plus de d\u00e9shumidification dans le m\u00eame espace qu&rsquo;une unit\u00e9 normale. Sa conception compacte \u00e0 deux \u00e9tages offre la capacit\u00e9 et les performances \u00e9volutives de deux syst\u00e8mes complets en un, contr\u00f4l\u00e9s par un seul cerveau sophistiqu\u00e9. Notre s\u00e9rie StakPak offre la fiabilit\u00e9 de deux circuits ind\u00e9pendants, enti\u00e8rement redondants, qui assurent une efficacit\u00e9 \u00e9nerg\u00e9tique optimale dans toutes les conditions.<\/p>\n<p>Avec WebSentry\u00ae en standard, notre s\u00e9rie StakPak est surveill\u00e9e 24 heures sur 24 et 7 jours sur 7 via Internet et soutenue par Dehumidified Air Services, notre r\u00e9seau national exclusif de personnel de service direct de l&rsquo;usine.<br \/>\nNotre StakPak est fiable gr\u00e2ce \u00e0 des ventilateurs ultramodernes, r\u00e9sistants \u00e0 la corrosion, ultra-efficaces et silencieux qui maximisent le flux d&rsquo;air et minimisent le bruit, sans courroies ni poulies \u00e0 user ou \u00e0 ajuster. Il prot\u00e8ge tous les composants critiques de la corrosion en les isolant du flux d&rsquo;air de la piscine dans un vestibule s\u00e9par\u00e9. Notre syst\u00e8me d&rsquo;\u00e9limination de l&rsquo;humidit\u00e9, \u00e0 la pointe de l&rsquo;industrie, d\u00e9shumidifie efficacement votre installation tout en r\u00e9duisant les co\u00fbts \u00e9nerg\u00e9tiques op\u00e9rationnels.<\/p>\n\t\t\t\t\t\t\t\t<\/div>\n\t\t\t\t<\/div>\n\t\t\t\t<div class=\"elementor-element elementor-element-d075c00 elementor-widget elementor-widget-heading\" data-id=\"d075c00\" data-element_type=\"widget\" data-e-type=\"widget\" data-widget_type=\"heading.default\">\n\t\t\t\t<div class=\"elementor-widget-container\">\n\t\t\t\t\t<h3 class=\"elementor-heading-title elementor-size-default\">Caract\u00e9ristiques Op\u00e9rationnelles<\/h3>\t\t\t\t<\/div>\n\t\t\t\t<\/div>\n\t\t\t\t<div class=\"elementor-element elementor-element-277f28d elementor-widget elementor-widget-text-editor\" data-id=\"277f28d\" data-element_type=\"widget\" data-e-type=\"widget\" data-widget_type=\"text-editor.default\">\n\t\t\t\t<div class=\"elementor-widget-container\">\n\t\t\t\t\t\t\t\t\t<ul>\n<li>Technologie de d\u00e9shumidification silencieuse et ultra-efficace dans un encombrement r\u00e9duit<\/li>\n<li>Pr\u00e9vention de la condensation murale<\/li>\n<li>Options multiples pour le refroidissement\/chauffage c\u00f4t\u00e9 air (source d&rsquo;air et d&rsquo;eau) et le chauffage de l&rsquo;eau de la piscine (syst\u00e8mes monoblocs\/split)<\/li>\n<li>Recyclage de l&rsquo;\u00e9nergie dans l&rsquo;air et l&rsquo;eau de la piscine<\/li>\n<li>Commandes \u00e0 \u00e9cran tactile faciles \u00e0 utiliser, compatibles avec l&rsquo;interface optionnelle des syst\u00e8mes d&rsquo;automatisation des b\u00e2timents les plus courants.<\/li>\n<li>Conforme aux normes de ventilation ASHRAE 62.1<\/li>\n<\/ul>\n\t\t\t\t\t\t\t\t<\/div>\n\t\t\t\t<\/div>\n\t\t\t\t<div class=\"elementor-element elementor-element-9936511 elementor-widget elementor-widget-heading\" data-id=\"9936511\" data-element_type=\"widget\" data-e-type=\"widget\" data-widget_type=\"heading.default\">\n\t\t\t\t<div class=\"elementor-widget-container\">\n\t\t\t\t\t<h3 class=\"elementor-heading-title elementor-size-default\">Caract\u00e9ristiques de la Construction<\/h3>\t\t\t\t<\/div>\n\t\t\t\t<\/div>\n\t\t\t\t<div class=\"elementor-element elementor-element-e8eb094 elementor-widget elementor-widget-text-editor\" data-id=\"e8eb094\" data-element_type=\"widget\" data-e-type=\"widget\" data-widget_type=\"text-editor.default\">\n\t\t\t\t<div class=\"elementor-widget-container\">\n\t\t\t\t\t\t\t\t\t<ul><li>Les multiples options de raccordement des conduits d&rsquo;air offrent une grande souplesse pour les r\u00e9novations ou les nouvelles constructions.<\/li><li>Deux \u00e9tages ind\u00e9pendants pour une mise en sc\u00e8ne efficace et une redondance<\/li><li>Facilit\u00e9 d&rsquo;entretien et de maintenance<\/li><li>Les composants critiques sont maintenus hors du flux d&rsquo;air<\/li><li>Compresseurs scroll \u00e0 haut rendement et ventilateur(s) de pl\u00e9num ECM \u00e0 entra\u00eenement direct<\/li><li>Ventilateur d&rsquo;extraction \u00e0 moteur ECM optionnel fourni par l&rsquo;usine<\/li><li>Les mod\u00e8les StakPak PCP-1414 \u00e0 2626 sont disponibles en configuration horizontale (int\u00e9rieur uniquement).<\/li><li>Les mod\u00e8les StakPak PCP-3030 \u00e0 5050 sont disponibles pour des configurations horizontales ou sur le toit.<\/li><li><a href=\"https:\/\/poolpak.com\/fr\/controle-intelligent-de-la-pompe\/\">Pompe intelligente<\/a><\/li><\/ul>\t\t\t\t\t\t\t\t<\/div>\n\t\t\t\t<\/div>\n\t\t\t\t<div class=\"elementor-element elementor-element-3505442 elementor-widget elementor-widget-heading\" data-id=\"3505442\" data-element_type=\"widget\" data-e-type=\"widget\" data-widget_type=\"heading.default\">\n\t\t\t\t<div class=\"elementor-widget-container\">\n\t\t\t\t\t<h4 class=\"elementor-heading-title elementor-size-default\"><b>Ressources<\/b><\/h4>\t\t\t\t<\/div>\n\t\t\t\t<\/div>\n\t\t\t\t<div class=\"elementor-element elementor-element-5287e78 elementor-widget elementor-widget-text-editor\" data-id=\"5287e78\" data-element_type=\"widget\" data-e-type=\"widget\" data-widget_type=\"text-editor.default\">\n\t\t\t\t<div class=\"elementor-widget-container\">\n\t\t\t\t\t\t\t\t\t<p><a href=\"https:\/\/poolpak.com\/wp-content\/uploads\/2025\/06\/compak-pcp-stakpak-series-2023-fr.pdf\" target=\"_blank\" rel=\"noopener\">Brochure S\u00e9rie ComPak\u00ae PCP StakPak<\/a><br \/><a href=\"https:\/\/poolpak.com\/wp-content\/uploads\/2024\/11\/poolpakwebsentry-fr.pdf\" target=\"_blank\" rel=\"noopener\">Brochure WebSentry\u00ae<\/a><br \/><a href=\"https:\/\/poolpak.com\/fr\/manuels\/\" target=\"_blank\" rel=\"noopener\">Manuels<\/a><\/p>\t\t\t\t\t\t\t\t<\/div>\n\t\t\t\t<\/div>\n\t\t\t\t\t<\/div>\n\t\t<\/div>\n\t\t\t\t\t<\/div>\n\t\t<\/section>\n\t\t\t\t\t<\/div>\n\t\t<\/div>\n\t\t\t\t\t<\/div>\n\t\t<\/section>\n\t\t\t\t<\/div>\n\t\t","protected":false},"excerpt":{"rendered":"<p>ComPak\u00ae PCP S\u00e9rie StakPak Notre s\u00e9rie ComPak\u00ae StakPak est une innovation ing\u00e9nieuse qui fournit deux fois plus de d\u00e9shumidification dans le m\u00eame espace qu&rsquo;une unit\u00e9 normale. Sa conception compacte \u00e0 deux \u00e9tages offre la capacit\u00e9 et les performances \u00e9volutives de deux syst\u00e8mes complets en un, contr\u00f4l\u00e9s par un seul cerveau sophistiqu\u00e9. Notre s\u00e9rie StakPak offre &#8230; <a title=\"ComPak\u00ae PCP S\u00e9rie StakPak\" class=\"read-more\" href=\"https:\/\/poolpak.com\/fr\/compak-pcp-serie-stakpak\/\" aria-label=\"En savoir plus sur ComPak\u00ae PCP S\u00e9rie StakPak\">Lire plus<\/a><\/p>\n","protected":false},"author":1,"featured_media":0,"parent":0,"menu_order":0,"comment_status":"closed","ping_status":"closed","template":"","meta":{"footnotes":""},"class_list":["post-8619","page","type-page","status-publish"],"yoast_head":"<!-- This site is optimized with the Yoast SEO plugin v27.4 - https:\/\/yoast.com\/product\/yoast-seo-wordpress\/ -->\n<title>ComPak\u00ae PCP S\u00e9rie StakPak - PoolPak<\/title>\n<meta name=\"robots\" content=\"index, follow, max-snippet:-1, max-image-preview:large, max-video-preview:-1\" \/>\n<link rel=\"canonical\" href=\"https:\/\/poolpak.com\/fr\/compak-pcp-serie-stakpak\/\" \/>\n<meta property=\"og:locale\" content=\"fr_FR\" \/>\n<meta property=\"og:type\" content=\"article\" \/>\n<meta property=\"og:title\" content=\"ComPak\u00ae PCP S\u00e9rie StakPak - PoolPak\" \/>\n<meta property=\"og:description\" content=\"ComPak\u00ae PCP S\u00e9rie StakPak Notre s\u00e9rie ComPak\u00ae StakPak est une innovation ing\u00e9nieuse qui fournit deux fois plus de d\u00e9shumidification dans le m\u00eame espace qu&rsquo;une unit\u00e9 normale. Sa conception compacte \u00e0 deux \u00e9tages offre la capacit\u00e9 et les performances \u00e9volutives de deux syst\u00e8mes complets en un, contr\u00f4l\u00e9s par un seul cerveau sophistiqu\u00e9. Notre s\u00e9rie StakPak offre ... Lire plus\" \/>\n<meta property=\"og:url\" content=\"https:\/\/poolpak.com\/fr\/compak-pcp-serie-stakpak\/\" \/>\n<meta property=\"og:site_name\" content=\"PoolPak\" \/>\n<meta property=\"article:modified_time\" content=\"2025-06-10T14:40:43+00:00\" \/>\n<meta property=\"og:image\" content=\"https:\/\/poolpak.com\/wp-content\/uploads\/2024\/11\/residential-pools-7.png\" \/>\n\t<meta property=\"og:image:width\" content=\"1366\" \/>\n\t<meta property=\"og:image:height\" content=\"397\" \/>\n\t<meta property=\"og:image:type\" content=\"image\/png\" \/>\n<meta name=\"twitter:card\" content=\"summary_large_image\" \/>\n<meta name=\"twitter:label1\" content=\"Dur\u00e9e de lecture estim\u00e9e\" \/>\n\t<meta name=\"twitter:data1\" content=\"3 minutes\" \/>\n<script type=\"application\/ld+json\" class=\"yoast-schema-graph\">{\"@context\":\"https:\\\/\\\/schema.org\",\"@graph\":[{\"@type\":\"WebPage\",\"@id\":\"https:\\\/\\\/poolpak.com\\\/fr\\\/compak-pcp-serie-stakpak\\\/\",\"url\":\"https:\\\/\\\/poolpak.com\\\/fr\\\/compak-pcp-serie-stakpak\\\/\",\"name\":\"ComPak\u00ae PCP S\u00e9rie StakPak - PoolPak\",\"isPartOf\":{\"@id\":\"https:\\\/\\\/poolpak.com\\\/fr\\\/#website\"},\"primaryImageOfPage\":{\"@id\":\"https:\\\/\\\/poolpak.com\\\/fr\\\/compak-pcp-serie-stakpak\\\/#primaryimage\"},\"image\":{\"@id\":\"https:\\\/\\\/poolpak.com\\\/fr\\\/compak-pcp-serie-stakpak\\\/#primaryimage\"},\"thumbnailUrl\":\"https:\\\/\\\/poolpak.com\\\/wp-content\\\/uploads\\\/2024\\\/11\\\/residential-pools-7-1024x298.png\",\"datePublished\":\"2020-09-28T17:16:42+00:00\",\"dateModified\":\"2025-06-10T14:40:43+00:00\",\"breadcrumb\":{\"@id\":\"https:\\\/\\\/poolpak.com\\\/fr\\\/compak-pcp-serie-stakpak\\\/#breadcrumb\"},\"inLanguage\":\"fr-FR\",\"potentialAction\":[{\"@type\":\"ReadAction\",\"target\":[\"https:\\\/\\\/poolpak.com\\\/fr\\\/compak-pcp-serie-stakpak\\\/\"]}]},{\"@type\":\"ImageObject\",\"inLanguage\":\"fr-FR\",\"@id\":\"https:\\\/\\\/poolpak.com\\\/fr\\\/compak-pcp-serie-stakpak\\\/#primaryimage\",\"url\":\"https:\\\/\\\/poolpak.com\\\/wp-content\\\/uploads\\\/2024\\\/11\\\/residential-pools-7-1024x298.png\",\"contentUrl\":\"https:\\\/\\\/poolpak.com\\\/wp-content\\\/uploads\\\/2024\\\/11\\\/residential-pools-7-1024x298.png\"},{\"@type\":\"BreadcrumbList\",\"@id\":\"https:\\\/\\\/poolpak.com\\\/fr\\\/compak-pcp-serie-stakpak\\\/#breadcrumb\",\"itemListElement\":[{\"@type\":\"ListItem\",\"position\":1,\"name\":\"Home\",\"item\":\"https:\\\/\\\/poolpak.com\\\/fr\\\/\"},{\"@type\":\"ListItem\",\"position\":2,\"name\":\"ComPak\u00ae PCP S\u00e9rie StakPak\"}]},{\"@type\":\"WebSite\",\"@id\":\"https:\\\/\\\/poolpak.com\\\/fr\\\/#website\",\"url\":\"https:\\\/\\\/poolpak.com\\\/fr\\\/\",\"name\":\"PoolPak\",\"description\":\"Dehumidification That Works\",\"publisher\":{\"@id\":\"https:\\\/\\\/poolpak.com\\\/fr\\\/#organization\"},\"potentialAction\":[{\"@type\":\"SearchAction\",\"target\":{\"@type\":\"EntryPoint\",\"urlTemplate\":\"https:\\\/\\\/poolpak.com\\\/fr\\\/?s={search_term_string}\"},\"query-input\":{\"@type\":\"PropertyValueSpecification\",\"valueRequired\":true,\"valueName\":\"search_term_string\"}}],\"inLanguage\":\"fr-FR\"},{\"@type\":\"Organization\",\"@id\":\"https:\\\/\\\/poolpak.com\\\/fr\\\/#organization\",\"name\":\"PoolPak\",\"url\":\"https:\\\/\\\/poolpak.com\\\/fr\\\/\",\"logo\":{\"@type\":\"ImageObject\",\"inLanguage\":\"fr-FR\",\"@id\":\"https:\\\/\\\/poolpak.com\\\/fr\\\/#\\\/schema\\\/logo\\\/image\\\/\",\"url\":\"https:\\\/\\\/poolpak.com\\\/wp-content\\\/uploads\\\/2020\\\/03\\\/poolpak-logo.svg\",\"contentUrl\":\"https:\\\/\\\/poolpak.com\\\/wp-content\\\/uploads\\\/2020\\\/03\\\/poolpak-logo.svg\",\"caption\":\"PoolPak\"},\"image\":{\"@id\":\"https:\\\/\\\/poolpak.com\\\/fr\\\/#\\\/schema\\\/logo\\\/image\\\/\"}}]}<\/script>\n<!-- \/ Yoast SEO plugin. -->","yoast_head_json":{"title":"ComPak\u00ae PCP S\u00e9rie StakPak - PoolPak","robots":{"index":"index","follow":"follow","max-snippet":"max-snippet:-1","max-image-preview":"max-image-preview:large","max-video-preview":"max-video-preview:-1"},"canonical":"https:\/\/poolpak.com\/fr\/compak-pcp-serie-stakpak\/","og_locale":"fr_FR","og_type":"article","og_title":"ComPak\u00ae PCP S\u00e9rie StakPak - PoolPak","og_description":"ComPak\u00ae PCP S\u00e9rie StakPak Notre s\u00e9rie ComPak\u00ae StakPak est une innovation ing\u00e9nieuse qui fournit deux fois plus de d\u00e9shumidification dans le m\u00eame espace qu&rsquo;une unit\u00e9 normale. Sa conception compacte \u00e0 deux \u00e9tages offre la capacit\u00e9 et les performances \u00e9volutives de deux syst\u00e8mes complets en un, contr\u00f4l\u00e9s par un seul cerveau sophistiqu\u00e9. Notre s\u00e9rie StakPak offre ... Lire plus","og_url":"https:\/\/poolpak.com\/fr\/compak-pcp-serie-stakpak\/","og_site_name":"PoolPak","article_modified_time":"2025-06-10T14:40:43+00:00","og_image":[{"width":1366,"height":397,"url":"https:\/\/poolpak.com\/wp-content\/uploads\/2024\/11\/residential-pools-7.png","type":"image\/png"}],"twitter_card":"summary_large_image","twitter_misc":{"Dur\u00e9e de lecture estim\u00e9e":"3 minutes"},"schema":{"@context":"https:\/\/schema.org","@graph":[{"@type":"WebPage","@id":"https:\/\/poolpak.com\/fr\/compak-pcp-serie-stakpak\/","url":"https:\/\/poolpak.com\/fr\/compak-pcp-serie-stakpak\/","name":"ComPak\u00ae PCP S\u00e9rie StakPak - PoolPak","isPartOf":{"@id":"https:\/\/poolpak.com\/fr\/#website"},"primaryImageOfPage":{"@id":"https:\/\/poolpak.com\/fr\/compak-pcp-serie-stakpak\/#primaryimage"},"image":{"@id":"https:\/\/poolpak.com\/fr\/compak-pcp-serie-stakpak\/#primaryimage"},"thumbnailUrl":"https:\/\/poolpak.com\/wp-content\/uploads\/2024\/11\/residential-pools-7-1024x298.png","datePublished":"2020-09-28T17:16:42+00:00","dateModified":"2025-06-10T14:40:43+00:00","breadcrumb":{"@id":"https:\/\/poolpak.com\/fr\/compak-pcp-serie-stakpak\/#breadcrumb"},"inLanguage":"fr-FR","potentialAction":[{"@type":"ReadAction","target":["https:\/\/poolpak.com\/fr\/compak-pcp-serie-stakpak\/"]}]},{"@type":"ImageObject","inLanguage":"fr-FR","@id":"https:\/\/poolpak.com\/fr\/compak-pcp-serie-stakpak\/#primaryimage","url":"https:\/\/poolpak.com\/wp-content\/uploads\/2024\/11\/residential-pools-7-1024x298.png","contentUrl":"https:\/\/poolpak.com\/wp-content\/uploads\/2024\/11\/residential-pools-7-1024x298.png"},{"@type":"BreadcrumbList","@id":"https:\/\/poolpak.com\/fr\/compak-pcp-serie-stakpak\/#breadcrumb","itemListElement":[{"@type":"ListItem","position":1,"name":"Home","item":"https:\/\/poolpak.com\/fr\/"},{"@type":"ListItem","position":2,"name":"ComPak\u00ae PCP S\u00e9rie StakPak"}]},{"@type":"WebSite","@id":"https:\/\/poolpak.com\/fr\/#website","url":"https:\/\/poolpak.com\/fr\/","name":"PoolPak","description":"Dehumidification That Works","publisher":{"@id":"https:\/\/poolpak.com\/fr\/#organization"},"potentialAction":[{"@type":"SearchAction","target":{"@type":"EntryPoint","urlTemplate":"https:\/\/poolpak.com\/fr\/?s={search_term_string}"},"query-input":{"@type":"PropertyValueSpecification","valueRequired":true,"valueName":"search_term_string"}}],"inLanguage":"fr-FR"},{"@type":"Organization","@id":"https:\/\/poolpak.com\/fr\/#organization","name":"PoolPak","url":"https:\/\/poolpak.com\/fr\/","logo":{"@type":"ImageObject","inLanguage":"fr-FR","@id":"https:\/\/poolpak.com\/fr\/#\/schema\/logo\/image\/","url":"https:\/\/poolpak.com\/wp-content\/uploads\/2020\/03\/poolpak-logo.svg","contentUrl":"https:\/\/poolpak.com\/wp-content\/uploads\/2020\/03\/poolpak-logo.svg","caption":"PoolPak"},"image":{"@id":"https:\/\/poolpak.com\/fr\/#\/schema\/logo\/image\/"}}]}},"_links":{"self":[{"href":"https:\/\/poolpak.com\/fr\/wp-json\/wp\/v2\/pages\/8619","targetHints":{"allow":["GET"]}}],"collection":[{"href":"https:\/\/poolpak.com\/fr\/wp-json\/wp\/v2\/pages"}],"about":[{"href":"https:\/\/poolpak.com\/fr\/wp-json\/wp\/v2\/types\/page"}],"author":[{"embeddable":true,"href":"https:\/\/poolpak.com\/fr\/wp-json\/wp\/v2\/users\/1"}],"replies":[{"embeddable":true,"href":"https:\/\/poolpak.com\/fr\/wp-json\/wp\/v2\/comments?post=8619"}],"version-history":[{"count":19,"href":"https:\/\/poolpak.com\/fr\/wp-json\/wp\/v2\/pages\/8619\/revisions"}],"predecessor-version":[{"id":9696,"href":"https:\/\/poolpak.com\/fr\/wp-json\/wp\/v2\/pages\/8619\/revisions\/9696"}],"wp:attachment":[{"href":"https:\/\/poolpak.com\/fr\/wp-json\/wp\/v2\/media?parent=8619"}],"curies":[{"name":"wp","href":"https:\/\/api.w.org\/{rel}","templated":true}]}}