{"id":8626,"date":"2021-05-13T18:53:23","date_gmt":"2021-05-13T18:53:23","guid":{"rendered":"https:\/\/poolpak.com\/poolpak-serie-hybride\/"},"modified":"2025-06-10T14:41:30","modified_gmt":"2025-06-10T14:41:30","slug":"poolpak-serie-hybride","status":"publish","type":"page","link":"https:\/\/poolpak.com\/fr\/poolpak-serie-hybride\/","title":{"rendered":"PoolPak\u00ae S\u00e9rie Hybride"},"content":{"rendered":"\t\t<div data-elementor-type=\"wp-page\" data-elementor-id=\"8626\" class=\"elementor elementor-8626 elementor-1007\" data-elementor-post-type=\"page\">\n\t\t\t\t\t\t<section class=\"elementor-section elementor-top-section elementor-element elementor-element-555636f elementor-section-boxed elementor-section-height-default elementor-section-height-default\" data-id=\"555636f\" data-element_type=\"section\" data-e-type=\"section\">\n\t\t\t\t\t\t<div class=\"elementor-container elementor-column-gap-default\">\n\t\t\t\t\t<div class=\"elementor-column elementor-col-100 elementor-top-column elementor-element elementor-element-2127ce0\" data-id=\"2127ce0\" data-element_type=\"column\" data-e-type=\"column\">\n\t\t\t<div class=\"elementor-widget-wrap elementor-element-populated\">\n\t\t\t\t\t\t<section class=\"elementor-section elementor-inner-section elementor-element elementor-element-c6be1a7 elementor-section-boxed elementor-section-height-default elementor-section-height-default\" data-id=\"c6be1a7\" data-element_type=\"section\" data-e-type=\"section\">\n\t\t\t\t\t\t<div class=\"elementor-container elementor-column-gap-default\">\n\t\t\t\t\t<div class=\"elementor-column elementor-col-100 elementor-inner-column elementor-element elementor-element-d173433\" data-id=\"d173433\" data-element_type=\"column\" data-e-type=\"column\">\n\t\t\t<div class=\"elementor-widget-wrap elementor-element-populated\">\n\t\t\t\t\t\t<div class=\"elementor-element elementor-element-f68e240 elementor-widget elementor-widget-heading\" data-id=\"f68e240\" data-element_type=\"widget\" data-e-type=\"widget\" data-widget_type=\"heading.default\">\n\t\t\t\t<div class=\"elementor-widget-container\">\n\t\t\t\t\t<h1 class=\"elementor-heading-title elementor-size-default\">PoolPak&#174; S\u00e9rie Hybride<\/h1>\t\t\t\t<\/div>\n\t\t\t\t<\/div>\n\t\t\t\t<div class=\"elementor-element elementor-element-de8efe7 elementor-widget elementor-widget-image\" data-id=\"de8efe7\" data-element_type=\"widget\" data-e-type=\"widget\" data-widget_type=\"image.default\">\n\t\t\t\t<div class=\"elementor-widget-container\">\n\t\t\t\t\t\t\t\t\t\t\t\t\t\t\t<img fetchpriority=\"high\" decoding=\"async\" width=\"900\" height=\"540\" src=\"https:\/\/poolpak.com\/wp-content\/uploads\/2024\/10\/q.png\" class=\"attachment-large size-large wp-image-8490\" alt=\"\" srcset=\"https:\/\/poolpak.com\/wp-content\/uploads\/2024\/10\/q.png 994w, https:\/\/poolpak.com\/wp-content\/uploads\/2024\/10\/q-300x180.png 300w, https:\/\/poolpak.com\/wp-content\/uploads\/2024\/10\/q-768x460.png 768w\" sizes=\"(max-width: 900px) 100vw, 900px\" \/>\t\t\t\t\t\t\t\t\t\t\t\t\t\t\t<\/div>\n\t\t\t\t<\/div>\n\t\t\t\t<div class=\"elementor-element elementor-element-aa3e882 elementor-widget elementor-widget-text-editor\" data-id=\"aa3e882\" data-element_type=\"widget\" data-e-type=\"widget\" data-widget_type=\"text-editor.default\">\n\t\t\t\t<div class=\"elementor-widget-container\">\n\t\t\t\t\t\t\t\t\t<p>La s\u00e9rie PoolPak Hybrid offre la simplicit\u00e9, la fiabilit\u00e9 et l&rsquo;efficacit\u00e9 de la d\u00e9shumidification par ventilation pour les piscines int\u00e9rieures, ainsi qu&rsquo;un circuit de r\u00e9frig\u00e9ration pour fournir l&rsquo;air conditionn\u00e9 n\u00e9cessaire.<\/p>\n<p>Les d\u00e9shumidificateurs de piscine classiques utilisent un circuit de r\u00e9frig\u00e9ration pour refroidir l&rsquo;air en dessous de son point de ros\u00e9e et \u00e9liminer l&rsquo;humidit\u00e9, avant de le r\u00e9chauffer et de le renvoyer dans l&rsquo;espace. Bien qu&rsquo;efficace, il peut \u00e9galement \u00eatre souhaitable d&rsquo;utiliser l&rsquo;air ext\u00e9rieur pour g\u00e9rer les niveaux d&rsquo;humidit\u00e9 \u00e0 l&rsquo;int\u00e9rieur lorsque les conditions sont favorables.<\/p>\n<p>La s\u00e9rie Hybrid exploite le potentiel de l&rsquo;air ext\u00e9rieur sec pour r\u00e9aliser la d\u00e9shumidification, tout en incorporant un circuit de r\u00e9frig\u00e9ration pour fournir un refroidissement sensible qui maintient l&rsquo;espace de la piscine confortable.<\/p>\n<p>Bien que notre s\u00e9rie Hybrid soit une solution de d\u00e9shumidification adapt\u00e9e aux piscines int\u00e9rieures dans la plupart des climats d&rsquo;Am\u00e9rique du Nord, elle est plus rentable dans les r\u00e9gions o\u00f9 l&rsquo;air ext\u00e9rieur est sec pendant la majeure partie de l&rsquo;ann\u00e9e. Cependant, contrairement \u00e0 d&rsquo;autres d\u00e9shumidificateurs bas\u00e9s sur la ventilation, notre s\u00e9rie Hybrid offre \u00e9galement une capacit\u00e9 de refroidissement sensible, de sorte que les temp\u00e9ratures \u00e9lev\u00e9es de l&rsquo;air ext\u00e9rieur ne sont plus un probl\u00e8me.<\/p>\n\t\t\t\t\t\t\t\t<\/div>\n\t\t\t\t<\/div>\n\t\t\t\t<div class=\"elementor-element elementor-element-d075c00 elementor-widget elementor-widget-heading\" data-id=\"d075c00\" data-element_type=\"widget\" data-e-type=\"widget\" data-widget_type=\"heading.default\">\n\t\t\t\t<div class=\"elementor-widget-container\">\n\t\t\t\t\t<h3 class=\"elementor-heading-title elementor-size-default\">Avantages<\/h3>\t\t\t\t<\/div>\n\t\t\t\t<\/div>\n\t\t\t\t<div class=\"elementor-element elementor-element-277f28d elementor-widget elementor-widget-text-editor\" data-id=\"277f28d\" data-element_type=\"widget\" data-e-type=\"widget\" data-widget_type=\"text-editor.default\">\n\t\t\t\t<div class=\"elementor-widget-container\">\n\t\t\t\t\t\t\t\t\t<ul>\n<li>La d\u00e9shumidification par air ext\u00e9rieur est une alternative rentable \u00e0 la d\u00e9shumidification m\u00e9canique dans de nombreuses r\u00e9gions d&rsquo;Am\u00e9rique du Nord et peut r\u00e9duire la consommation d&rsquo;\u00e9nergie car le compresseur n&rsquo;est pas utilis\u00e9 pour d\u00e9shumidifier.<\/li>\n<li>Sa conception simple facilite l&rsquo;entretien et la maintenance ; les composants de r\u00e9frig\u00e9ration plus petits co\u00fbtent moins cher \u00e0 faire fonctionner et \u00e0 entretenir.<\/li>\n<li>Le refroidissement m\u00e9canique maintient la temp\u00e9rature de l&rsquo;espace \u00e0 un niveau confortable en r\u00e9pondant \u00e0 la charge sensible.<\/li>\n<li>L&rsquo;algorithme de contr\u00f4le avanc\u00e9 module pr\u00e9cis\u00e9ment l&rsquo;air ext\u00e9rieur, en n&rsquo;utilisant que le minimum n\u00e9cessaire pour maintenir l&rsquo;humidit\u00e9 de l&rsquo;espace.<\/li>\n<li>Les ventilateurs \u00e0 entra\u00eenement direct avec moteurs ECM permettent de r\u00e9duire les co\u00fbts d&rsquo;\u00e9nergie et d&rsquo;\u00e9viter les courroies !<\/li>\n<li>La r\u00e9cup\u00e9ration de chaleur utilise une boucle de circulation de glycol, r\u00e9duisant le co\u00fbt \u00e9nerg\u00e9tique du pr\u00e9chauffage de l&rsquo;air ext\u00e9rieur.<\/li>\n<\/ul>\n\t\t\t\t\t\t\t\t<\/div>\n\t\t\t\t<\/div>\n\t\t\t\t<div class=\"elementor-element elementor-element-6315998 elementor-widget elementor-widget-heading\" data-id=\"6315998\" data-element_type=\"widget\" data-e-type=\"widget\" data-widget_type=\"heading.default\">\n\t\t\t\t<div class=\"elementor-widget-container\">\n\t\t\t\t\t<h3 class=\"elementor-heading-title elementor-size-default\">Options<\/h3>\t\t\t\t<\/div>\n\t\t\t\t<\/div>\n\t\t\t\t<div class=\"elementor-element elementor-element-a62fe7c elementor-widget elementor-widget-text-editor\" data-id=\"a62fe7c\" data-element_type=\"widget\" data-e-type=\"widget\" data-widget_type=\"text-editor.default\">\n\t\t\t\t<div class=\"elementor-widget-container\">\n\t\t\t\t\t\t\t\t\t<ul>\n<li>Refroidissement par air sensible disponible de 20 \u00e0 128 tonnes ou avec batterie \u00e0 eau glac\u00e9e<\/li>\n<li>Chauffage des locaux en batterie &#8211; eau chaude, chaudi\u00e8re \u00e9lectrique ou \u00e0 gaz<\/li>\n<\/ul>\n\t\t\t\t\t\t\t\t<\/div>\n\t\t\t\t<\/div>\n\t\t\t\t<div class=\"elementor-element elementor-element-9936511 elementor-widget elementor-widget-heading\" data-id=\"9936511\" data-element_type=\"widget\" data-e-type=\"widget\" data-widget_type=\"heading.default\">\n\t\t\t\t<div class=\"elementor-widget-container\">\n\t\t\t\t\t<h3 class=\"elementor-heading-title elementor-size-default\">Caract\u00e9ristiques<\/h3>\t\t\t\t<\/div>\n\t\t\t\t<\/div>\n\t\t\t\t<div class=\"elementor-element elementor-element-e8eb094 elementor-widget elementor-widget-text-editor\" data-id=\"e8eb094\" data-element_type=\"widget\" data-e-type=\"widget\" data-widget_type=\"text-editor.default\">\n\t\t\t\t<div class=\"elementor-widget-container\">\n\t\t\t\t\t\t\t\t\t<ul>\n<li>D\u00e9bit d&rsquo;air de 6 000 \u00e0 64 000 CFM gr\u00e2ce aux ventilateurs pilot\u00e9s par l&rsquo;ECM<\/li>\n<li>R\u00e9cup\u00e9ration de chaleur fiable et hors gel via une boucle de glycol lorsque cela est n\u00e9cessaire (jusqu&rsquo;\u00e0 -29\u02da F \/ -34\u02da C)<\/li>\n<li>Modulation compl\u00e8te de l&rsquo;air ext\u00e9rieur jusqu&rsquo;\u00e0 100<\/li>\n<li>Serpentins \u00e0 rev\u00eatement int\u00e9gral faciles \u00e0 nettoyer<\/li>\n<li>Mode de purge de la pi\u00e8ce<\/li>\n<\/ul>\n\t\t\t\t\t\t\t\t<\/div>\n\t\t\t\t<\/div>\n\t\t\t\t<div class=\"elementor-element elementor-element-3505442 elementor-widget elementor-widget-heading\" data-id=\"3505442\" data-element_type=\"widget\" data-e-type=\"widget\" data-widget_type=\"heading.default\">\n\t\t\t\t<div class=\"elementor-widget-container\">\n\t\t\t\t\t<h4 class=\"elementor-heading-title elementor-size-default\"><b>Ressources<\/b><\/h4>\t\t\t\t<\/div>\n\t\t\t\t<\/div>\n\t\t\t\t<div class=\"elementor-element elementor-element-5287e78 elementor-widget elementor-widget-text-editor\" data-id=\"5287e78\" data-element_type=\"widget\" data-e-type=\"widget\" data-widget_type=\"text-editor.default\">\n\t\t\t\t<div class=\"elementor-widget-container\">\n\t\t\t\t\t\t\t\t\t<p><a href=\"https:\/\/poolpak.com\/wp-content\/uploads\/2024\/11\/poolpak-hybrid-series-fr.pdf\">Brochure de la s\u00e9rie PoolPak Hybrid<\/a><br \/><a href=\"https:\/\/poolpak.com\/wp-content\/uploads\/2024\/11\/poolpak-hybrid-series-fr.pdf\" target=\"_blank\" rel=\"noopener\">Brochure Conception \u00c9cologique &#8211; S\u00e9rie PoolPak Hybrid<\/a><br \/><a href=\"https:\/\/poolpak.com\/wp-content\/uploads\/2024\/11\/poolpakwebsentry-fr.pdf\" target=\"_blank\" rel=\"noopener\">Brochure WebSentry\u00ae<\/a><br \/><a href=\"https:\/\/poolpak.com\/fr\/manuels\/\" target=\"_blank\" rel=\"noopener\">Manuels<\/a><\/p>\t\t\t\t\t\t\t\t<\/div>\n\t\t\t\t<\/div>\n\t\t\t\t\t<\/div>\n\t\t<\/div>\n\t\t\t\t\t<\/div>\n\t\t<\/section>\n\t\t\t\t<div class=\"elementor-element elementor-element-c8becb8 elementor-widget elementor-widget-spacer\" data-id=\"c8becb8\" data-element_type=\"widget\" data-e-type=\"widget\" data-widget_type=\"spacer.default\">\n\t\t\t\t<div class=\"elementor-widget-container\">\n\t\t\t\t\t\t\t<div class=\"elementor-spacer\">\n\t\t\t<div class=\"elementor-spacer-inner\"><\/div>\n\t\t<\/div>\n\t\t\t\t\t\t<\/div>\n\t\t\t\t<\/div>\n\t\t\t\t\t<\/div>\n\t\t<\/div>\n\t\t\t\t\t<\/div>\n\t\t<\/section>\n\t\t\t\t<\/div>\n\t\t","protected":false},"excerpt":{"rendered":"<p>PoolPak&#174; S\u00e9rie Hybride La s\u00e9rie PoolPak Hybrid offre la simplicit\u00e9, la fiabilit\u00e9 et l&rsquo;efficacit\u00e9 de la d\u00e9shumidification par ventilation pour les piscines int\u00e9rieures, ainsi qu&rsquo;un circuit de r\u00e9frig\u00e9ration pour fournir l&rsquo;air conditionn\u00e9 n\u00e9cessaire. Les d\u00e9shumidificateurs de piscine classiques utilisent un circuit de r\u00e9frig\u00e9ration pour refroidir l&rsquo;air en dessous de son point de ros\u00e9e et \u00e9liminer &#8230; <a title=\"PoolPak\u00ae S\u00e9rie Hybride\" class=\"read-more\" href=\"https:\/\/poolpak.com\/fr\/poolpak-serie-hybride\/\" aria-label=\"En savoir plus sur PoolPak\u00ae S\u00e9rie Hybride\">Lire plus<\/a><\/p>\n","protected":false},"author":1,"featured_media":0,"parent":0,"menu_order":0,"comment_status":"closed","ping_status":"closed","template":"","meta":{"footnotes":""},"class_list":["post-8626","page","type-page","status-publish"],"yoast_head":"<!-- This site is optimized with the Yoast SEO plugin v27.1.1 - https:\/\/yoast.com\/product\/yoast-seo-wordpress\/ -->\n<title>PoolPak\u00ae S\u00e9rie Hybride - PoolPak<\/title>\n<meta name=\"robots\" content=\"index, follow, max-snippet:-1, max-image-preview:large, max-video-preview:-1\" \/>\n<link rel=\"canonical\" href=\"https:\/\/poolpak.com\/fr\/poolpak-serie-hybride\/\" \/>\n<meta property=\"og:locale\" content=\"fr_FR\" \/>\n<meta property=\"og:type\" content=\"article\" \/>\n<meta property=\"og:title\" content=\"PoolPak\u00ae S\u00e9rie Hybride - PoolPak\" \/>\n<meta property=\"og:description\" content=\"PoolPak&#174; S\u00e9rie Hybride La s\u00e9rie PoolPak Hybrid offre la simplicit\u00e9, la fiabilit\u00e9 et l&rsquo;efficacit\u00e9 de la d\u00e9shumidification par ventilation pour les piscines int\u00e9rieures, ainsi qu&rsquo;un circuit de r\u00e9frig\u00e9ration pour fournir l&rsquo;air conditionn\u00e9 n\u00e9cessaire. Les d\u00e9shumidificateurs de piscine classiques utilisent un circuit de r\u00e9frig\u00e9ration pour refroidir l&rsquo;air en dessous de son point de ros\u00e9e et \u00e9liminer ... Lire plus\" \/>\n<meta property=\"og:url\" content=\"https:\/\/poolpak.com\/fr\/poolpak-serie-hybride\/\" \/>\n<meta property=\"og:site_name\" content=\"PoolPak\" \/>\n<meta property=\"article:modified_time\" content=\"2025-06-10T14:41:30+00:00\" \/>\n<meta property=\"og:image\" content=\"https:\/\/poolpak.com\/wp-content\/uploads\/2024\/10\/q.png\" \/>\n\t<meta property=\"og:image:width\" content=\"994\" \/>\n\t<meta property=\"og:image:height\" content=\"596\" \/>\n\t<meta property=\"og:image:type\" content=\"image\/png\" \/>\n<meta name=\"twitter:card\" content=\"summary_large_image\" \/>\n<meta name=\"twitter:label1\" content=\"Dur\u00e9e de lecture estim\u00e9e\" \/>\n\t<meta name=\"twitter:data1\" content=\"3 minutes\" \/>\n<script type=\"application\/ld+json\" class=\"yoast-schema-graph\">{\"@context\":\"https:\/\/schema.org\",\"@graph\":[{\"@type\":\"WebPage\",\"@id\":\"https:\/\/poolpak.com\/fr\/poolpak-serie-hybride\/\",\"url\":\"https:\/\/poolpak.com\/fr\/poolpak-serie-hybride\/\",\"name\":\"PoolPak\u00ae S\u00e9rie Hybride - PoolPak\",\"isPartOf\":{\"@id\":\"https:\/\/poolpak.com\/fr\/#website\"},\"primaryImageOfPage\":{\"@id\":\"https:\/\/poolpak.com\/fr\/poolpak-serie-hybride\/#primaryimage\"},\"image\":{\"@id\":\"https:\/\/poolpak.com\/fr\/poolpak-serie-hybride\/#primaryimage\"},\"thumbnailUrl\":\"https:\/\/poolpak.com\/wp-content\/uploads\/2024\/10\/q.png\",\"datePublished\":\"2021-05-13T18:53:23+00:00\",\"dateModified\":\"2025-06-10T14:41:30+00:00\",\"breadcrumb\":{\"@id\":\"https:\/\/poolpak.com\/fr\/poolpak-serie-hybride\/#breadcrumb\"},\"inLanguage\":\"fr-FR\",\"potentialAction\":[{\"@type\":\"ReadAction\",\"target\":[\"https:\/\/poolpak.com\/fr\/poolpak-serie-hybride\/\"]}]},{\"@type\":\"ImageObject\",\"inLanguage\":\"fr-FR\",\"@id\":\"https:\/\/poolpak.com\/fr\/poolpak-serie-hybride\/#primaryimage\",\"url\":\"https:\/\/poolpak.com\/wp-content\/uploads\/2024\/10\/q.png\",\"contentUrl\":\"https:\/\/poolpak.com\/wp-content\/uploads\/2024\/10\/q.png\"},{\"@type\":\"BreadcrumbList\",\"@id\":\"https:\/\/poolpak.com\/fr\/poolpak-serie-hybride\/#breadcrumb\",\"itemListElement\":[{\"@type\":\"ListItem\",\"position\":1,\"name\":\"Home\",\"item\":\"https:\/\/poolpak.com\/fr\/\"},{\"@type\":\"ListItem\",\"position\":2,\"name\":\"PoolPak\u00ae S\u00e9rie Hybride\"}]},{\"@type\":\"WebSite\",\"@id\":\"https:\/\/poolpak.com\/fr\/#website\",\"url\":\"https:\/\/poolpak.com\/fr\/\",\"name\":\"PoolPak\",\"description\":\"Dehumidification That Works\",\"publisher\":{\"@id\":\"https:\/\/poolpak.com\/fr\/#organization\"},\"potentialAction\":[{\"@type\":\"SearchAction\",\"target\":{\"@type\":\"EntryPoint\",\"urlTemplate\":\"https:\/\/poolpak.com\/fr\/?s={search_term_string}\"},\"query-input\":{\"@type\":\"PropertyValueSpecification\",\"valueRequired\":true,\"valueName\":\"search_term_string\"}}],\"inLanguage\":\"fr-FR\"},{\"@type\":\"Organization\",\"@id\":\"https:\/\/poolpak.com\/fr\/#organization\",\"name\":\"PoolPak\",\"url\":\"https:\/\/poolpak.com\/fr\/\",\"logo\":{\"@type\":\"ImageObject\",\"inLanguage\":\"fr-FR\",\"@id\":\"https:\/\/poolpak.com\/fr\/#\/schema\/logo\/image\/\",\"url\":\"https:\/\/poolpak.com\/wp-content\/uploads\/2020\/03\/poolpak-logo.svg\",\"contentUrl\":\"https:\/\/poolpak.com\/wp-content\/uploads\/2020\/03\/poolpak-logo.svg\",\"caption\":\"PoolPak\"},\"image\":{\"@id\":\"https:\/\/poolpak.com\/fr\/#\/schema\/logo\/image\/\"}}]}<\/script>\n<!-- \/ Yoast SEO plugin. -->","yoast_head_json":{"title":"PoolPak\u00ae S\u00e9rie Hybride - PoolPak","robots":{"index":"index","follow":"follow","max-snippet":"max-snippet:-1","max-image-preview":"max-image-preview:large","max-video-preview":"max-video-preview:-1"},"canonical":"https:\/\/poolpak.com\/fr\/poolpak-serie-hybride\/","og_locale":"fr_FR","og_type":"article","og_title":"PoolPak\u00ae S\u00e9rie Hybride - PoolPak","og_description":"PoolPak&#174; S\u00e9rie Hybride La s\u00e9rie PoolPak Hybrid offre la simplicit\u00e9, la fiabilit\u00e9 et l&rsquo;efficacit\u00e9 de la d\u00e9shumidification par ventilation pour les piscines int\u00e9rieures, ainsi qu&rsquo;un circuit de r\u00e9frig\u00e9ration pour fournir l&rsquo;air conditionn\u00e9 n\u00e9cessaire. Les d\u00e9shumidificateurs de piscine classiques utilisent un circuit de r\u00e9frig\u00e9ration pour refroidir l&rsquo;air en dessous de son point de ros\u00e9e et \u00e9liminer ... Lire plus","og_url":"https:\/\/poolpak.com\/fr\/poolpak-serie-hybride\/","og_site_name":"PoolPak","article_modified_time":"2025-06-10T14:41:30+00:00","og_image":[{"width":994,"height":596,"url":"https:\/\/poolpak.com\/wp-content\/uploads\/2024\/10\/q.png","type":"image\/png"}],"twitter_card":"summary_large_image","twitter_misc":{"Dur\u00e9e de lecture estim\u00e9e":"3 minutes"},"schema":{"@context":"https:\/\/schema.org","@graph":[{"@type":"WebPage","@id":"https:\/\/poolpak.com\/fr\/poolpak-serie-hybride\/","url":"https:\/\/poolpak.com\/fr\/poolpak-serie-hybride\/","name":"PoolPak\u00ae S\u00e9rie Hybride - PoolPak","isPartOf":{"@id":"https:\/\/poolpak.com\/fr\/#website"},"primaryImageOfPage":{"@id":"https:\/\/poolpak.com\/fr\/poolpak-serie-hybride\/#primaryimage"},"image":{"@id":"https:\/\/poolpak.com\/fr\/poolpak-serie-hybride\/#primaryimage"},"thumbnailUrl":"https:\/\/poolpak.com\/wp-content\/uploads\/2024\/10\/q.png","datePublished":"2021-05-13T18:53:23+00:00","dateModified":"2025-06-10T14:41:30+00:00","breadcrumb":{"@id":"https:\/\/poolpak.com\/fr\/poolpak-serie-hybride\/#breadcrumb"},"inLanguage":"fr-FR","potentialAction":[{"@type":"ReadAction","target":["https:\/\/poolpak.com\/fr\/poolpak-serie-hybride\/"]}]},{"@type":"ImageObject","inLanguage":"fr-FR","@id":"https:\/\/poolpak.com\/fr\/poolpak-serie-hybride\/#primaryimage","url":"https:\/\/poolpak.com\/wp-content\/uploads\/2024\/10\/q.png","contentUrl":"https:\/\/poolpak.com\/wp-content\/uploads\/2024\/10\/q.png"},{"@type":"BreadcrumbList","@id":"https:\/\/poolpak.com\/fr\/poolpak-serie-hybride\/#breadcrumb","itemListElement":[{"@type":"ListItem","position":1,"name":"Home","item":"https:\/\/poolpak.com\/fr\/"},{"@type":"ListItem","position":2,"name":"PoolPak\u00ae S\u00e9rie Hybride"}]},{"@type":"WebSite","@id":"https:\/\/poolpak.com\/fr\/#website","url":"https:\/\/poolpak.com\/fr\/","name":"PoolPak","description":"Dehumidification That Works","publisher":{"@id":"https:\/\/poolpak.com\/fr\/#organization"},"potentialAction":[{"@type":"SearchAction","target":{"@type":"EntryPoint","urlTemplate":"https:\/\/poolpak.com\/fr\/?s={search_term_string}"},"query-input":{"@type":"PropertyValueSpecification","valueRequired":true,"valueName":"search_term_string"}}],"inLanguage":"fr-FR"},{"@type":"Organization","@id":"https:\/\/poolpak.com\/fr\/#organization","name":"PoolPak","url":"https:\/\/poolpak.com\/fr\/","logo":{"@type":"ImageObject","inLanguage":"fr-FR","@id":"https:\/\/poolpak.com\/fr\/#\/schema\/logo\/image\/","url":"https:\/\/poolpak.com\/wp-content\/uploads\/2020\/03\/poolpak-logo.svg","contentUrl":"https:\/\/poolpak.com\/wp-content\/uploads\/2020\/03\/poolpak-logo.svg","caption":"PoolPak"},"image":{"@id":"https:\/\/poolpak.com\/fr\/#\/schema\/logo\/image\/"}}]}},"_links":{"self":[{"href":"https:\/\/poolpak.com\/fr\/wp-json\/wp\/v2\/pages\/8626","targetHints":{"allow":["GET"]}}],"collection":[{"href":"https:\/\/poolpak.com\/fr\/wp-json\/wp\/v2\/pages"}],"about":[{"href":"https:\/\/poolpak.com\/fr\/wp-json\/wp\/v2\/types\/page"}],"author":[{"embeddable":true,"href":"https:\/\/poolpak.com\/fr\/wp-json\/wp\/v2\/users\/1"}],"replies":[{"embeddable":true,"href":"https:\/\/poolpak.com\/fr\/wp-json\/wp\/v2\/comments?post=8626"}],"version-history":[{"count":10,"href":"https:\/\/poolpak.com\/fr\/wp-json\/wp\/v2\/pages\/8626\/revisions"}],"predecessor-version":[{"id":9699,"href":"https:\/\/poolpak.com\/fr\/wp-json\/wp\/v2\/pages\/8626\/revisions\/9699"}],"wp:attachment":[{"href":"https:\/\/poolpak.com\/fr\/wp-json\/wp\/v2\/media?parent=8626"}],"curies":[{"name":"wp","href":"https:\/\/api.w.org\/{rel}","templated":true}]}}