{"id":8628,"date":"2020-09-26T15:10:27","date_gmt":"2020-09-26T15:10:27","guid":{"rendered":"https:\/\/poolpak.com\/poolpak-serie-ppk\/"},"modified":"2025-06-10T14:42:56","modified_gmt":"2025-06-10T14:42:56","slug":"poolpak-serie-ppk","status":"publish","type":"page","link":"https:\/\/poolpak.com\/fr\/poolpak-serie-ppk\/","title":{"rendered":"PoolPak\u00ae S\u00e9rie PPK"},"content":{"rendered":"\t\t<div data-elementor-type=\"wp-page\" data-elementor-id=\"8628\" class=\"elementor elementor-8628 elementor-533\" data-elementor-post-type=\"page\">\n\t\t\t\t\t\t<section class=\"elementor-section elementor-top-section elementor-element elementor-element-555636f elementor-section-boxed elementor-section-height-default elementor-section-height-default\" data-id=\"555636f\" data-element_type=\"section\" data-e-type=\"section\">\n\t\t\t\t\t\t<div class=\"elementor-container elementor-column-gap-default\">\n\t\t\t\t\t<div class=\"elementor-column elementor-col-100 elementor-top-column elementor-element elementor-element-2127ce0\" data-id=\"2127ce0\" data-element_type=\"column\" data-e-type=\"column\">\n\t\t\t<div class=\"elementor-widget-wrap elementor-element-populated\">\n\t\t\t\t\t\t<section class=\"elementor-section elementor-inner-section elementor-element elementor-element-c6be1a7 elementor-section-boxed elementor-section-height-default elementor-section-height-default\" data-id=\"c6be1a7\" data-element_type=\"section\" data-e-type=\"section\">\n\t\t\t\t\t\t<div class=\"elementor-container elementor-column-gap-default\">\n\t\t\t\t\t<div class=\"elementor-column elementor-col-100 elementor-inner-column elementor-element elementor-element-d173433\" data-id=\"d173433\" data-element_type=\"column\" data-e-type=\"column\">\n\t\t\t<div class=\"elementor-widget-wrap elementor-element-populated\">\n\t\t\t\t\t\t<div class=\"elementor-element elementor-element-f68e240 elementor-widget elementor-widget-heading\" data-id=\"f68e240\" data-element_type=\"widget\" data-e-type=\"widget\" data-widget_type=\"heading.default\">\n\t\t\t\t<div class=\"elementor-widget-container\">\n\t\t\t\t\t<h1 class=\"elementor-heading-title elementor-size-default\">PoolPak\u00ae S\u00e9rie PPK<\/h1>\t\t\t\t<\/div>\n\t\t\t\t<\/div>\n\t\t\t\t<div class=\"elementor-element elementor-element-c2c3927 elementor-invisible elementor-widget elementor-widget-image\" data-id=\"c2c3927\" data-element_type=\"widget\" data-e-type=\"widget\" data-settings=\"{&quot;_animation&quot;:&quot;fadeIn&quot;}\" data-widget_type=\"image.default\">\n\t\t\t\t<div class=\"elementor-widget-container\">\n\t\t\t\t\t\t\t\t\t\t\t\t\t\t\t<img fetchpriority=\"high\" decoding=\"async\" width=\"900\" height=\"262\" src=\"https:\/\/poolpak.com\/wp-content\/uploads\/2024\/11\/residential-pools-8-1024x298.png\" class=\"attachment-large size-large wp-image-8630\" alt=\"\" srcset=\"https:\/\/poolpak.com\/wp-content\/uploads\/2024\/11\/residential-pools-8-1024x298.png 1024w, https:\/\/poolpak.com\/wp-content\/uploads\/2024\/11\/residential-pools-8-300x87.png 300w, https:\/\/poolpak.com\/wp-content\/uploads\/2024\/11\/residential-pools-8-768x223.png 768w, https:\/\/poolpak.com\/wp-content\/uploads\/2024\/11\/residential-pools-8.png 1366w\" sizes=\"(max-width: 900px) 100vw, 900px\" \/>\t\t\t\t\t\t\t\t\t\t\t\t\t\t\t<\/div>\n\t\t\t\t<\/div>\n\t\t\t\t<div class=\"elementor-element elementor-element-aa3e882 elementor-widget elementor-widget-text-editor\" data-id=\"aa3e882\" data-element_type=\"widget\" data-e-type=\"widget\" data-widget_type=\"text-editor.default\">\n\t\t\t\t<div class=\"elementor-widget-container\">\n\t\t\t\t\t\t\t\t\t<p>Le PPK est la nouvelle g\u00e9n\u00e9ration de d\u00e9shumidificateurs pour les grandes piscines. Dot\u00e9 d&rsquo;un syst\u00e8me de r\u00e9frig\u00e9ration m\u00e9canique \u00e0 refroidissement par fluide en son centre, le PPK offre une valeur exceptionnelle en fournissant un contr\u00f4le de l&rsquo;environnement in\u00e9gal\u00e9 et coh\u00e9rent \u00e0 un prix comp\u00e9titif sur le march\u00e9.<\/p>\n<p>La conception intelligente de ce syst\u00e8me refroidi par fluide permet \u00e9galement de r\u00e9aliser des \u00e9conomies d&rsquo;\u00e9nergie, de simplifier les conditions d&rsquo;installation, de r\u00e9duire consid\u00e9rablement la quantit\u00e9 de r\u00e9frig\u00e9rant et d&rsquo;offrir d&rsquo;autres avantages op\u00e9rationnels par rapport aux syst\u00e8mes de r\u00e9frig\u00e9ration traditionnels refroidis par air. Tous les composants frigorifiques sont d\u00e9sormais scell\u00e9s et test\u00e9s en usine pour garantir des performances fiables. Associ\u00e9 \u00e0 notre syst\u00e8me de surveillance WebSentry\u00ae complet et convivial et \u00e0 un d\u00e9marrage assist\u00e9 par des experts en usine, le PPK fera de votre projet de piscine un jeu d&rsquo;enfant en offrant des performances constantes, durables et \u00e9conomiques.<\/p>\n<p>La s\u00e9rie PPK est d\u00e9sormais disponible dans des tailles allant de 18 \u00e0 128 tonnes avec des d\u00e9bits d&rsquo;air de 6 800 \u00e0 64 000 CFM.<\/p>\n\t\t\t\t\t\t\t\t<\/div>\n\t\t\t\t<\/div>\n\t\t\t\t<div class=\"elementor-element elementor-element-d075c00 elementor-widget elementor-widget-heading\" data-id=\"d075c00\" data-element_type=\"widget\" data-e-type=\"widget\" data-widget_type=\"heading.default\">\n\t\t\t\t<div class=\"elementor-widget-container\">\n\t\t\t\t\t<h3 class=\"elementor-heading-title elementor-size-default\">Caract\u00e9ristiques Op\u00e9rationnelles<\/h3>\t\t\t\t<\/div>\n\t\t\t\t<\/div>\n\t\t\t\t<div class=\"elementor-element elementor-element-277f28d elementor-widget elementor-widget-text-editor\" data-id=\"277f28d\" data-element_type=\"widget\" data-e-type=\"widget\" data-widget_type=\"text-editor.default\">\n\t\t\t\t<div class=\"elementor-widget-container\">\n\t\t\t\t\t\t\t\t\t<ul>\n<li>Recycle l&rsquo;\u00e9nergie de l&rsquo;air de retour vers l&rsquo;air d&rsquo;alimentation et l&rsquo;eau de la piscine<\/li>\n<li>R\u00e9chauffage modulant pour un contr\u00f4le r\u00e9gulier et pr\u00e9cis des conditions de pleine charge et de charge partielle<\/li>\n<li>Contr\u00f4le du point de ros\u00e9e et r\u00e9initialisation de la paroi froide<\/li>\n<li>Conforme aux normes de ventilation ASHRAE 62.1<\/li>\n<li>Surveillance d&rsquo;usine WebSentry\u00ae via Ethernet (options cellulaires\/sans fil \u00e9galement disponibles)<\/li>\n<li>Economiseur pour le refroidissement et la d\u00e9shumidification<\/li>\n<li>Surveillance et contr\u00f4le actifs des performances du syst\u00e8me de r\u00e9frig\u00e9ration<\/li>\n<\/ul>\n\t\t\t\t\t\t\t\t<\/div>\n\t\t\t\t<\/div>\n\t\t\t\t<div class=\"elementor-element elementor-element-9936511 elementor-widget elementor-widget-heading\" data-id=\"9936511\" data-element_type=\"widget\" data-e-type=\"widget\" data-widget_type=\"heading.default\">\n\t\t\t\t<div class=\"elementor-widget-container\">\n\t\t\t\t\t<h3 class=\"elementor-heading-title elementor-size-default\">Caract\u00e9ristiques de la Construction<\/h3>\t\t\t\t<\/div>\n\t\t\t\t<\/div>\n\t\t\t\t<div class=\"elementor-element elementor-element-e8eb094 elementor-widget elementor-widget-text-editor\" data-id=\"e8eb094\" data-element_type=\"widget\" data-e-type=\"widget\" data-widget_type=\"text-editor.default\">\n\t\t\t\t<div class=\"elementor-widget-container\">\n\t\t\t\t\t\t\t\t\t<ul><li>Ventilateurs \u00e0 entra\u00eenement direct avec ECM ou VFD<\/li><li>Syst\u00e8me de r\u00e9frig\u00e9ration \u00e0 refroidissement par fluide<\/li><li>Serpentins enti\u00e8rement immerg\u00e9s de s\u00e9rie<\/li><li>Tous les composants critiques sont situ\u00e9s \u00e0 l&rsquo;ext\u00e9rieur du flux d&rsquo;air<\/li><li>Armoire et portes \u00e0 double paroi de deux pouces avec rev\u00eatement int\u00e9rieur peint<\/li><li>Facilit\u00e9 d&rsquo;acc\u00e8s pour la maintenance et l&rsquo;entretien<\/li><li>Nouvelle option de refroidisseur de fluide avec pompe int\u00e9gr\u00e9e \u00e0 l&rsquo;unit\u00e9<\/li><li>Syst\u00e8me de r\u00e9frig\u00e9ration \u00e0 faible charge enti\u00e8rement test\u00e9 et scell\u00e9 en usine<\/li><li>Option de r\u00e9cup\u00e9ration de la chaleur de l&rsquo;air d&rsquo;\u00e9chappement pour le pr\u00e9chauffage de l&rsquo;air ext\u00e9rieur<\/li><li>Compatible avec l&rsquo;\u00e9vacuateur Paddock<\/li><li><a href=\"https:\/\/poolpak.com\/wp-content\/uploads\/2025\/06\/poolpak-smart-purge-fr.pdf\" target=\"_blank\" rel=\"noopener\">Option de purge intelligente ou purge compl\u00e8te<\/a><\/li><li><a href=\"https:\/\/poolpak.com\/fr\/controle-intelligent-de-la-pompe\/\">Pompe intelligente<\/a><\/li><\/ul>\t\t\t\t\t\t\t\t<\/div>\n\t\t\t\t<\/div>\n\t\t\t\t<div class=\"elementor-element elementor-element-3505442 elementor-widget elementor-widget-heading\" data-id=\"3505442\" data-element_type=\"widget\" data-e-type=\"widget\" data-widget_type=\"heading.default\">\n\t\t\t\t<div class=\"elementor-widget-container\">\n\t\t\t\t\t<h4 class=\"elementor-heading-title elementor-size-default\"><b>Ressources<\/b><\/h4>\t\t\t\t<\/div>\n\t\t\t\t<\/div>\n\t\t\t\t<div class=\"elementor-element elementor-element-5287e78 elementor-widget elementor-widget-text-editor\" data-id=\"5287e78\" data-element_type=\"widget\" data-e-type=\"widget\" data-widget_type=\"text-editor.default\">\n\t\t\t\t<div class=\"elementor-widget-container\">\n\t\t\t\t\t\t\t\t\t<a href=\"https:\/\/poolpak.com\/wp-content\/uploads\/2024\/12\/ppk-brochure-fr.pdf\">Brochure de la s\u00e9rie PoolPak\u00ae PPK<\/a><br>\n<a href=\"https:\/\/poolpak.com\/wp-content\/uploads\/2024\/11\/poolpak-ppk-series-fr.pdf\">Brochure sur les avantages \u00e9cologiques de la s\u00e9rie PoolPak\u00ae PPK<\/a><br>\n<a href=\"https:\/\/poolpak.com\/wp-content\/uploads\/2025\/06\/poolpak-smart-purge-fr.pdf\" target=\"_blank\" rel=\"noopener\">Purge intelligente et compl\u00e8te &#8211; Bulletin technique<\/a><br>\n<a href=\"https:\/\/poolpak.com\/wp-content\/uploads\/2025\/06\/poolpak-ventilation-forward-fr.pdf\" target=\"_blank\" rel=\"noopener\">Ventilation vers l&rsquo;avant &#8211; Bulletin technique<\/a><br>\n<a href=\"https:\/\/poolpak.com\/wp-content\/uploads\/2024\/11\/poolpakwebsentry-fr.pdf\" target=\"_blank\" rel=\"noopener\">Brochure WebSentry\u00ae<\/a><br>\n<a href=\"https:\/\/poolpak.com\/fr\/manuels\/\" target=\"_blank\" rel=\"noopener\">Manuels<\/a>\t\t\t\t\t\t\t\t<\/div>\n\t\t\t\t<\/div>\n\t\t\t\t\t<\/div>\n\t\t<\/div>\n\t\t\t\t\t<\/div>\n\t\t<\/section>\n\t\t\t\t\t<\/div>\n\t\t<\/div>\n\t\t\t\t\t<\/div>\n\t\t<\/section>\n\t\t\t\t<\/div>\n\t\t","protected":false},"excerpt":{"rendered":"<p>PoolPak\u00ae S\u00e9rie PPK Le PPK est la nouvelle g\u00e9n\u00e9ration de d\u00e9shumidificateurs pour les grandes piscines. Dot\u00e9 d&rsquo;un syst\u00e8me de r\u00e9frig\u00e9ration m\u00e9canique \u00e0 refroidissement par fluide en son centre, le PPK offre une valeur exceptionnelle en fournissant un contr\u00f4le de l&rsquo;environnement in\u00e9gal\u00e9 et coh\u00e9rent \u00e0 un prix comp\u00e9titif sur le march\u00e9. La conception intelligente de ce &#8230; <a title=\"PoolPak\u00ae S\u00e9rie PPK\" class=\"read-more\" href=\"https:\/\/poolpak.com\/fr\/poolpak-serie-ppk\/\" aria-label=\"En savoir plus sur PoolPak\u00ae S\u00e9rie PPK\">Lire plus<\/a><\/p>\n","protected":false},"author":1,"featured_media":0,"parent":0,"menu_order":0,"comment_status":"closed","ping_status":"closed","template":"","meta":{"footnotes":""},"class_list":["post-8628","page","type-page","status-publish"],"yoast_head":"<!-- This site is optimized with the Yoast SEO plugin v27.4 - https:\/\/yoast.com\/product\/yoast-seo-wordpress\/ -->\n<title>PoolPak\u00ae S\u00e9rie PPK - PoolPak<\/title>\n<meta name=\"robots\" content=\"index, follow, max-snippet:-1, max-image-preview:large, max-video-preview:-1\" \/>\n<link rel=\"canonical\" href=\"https:\/\/poolpak.com\/fr\/poolpak-serie-ppk\/\" \/>\n<meta property=\"og:locale\" content=\"fr_FR\" \/>\n<meta property=\"og:type\" content=\"article\" \/>\n<meta property=\"og:title\" content=\"PoolPak\u00ae S\u00e9rie PPK - PoolPak\" \/>\n<meta property=\"og:description\" content=\"PoolPak\u00ae S\u00e9rie PPK Le PPK est la nouvelle g\u00e9n\u00e9ration de d\u00e9shumidificateurs pour les grandes piscines. Dot\u00e9 d&rsquo;un syst\u00e8me de r\u00e9frig\u00e9ration m\u00e9canique \u00e0 refroidissement par fluide en son centre, le PPK offre une valeur exceptionnelle en fournissant un contr\u00f4le de l&rsquo;environnement in\u00e9gal\u00e9 et coh\u00e9rent \u00e0 un prix comp\u00e9titif sur le march\u00e9. La conception intelligente de ce ... Lire plus\" \/>\n<meta property=\"og:url\" content=\"https:\/\/poolpak.com\/fr\/poolpak-serie-ppk\/\" \/>\n<meta property=\"og:site_name\" content=\"PoolPak\" \/>\n<meta property=\"article:modified_time\" content=\"2025-06-10T14:42:56+00:00\" \/>\n<meta property=\"og:image\" content=\"https:\/\/poolpak.com\/wp-content\/uploads\/2024\/11\/residential-pools-8.png\" \/>\n\t<meta property=\"og:image:width\" content=\"1366\" \/>\n\t<meta property=\"og:image:height\" content=\"397\" \/>\n\t<meta property=\"og:image:type\" content=\"image\/png\" \/>\n<meta name=\"twitter:card\" content=\"summary_large_image\" \/>\n<meta name=\"twitter:label1\" content=\"Dur\u00e9e de lecture estim\u00e9e\" \/>\n\t<meta name=\"twitter:data1\" content=\"3 minutes\" \/>\n<script type=\"application\/ld+json\" class=\"yoast-schema-graph\">{\"@context\":\"https:\\\/\\\/schema.org\",\"@graph\":[{\"@type\":\"WebPage\",\"@id\":\"https:\\\/\\\/poolpak.com\\\/fr\\\/poolpak-serie-ppk\\\/\",\"url\":\"https:\\\/\\\/poolpak.com\\\/fr\\\/poolpak-serie-ppk\\\/\",\"name\":\"PoolPak\u00ae S\u00e9rie PPK - PoolPak\",\"isPartOf\":{\"@id\":\"https:\\\/\\\/poolpak.com\\\/fr\\\/#website\"},\"primaryImageOfPage\":{\"@id\":\"https:\\\/\\\/poolpak.com\\\/fr\\\/poolpak-serie-ppk\\\/#primaryimage\"},\"image\":{\"@id\":\"https:\\\/\\\/poolpak.com\\\/fr\\\/poolpak-serie-ppk\\\/#primaryimage\"},\"thumbnailUrl\":\"https:\\\/\\\/poolpak.com\\\/wp-content\\\/uploads\\\/2024\\\/11\\\/residential-pools-8-1024x298.png\",\"datePublished\":\"2020-09-26T15:10:27+00:00\",\"dateModified\":\"2025-06-10T14:42:56+00:00\",\"breadcrumb\":{\"@id\":\"https:\\\/\\\/poolpak.com\\\/fr\\\/poolpak-serie-ppk\\\/#breadcrumb\"},\"inLanguage\":\"fr-FR\",\"potentialAction\":[{\"@type\":\"ReadAction\",\"target\":[\"https:\\\/\\\/poolpak.com\\\/fr\\\/poolpak-serie-ppk\\\/\"]}]},{\"@type\":\"ImageObject\",\"inLanguage\":\"fr-FR\",\"@id\":\"https:\\\/\\\/poolpak.com\\\/fr\\\/poolpak-serie-ppk\\\/#primaryimage\",\"url\":\"https:\\\/\\\/poolpak.com\\\/wp-content\\\/uploads\\\/2024\\\/11\\\/residential-pools-8-1024x298.png\",\"contentUrl\":\"https:\\\/\\\/poolpak.com\\\/wp-content\\\/uploads\\\/2024\\\/11\\\/residential-pools-8-1024x298.png\"},{\"@type\":\"BreadcrumbList\",\"@id\":\"https:\\\/\\\/poolpak.com\\\/fr\\\/poolpak-serie-ppk\\\/#breadcrumb\",\"itemListElement\":[{\"@type\":\"ListItem\",\"position\":1,\"name\":\"Home\",\"item\":\"https:\\\/\\\/poolpak.com\\\/fr\\\/\"},{\"@type\":\"ListItem\",\"position\":2,\"name\":\"PoolPak\u00ae S\u00e9rie PPK\"}]},{\"@type\":\"WebSite\",\"@id\":\"https:\\\/\\\/poolpak.com\\\/fr\\\/#website\",\"url\":\"https:\\\/\\\/poolpak.com\\\/fr\\\/\",\"name\":\"PoolPak\",\"description\":\"Dehumidification That Works\",\"publisher\":{\"@id\":\"https:\\\/\\\/poolpak.com\\\/fr\\\/#organization\"},\"potentialAction\":[{\"@type\":\"SearchAction\",\"target\":{\"@type\":\"EntryPoint\",\"urlTemplate\":\"https:\\\/\\\/poolpak.com\\\/fr\\\/?s={search_term_string}\"},\"query-input\":{\"@type\":\"PropertyValueSpecification\",\"valueRequired\":true,\"valueName\":\"search_term_string\"}}],\"inLanguage\":\"fr-FR\"},{\"@type\":\"Organization\",\"@id\":\"https:\\\/\\\/poolpak.com\\\/fr\\\/#organization\",\"name\":\"PoolPak\",\"url\":\"https:\\\/\\\/poolpak.com\\\/fr\\\/\",\"logo\":{\"@type\":\"ImageObject\",\"inLanguage\":\"fr-FR\",\"@id\":\"https:\\\/\\\/poolpak.com\\\/fr\\\/#\\\/schema\\\/logo\\\/image\\\/\",\"url\":\"https:\\\/\\\/poolpak.com\\\/wp-content\\\/uploads\\\/2020\\\/03\\\/poolpak-logo.svg\",\"contentUrl\":\"https:\\\/\\\/poolpak.com\\\/wp-content\\\/uploads\\\/2020\\\/03\\\/poolpak-logo.svg\",\"caption\":\"PoolPak\"},\"image\":{\"@id\":\"https:\\\/\\\/poolpak.com\\\/fr\\\/#\\\/schema\\\/logo\\\/image\\\/\"}}]}<\/script>\n<!-- \/ Yoast SEO plugin. -->","yoast_head_json":{"title":"PoolPak\u00ae S\u00e9rie PPK - PoolPak","robots":{"index":"index","follow":"follow","max-snippet":"max-snippet:-1","max-image-preview":"max-image-preview:large","max-video-preview":"max-video-preview:-1"},"canonical":"https:\/\/poolpak.com\/fr\/poolpak-serie-ppk\/","og_locale":"fr_FR","og_type":"article","og_title":"PoolPak\u00ae S\u00e9rie PPK - PoolPak","og_description":"PoolPak\u00ae S\u00e9rie PPK Le PPK est la nouvelle g\u00e9n\u00e9ration de d\u00e9shumidificateurs pour les grandes piscines. Dot\u00e9 d&rsquo;un syst\u00e8me de r\u00e9frig\u00e9ration m\u00e9canique \u00e0 refroidissement par fluide en son centre, le PPK offre une valeur exceptionnelle en fournissant un contr\u00f4le de l&rsquo;environnement in\u00e9gal\u00e9 et coh\u00e9rent \u00e0 un prix comp\u00e9titif sur le march\u00e9. La conception intelligente de ce ... Lire plus","og_url":"https:\/\/poolpak.com\/fr\/poolpak-serie-ppk\/","og_site_name":"PoolPak","article_modified_time":"2025-06-10T14:42:56+00:00","og_image":[{"width":1366,"height":397,"url":"https:\/\/poolpak.com\/wp-content\/uploads\/2024\/11\/residential-pools-8.png","type":"image\/png"}],"twitter_card":"summary_large_image","twitter_misc":{"Dur\u00e9e de lecture estim\u00e9e":"3 minutes"},"schema":{"@context":"https:\/\/schema.org","@graph":[{"@type":"WebPage","@id":"https:\/\/poolpak.com\/fr\/poolpak-serie-ppk\/","url":"https:\/\/poolpak.com\/fr\/poolpak-serie-ppk\/","name":"PoolPak\u00ae S\u00e9rie PPK - PoolPak","isPartOf":{"@id":"https:\/\/poolpak.com\/fr\/#website"},"primaryImageOfPage":{"@id":"https:\/\/poolpak.com\/fr\/poolpak-serie-ppk\/#primaryimage"},"image":{"@id":"https:\/\/poolpak.com\/fr\/poolpak-serie-ppk\/#primaryimage"},"thumbnailUrl":"https:\/\/poolpak.com\/wp-content\/uploads\/2024\/11\/residential-pools-8-1024x298.png","datePublished":"2020-09-26T15:10:27+00:00","dateModified":"2025-06-10T14:42:56+00:00","breadcrumb":{"@id":"https:\/\/poolpak.com\/fr\/poolpak-serie-ppk\/#breadcrumb"},"inLanguage":"fr-FR","potentialAction":[{"@type":"ReadAction","target":["https:\/\/poolpak.com\/fr\/poolpak-serie-ppk\/"]}]},{"@type":"ImageObject","inLanguage":"fr-FR","@id":"https:\/\/poolpak.com\/fr\/poolpak-serie-ppk\/#primaryimage","url":"https:\/\/poolpak.com\/wp-content\/uploads\/2024\/11\/residential-pools-8-1024x298.png","contentUrl":"https:\/\/poolpak.com\/wp-content\/uploads\/2024\/11\/residential-pools-8-1024x298.png"},{"@type":"BreadcrumbList","@id":"https:\/\/poolpak.com\/fr\/poolpak-serie-ppk\/#breadcrumb","itemListElement":[{"@type":"ListItem","position":1,"name":"Home","item":"https:\/\/poolpak.com\/fr\/"},{"@type":"ListItem","position":2,"name":"PoolPak\u00ae S\u00e9rie PPK"}]},{"@type":"WebSite","@id":"https:\/\/poolpak.com\/fr\/#website","url":"https:\/\/poolpak.com\/fr\/","name":"PoolPak","description":"Dehumidification That Works","publisher":{"@id":"https:\/\/poolpak.com\/fr\/#organization"},"potentialAction":[{"@type":"SearchAction","target":{"@type":"EntryPoint","urlTemplate":"https:\/\/poolpak.com\/fr\/?s={search_term_string}"},"query-input":{"@type":"PropertyValueSpecification","valueRequired":true,"valueName":"search_term_string"}}],"inLanguage":"fr-FR"},{"@type":"Organization","@id":"https:\/\/poolpak.com\/fr\/#organization","name":"PoolPak","url":"https:\/\/poolpak.com\/fr\/","logo":{"@type":"ImageObject","inLanguage":"fr-FR","@id":"https:\/\/poolpak.com\/fr\/#\/schema\/logo\/image\/","url":"https:\/\/poolpak.com\/wp-content\/uploads\/2020\/03\/poolpak-logo.svg","contentUrl":"https:\/\/poolpak.com\/wp-content\/uploads\/2020\/03\/poolpak-logo.svg","caption":"PoolPak"},"image":{"@id":"https:\/\/poolpak.com\/fr\/#\/schema\/logo\/image\/"}}]}},"_links":{"self":[{"href":"https:\/\/poolpak.com\/fr\/wp-json\/wp\/v2\/pages\/8628","targetHints":{"allow":["GET"]}}],"collection":[{"href":"https:\/\/poolpak.com\/fr\/wp-json\/wp\/v2\/pages"}],"about":[{"href":"https:\/\/poolpak.com\/fr\/wp-json\/wp\/v2\/types\/page"}],"author":[{"embeddable":true,"href":"https:\/\/poolpak.com\/fr\/wp-json\/wp\/v2\/users\/1"}],"replies":[{"embeddable":true,"href":"https:\/\/poolpak.com\/fr\/wp-json\/wp\/v2\/comments?post=8628"}],"version-history":[{"count":22,"href":"https:\/\/poolpak.com\/fr\/wp-json\/wp\/v2\/pages\/8628\/revisions"}],"predecessor-version":[{"id":9702,"href":"https:\/\/poolpak.com\/fr\/wp-json\/wp\/v2\/pages\/8628\/revisions\/9702"}],"wp:attachment":[{"href":"https:\/\/poolpak.com\/fr\/wp-json\/wp\/v2\/media?parent=8628"}],"curies":[{"name":"wp","href":"https:\/\/api.w.org\/{rel}","templated":true}]}}