{"id":8667,"date":"2021-07-05T18:35:40","date_gmt":"2021-07-05T18:35:40","guid":{"rendered":"https:\/\/poolpak.com\/guide-de-conception-du-natatorium\/"},"modified":"2024-12-04T19:40:54","modified_gmt":"2024-12-04T19:40:54","slug":"guide-de-conception-du-natatorium","status":"publish","type":"page","link":"https:\/\/poolpak.com\/fr\/guide-de-conception-du-natatorium\/","title":{"rendered":"Guide de conception du Natatorium"},"content":{"rendered":"\t\t<div data-elementor-type=\"wp-page\" data-elementor-id=\"8667\" class=\"elementor elementor-8667 elementor-1414\" data-elementor-post-type=\"page\">\n\t\t\t\t\t\t<section class=\"elementor-section elementor-top-section elementor-element elementor-element-d68bcdb elementor-section-stretched elementor-section-height-min-height elementor-section-boxed elementor-section-height-default elementor-section-items-middle\" data-id=\"d68bcdb\" data-element_type=\"section\" data-e-type=\"section\" data-settings=\"{&quot;stretch_section&quot;:&quot;section-stretched&quot;,&quot;background_background&quot;:&quot;classic&quot;}\">\n\t\t\t\t\t\t\t<div class=\"elementor-background-overlay\"><\/div>\n\t\t\t\t\t\t\t<div class=\"elementor-container elementor-column-gap-no\">\n\t\t\t\t\t<div class=\"elementor-column elementor-col-100 elementor-top-column elementor-element elementor-element-8af2d1e\" data-id=\"8af2d1e\" data-element_type=\"column\" data-e-type=\"column\">\n\t\t\t<div class=\"elementor-widget-wrap\">\n\t\t\t\t\t\t\t<\/div>\n\t\t<\/div>\n\t\t\t\t\t<\/div>\n\t\t<\/section>\n\t\t\t\t<section class=\"elementor-section elementor-top-section elementor-element elementor-element-1b90d84e elementor-section-boxed elementor-section-height-default elementor-section-height-default\" data-id=\"1b90d84e\" data-element_type=\"section\" data-e-type=\"section\" id=\"about\">\n\t\t\t\t\t\t<div class=\"elementor-container elementor-column-gap-no\">\n\t\t\t\t\t<div class=\"elementor-column elementor-col-100 elementor-top-column elementor-element elementor-element-656f037d\" data-id=\"656f037d\" data-element_type=\"column\" data-e-type=\"column\">\n\t\t\t<div class=\"elementor-widget-wrap elementor-element-populated\">\n\t\t\t\t\t\t<section class=\"elementor-section elementor-inner-section elementor-element elementor-element-1a98ba8 elementor-section-content-bottom elementor-section-boxed elementor-section-height-default elementor-section-height-default\" data-id=\"1a98ba8\" data-element_type=\"section\" data-e-type=\"section\" data-settings=\"{&quot;background_background&quot;:&quot;classic&quot;}\">\n\t\t\t\t\t\t<div class=\"elementor-container elementor-column-gap-no\">\n\t\t\t\t\t<div class=\"elementor-column elementor-col-100 elementor-inner-column elementor-element elementor-element-1e7f3d1\" data-id=\"1e7f3d1\" data-element_type=\"column\" data-e-type=\"column\">\n\t\t\t<div class=\"elementor-widget-wrap elementor-element-populated\">\n\t\t\t\t\t\t<div class=\"elementor-element elementor-element-d2c38da elementor-widget elementor-widget-heading\" data-id=\"d2c38da\" data-element_type=\"widget\" data-e-type=\"widget\" data-widget_type=\"heading.default\">\n\t\t\t\t<div class=\"elementor-widget-container\">\n\t\t\t\t\t<div class=\"elementor-heading-title elementor-size-default\">Guide de conception du Natatorium<br>Maintenant disponible<\/div>\t\t\t\t<\/div>\n\t\t\t\t<\/div>\n\t\t\t\t<div class=\"elementor-element elementor-element-9f9ac3a elementor-widget elementor-widget-text-editor\" data-id=\"9f9ac3a\" data-element_type=\"widget\" data-e-type=\"widget\" data-widget_type=\"text-editor.default\">\n\t\t\t\t<div class=\"elementor-widget-container\">\n\t\t\t\t\t\t\t\t\t<p><b><em><strong>\u00ab\u00a0L&rsquo;environnement d&rsquo;une grande piscine int\u00e9rieure devrait \u00eatre quelque chose que tout le monde attend, sans compromis.<\/strong><\/em><\/b><\/p>\n<p><b><strong>&#8211; Guide de conception du natatorium de PoolPak<\/strong><\/b><\/p>\n\t\t\t\t\t\t\t\t<\/div>\n\t\t\t\t<\/div>\n\t\t\t\t<div class=\"elementor-element elementor-element-1233ce1 elementor-widget elementor-widget-text-editor\" data-id=\"1233ce1\" data-element_type=\"widget\" data-e-type=\"widget\" data-widget_type=\"text-editor.default\">\n\t\t\t\t<div class=\"elementor-widget-container\">\n\t\t\t\t\t\t\t\t\t<p>Des centaines de piscines int\u00e9rieures fonctionnent actuellement avec succ\u00e8s en Am\u00e9rique du Nord. Malheureusement, un grand nombre d&rsquo;entre elles sont confront\u00e9es \u00e0 toutes sortes de probl\u00e8mes.<br \/>\nLe guide de conception du natatorium de PoolPak est un ouvrage incontournable pour les ing\u00e9nieurs sp\u00e9cialis\u00e9s dans les piscines int\u00e9rieures. Il offre un aper\u00e7u approfondi de toutes les consid\u00e9rations cl\u00e9s pour la conception d&rsquo;une installation r\u00e9ussie, en accordant une attention particuli\u00e8re au contr\u00f4le de la chloramine et \u00e0 la distribution de l&rsquo;air.<br \/>\nCe guide est l&rsquo;aboutissement de plusieurs d\u00e9cennies d&rsquo;exp\u00e9rience des v\u00e9t\u00e9rans de la d\u00e9shumidification des piscines int\u00e9rieures qui ont vu de leurs propres yeux ce qui fonctionne et ce qui ne fonctionne pas, et qui proposent les meilleures pratiques bas\u00e9es sur ce qu&rsquo;ils ont vu fonctionner avec succ\u00e8s.<\/p>\n\t\t\t\t\t\t\t\t<\/div>\n\t\t\t\t<\/div>\n\t\t\t\t\t<\/div>\n\t\t<\/div>\n\t\t\t\t\t<\/div>\n\t\t<\/section>\n\t\t\t\t\t<\/div>\n\t\t<\/div>\n\t\t\t\t\t<\/div>\n\t\t<\/section>\n\t\t\t\t<section class=\"elementor-section elementor-top-section elementor-element elementor-element-6fb439fc elementor-section-boxed elementor-section-height-default elementor-section-height-default\" data-id=\"6fb439fc\" data-element_type=\"section\" data-e-type=\"section\">\n\t\t\t\t\t\t<div class=\"elementor-container elementor-column-gap-no\">\n\t\t\t\t\t<div class=\"elementor-column elementor-col-100 elementor-top-column elementor-element elementor-element-4ee2fc0e\" data-id=\"4ee2fc0e\" data-element_type=\"column\" data-e-type=\"column\">\n\t\t\t<div class=\"elementor-widget-wrap elementor-element-populated\">\n\t\t\t\t\t\t<div class=\"elementor-element elementor-element-23f9ebb9 elementor-widget elementor-widget-heading\" data-id=\"23f9ebb9\" data-element_type=\"widget\" data-e-type=\"widget\" data-widget_type=\"heading.default\">\n\t\t\t\t<div class=\"elementor-widget-container\">\n\t\t\t\t\t<div class=\"elementor-heading-title elementor-size-default\">Points forts<\/div>\t\t\t\t<\/div>\n\t\t\t\t<\/div>\n\t\t\t\t<div class=\"elementor-element elementor-element-7466b890 elementor-widget elementor-widget-text-editor\" data-id=\"7466b890\" data-element_type=\"widget\" data-e-type=\"widget\" data-widget_type=\"text-editor.default\">\n\t\t\t\t<div class=\"elementor-widget-container\">\n\t\t\t\t\t\t\t\t\t<ul>\n<li>Un examen approfondi des deux approches principales que les ing\u00e9nieurs utilisent g\u00e9n\u00e9ralement pour contr\u00f4ler un natatorium : les d\u00e9shumidificateurs \u00e0 base de r\u00e9frig\u00e9ration et les syst\u00e8mes de ventilation d&rsquo;air ext\u00e9rieur.<\/li>\n<li>Les niveaux d&rsquo;humidit\u00e9 relative et les temp\u00e9ratures de l&rsquo;air et de l&rsquo;eau id\u00e9aux pour le confort et la sant\u00e9 des patrons.<\/li>\n<li>Les calculs de contr\u00f4le de l&rsquo;humidit\u00e9 pour assurer un point de ros\u00e9e stable tout au long de l&rsquo;ann\u00e9e.<\/li>\n<li>Les facteurs cl\u00e9s d&rsquo;une bonne qualit\u00e9 de l&rsquo;air int\u00e9rieur<\/li>\n<li>Prot\u00e9ger l&rsquo;\u00e9tablissement des effets potentiellement d\u00e9vastateurs de la condensation<\/li>\n<li>La r\u00e9duction de la consommation d&rsquo;\u00e9nergie et des co\u00fbts des services publics &#8211; en mettant l&rsquo;accent sur les \u00e9conomies annuelles potentielles.<\/li>\n<li>\u00c9tapes de la finalisation de la conception du syst\u00e8me de d\u00e9shumidification<\/li>\n<li>Configurations et conceptions de syst\u00e8mes les plus courantes<\/li>\n<li>Quand remplacer un syst\u00e8me de d\u00e9shumidification ?<\/li>\n<li>Caract\u00e9ristiques essentielles du syst\u00e8me \u00e0 sp\u00e9cifier<\/li>\n<li>Comment s&rsquo;assurer que l&rsquo;unit\u00e9 est correctement install\u00e9e et qu&rsquo;elle peut \u00eatre entretenue et maintenue ?<\/li>\n<li>Une liste de contr\u00f4le pratique pour les piscines traditionnelles<\/li>\n<\/ul>\n\t\t\t\t\t\t\t\t<\/div>\n\t\t\t\t<\/div>\n\t\t\t\t<section class=\"elementor-section elementor-inner-section elementor-element elementor-element-755f458 elementor-section-boxed elementor-section-height-default elementor-section-height-default\" data-id=\"755f458\" data-element_type=\"section\" data-e-type=\"section\">\n\t\t\t\t\t\t<div class=\"elementor-container elementor-column-gap-wide\">\n\t\t\t\t\t<div class=\"elementor-column elementor-col-50 elementor-inner-column elementor-element elementor-element-203de57\" data-id=\"203de57\" data-element_type=\"column\" data-e-type=\"column\">\n\t\t\t<div class=\"elementor-widget-wrap elementor-element-populated\">\n\t\t\t\t\t\t<div class=\"elementor-element elementor-element-2dbdfb3 elementor-widget elementor-widget-image\" data-id=\"2dbdfb3\" data-element_type=\"widget\" data-e-type=\"widget\" data-widget_type=\"image.default\">\n\t\t\t\t<div class=\"elementor-widget-container\">\n\t\t\t\t\t\t\t\t\t\t\t\t\t\t\t\t<a href=\"https:\/\/poolpak.com\/wp-content\/uploads\/2024\/11\/poolpak-pg-fr.pdf\" target=\"_blank\" rel=\"nofollow\">\n\t\t\t\t\t\t\t<img fetchpriority=\"high\" decoding=\"async\" width=\"791\" height=\"1024\" src=\"https:\/\/poolpak.com\/wp-content\/uploads\/2024\/11\/poolpak-pg-fr-791x1024.jpg\" class=\"attachment-large size-large wp-image-8781\" alt=\"\" srcset=\"https:\/\/poolpak.com\/wp-content\/uploads\/2024\/11\/poolpak-pg-fr-791x1024.jpg 791w, https:\/\/poolpak.com\/wp-content\/uploads\/2024\/11\/poolpak-pg-fr-232x300.jpg 232w, https:\/\/poolpak.com\/wp-content\/uploads\/2024\/11\/poolpak-pg-fr-768x994.jpg 768w, https:\/\/poolpak.com\/wp-content\/uploads\/2024\/11\/poolpak-pg-fr-1187x1536.jpg 1187w, https:\/\/poolpak.com\/wp-content\/uploads\/2024\/11\/poolpak-pg-fr-1583x2048.jpg 1583w, https:\/\/poolpak.com\/wp-content\/uploads\/2024\/11\/poolpak-pg-fr-scaled.jpg 1978w\" sizes=\"(max-width: 791px) 100vw, 791px\" \/>\t\t\t\t\t\t\t\t<\/a>\n\t\t\t\t\t\t\t\t\t\t\t\t\t\t\t<\/div>\n\t\t\t\t<\/div>\n\t\t\t\t\t<\/div>\n\t\t<\/div>\n\t\t\t\t<div class=\"elementor-column elementor-col-50 elementor-inner-column elementor-element elementor-element-a10f2fe\" data-id=\"a10f2fe\" data-element_type=\"column\" data-e-type=\"column\">\n\t\t\t<div class=\"elementor-widget-wrap elementor-element-populated\">\n\t\t\t\t\t\t<div class=\"elementor-element elementor-element-3b15c96 elementor-widget elementor-widget-heading\" data-id=\"3b15c96\" data-element_type=\"widget\" data-e-type=\"widget\" data-widget_type=\"heading.default\">\n\t\t\t\t<div class=\"elementor-widget-container\">\n\t\t\t\t\t<h2 class=\"elementor-heading-title elementor-size-default\"><a href=\"https:\/\/poolpak.com\/fr\/about-the-author\/\" target=\"_blank\">Voir la Copie Electronique<\/a><\/h2>\t\t\t\t<\/div>\n\t\t\t\t<\/div>\n\t\t\t\t<div class=\"elementor-element elementor-element-580dfdb elementor-widget elementor-widget-heading\" data-id=\"580dfdb\" data-element_type=\"widget\" data-e-type=\"widget\" data-widget_type=\"heading.default\">\n\t\t\t\t<div class=\"elementor-widget-container\">\n\t\t\t\t\t<h2 class=\"elementor-heading-title elementor-size-default\"><a href=\"https:\/\/poolpak.com\/wp-content\/uploads\/2024\/11\/poolpak-pg-fr.pdf\" target=\"_blank\" rel=\"nofollow\">ou T\u00e9l\u00e9charger le PDF<\/a><\/h2>\t\t\t\t<\/div>\n\t\t\t\t<\/div>\n\t\t\t\t\t<\/div>\n\t\t<\/div>\n\t\t\t\t\t<\/div>\n\t\t<\/section>\n\t\t\t\t<div class=\"elementor-element elementor-element-d0883f2 elementor-widget elementor-widget-spacer\" data-id=\"d0883f2\" data-element_type=\"widget\" data-e-type=\"widget\" data-widget_type=\"spacer.default\">\n\t\t\t\t<div class=\"elementor-widget-container\">\n\t\t\t\t\t\t\t<div class=\"elementor-spacer\">\n\t\t\t<div class=\"elementor-spacer-inner\"><\/div>\n\t\t<\/div>\n\t\t\t\t\t\t<\/div>\n\t\t\t\t<\/div>\n\t\t\t\t\t<\/div>\n\t\t<\/div>\n\t\t\t\t\t<\/div>\n\t\t<\/section>\n\t\t\t\t<section class=\"elementor-section elementor-top-section elementor-element elementor-element-df68756 elementor-section-stretched elementor-section-boxed elementor-section-height-default elementor-section-height-default\" data-id=\"df68756\" data-element_type=\"section\" data-e-type=\"section\" data-settings=\"{&quot;stretch_section&quot;:&quot;section-stretched&quot;}\">\n\t\t\t\t\t\t<div class=\"elementor-container elementor-column-gap-default\">\n\t\t\t\t\t<div class=\"elementor-column elementor-col-100 elementor-top-column elementor-element elementor-element-7a8d8ac\" data-id=\"7a8d8ac\" data-element_type=\"column\" data-e-type=\"column\">\n\t\t\t<div class=\"elementor-widget-wrap elementor-element-populated\">\n\t\t\t\t\t\t<div class=\"elementor-element elementor-element-bb93f63 elementor-widget elementor-widget-template\" data-id=\"bb93f63\" data-element_type=\"widget\" data-e-type=\"widget\" data-widget_type=\"template.default\">\n\t\t\t\t<div class=\"elementor-widget-container\">\n\t\t\t\t\t\t\t<div class=\"elementor-template\">\n\t\t\t\t\t<div data-elementor-type=\"section\" data-elementor-id=\"1750\" class=\"elementor elementor-1750\" data-elementor-post-type=\"elementor_library\">\n\t\t\t\t\t<section class=\"elementor-section elementor-top-section elementor-element elementor-element-18eb5cd1 elementor-section-stretched elementor-section-boxed elementor-section-height-default elementor-section-height-default\" data-id=\"18eb5cd1\" data-element_type=\"section\" data-e-type=\"section\" data-settings=\"{&quot;stretch_section&quot;:&quot;section-stretched&quot;,&quot;background_background&quot;:&quot;classic&quot;}\">\n\t\t\t\t\t\t<div class=\"elementor-container elementor-column-gap-default\">\n\t\t\t\t\t<div class=\"elementor-column elementor-col-100 elementor-top-column elementor-element elementor-element-3693b1e9\" data-id=\"3693b1e9\" data-element_type=\"column\" data-e-type=\"column\">\n\t\t\t<div class=\"elementor-widget-wrap elementor-element-populated\">\n\t\t\t\t\t\t<section class=\"elementor-section elementor-inner-section elementor-element elementor-element-2bc58a3c elementor-section-content-middle elementor-section-boxed elementor-section-height-default elementor-section-height-default\" data-id=\"2bc58a3c\" data-element_type=\"section\" data-e-type=\"section\">\n\t\t\t\t\t\t<div class=\"elementor-container elementor-column-gap-no\">\n\t\t\t\t\t<div class=\"elementor-column elementor-col-100 elementor-inner-column elementor-element elementor-element-478b56cc\" data-id=\"478b56cc\" data-element_type=\"column\" data-e-type=\"column\">\n\t\t\t<div class=\"elementor-widget-wrap elementor-element-populated\">\n\t\t\t\t\t\t<div class=\"elementor-element elementor-element-22a473bb elementor-widget elementor-widget-text-editor\" data-id=\"22a473bb\" data-element_type=\"widget\" data-e-type=\"widget\" data-widget_type=\"text-editor.default\">\n\t\t\t\t<div class=\"elementor-widget-container\">\n\t\t\t\t\t\t\t\t\t<p>\u00a9 2021 PoolPak\u00ae LLC<\/p>\t\t\t\t\t\t\t\t<\/div>\n\t\t\t\t<\/div>\n\t\t\t\t\t<\/div>\n\t\t<\/div>\n\t\t\t\t\t<\/div>\n\t\t<\/section>\n\t\t\t\t\t<\/div>\n\t\t<\/div>\n\t\t\t\t\t<\/div>\n\t\t<\/section>\n\t\t\t\t<\/div>\n\t\t\t\t<\/div>\n\t\t\t\t\t\t<\/div>\n\t\t\t\t<\/div>\n\t\t\t\t\t<\/div>\n\t\t<\/div>\n\t\t\t\t\t<\/div>\n\t\t<\/section>\n\t\t\t\t<\/div>\n\t\t","protected":false},"excerpt":{"rendered":"<p>Guide de conception du NatatoriumMaintenant disponible \u00ab\u00a0L&rsquo;environnement d&rsquo;une grande piscine int\u00e9rieure devrait \u00eatre quelque chose que tout le monde attend, sans compromis. &#8211; Guide de conception du natatorium de PoolPak Des centaines de piscines int\u00e9rieures fonctionnent actuellement avec succ\u00e8s en Am\u00e9rique du Nord. Malheureusement, un grand nombre d&rsquo;entre elles sont confront\u00e9es \u00e0 toutes sortes de &#8230; <a title=\"Guide de conception du Natatorium\" class=\"read-more\" href=\"https:\/\/poolpak.com\/fr\/guide-de-conception-du-natatorium\/\" aria-label=\"En savoir plus sur Guide de conception du Natatorium\">Lire plus<\/a><\/p>\n","protected":false},"author":1,"featured_media":0,"parent":0,"menu_order":0,"comment_status":"closed","ping_status":"closed","template":"","meta":{"footnotes":""},"class_list":["post-8667","page","type-page","status-publish"],"yoast_head":"<!-- This site is optimized with the Yoast SEO plugin v27.1.1 - https:\/\/yoast.com\/product\/yoast-seo-wordpress\/ -->\n<title>Guide de conception du Natatorium - PoolPak<\/title>\n<meta name=\"robots\" content=\"index, follow, max-snippet:-1, max-image-preview:large, max-video-preview:-1\" \/>\n<link rel=\"canonical\" href=\"https:\/\/poolpak.com\/fr\/guide-de-conception-du-natatorium\/\" \/>\n<meta property=\"og:locale\" content=\"fr_FR\" \/>\n<meta property=\"og:type\" content=\"article\" \/>\n<meta property=\"og:title\" content=\"Guide de conception du Natatorium - PoolPak\" \/>\n<meta property=\"og:description\" content=\"Guide de conception du NatatoriumMaintenant disponible \u00ab\u00a0L&rsquo;environnement d&rsquo;une grande piscine int\u00e9rieure devrait \u00eatre quelque chose que tout le monde attend, sans compromis. &#8211; Guide de conception du natatorium de PoolPak Des centaines de piscines int\u00e9rieures fonctionnent actuellement avec succ\u00e8s en Am\u00e9rique du Nord. Malheureusement, un grand nombre d&rsquo;entre elles sont confront\u00e9es \u00e0 toutes sortes de ... Lire plus\" \/>\n<meta property=\"og:url\" content=\"https:\/\/poolpak.com\/fr\/guide-de-conception-du-natatorium\/\" \/>\n<meta property=\"og:site_name\" content=\"PoolPak\" \/>\n<meta property=\"article:modified_time\" content=\"2024-12-04T19:40:54+00:00\" \/>\n<meta property=\"og:image\" content=\"https:\/\/poolpak.com\/wp-content\/uploads\/2024\/11\/poolpak-pg-fr-scaled.jpg\" \/>\n\t<meta property=\"og:image:width\" content=\"1978\" \/>\n\t<meta property=\"og:image:height\" content=\"2560\" \/>\n\t<meta property=\"og:image:type\" content=\"image\/jpeg\" \/>\n<meta name=\"twitter:card\" content=\"summary_large_image\" \/>\n<meta name=\"twitter:label1\" content=\"Dur\u00e9e de lecture estim\u00e9e\" \/>\n\t<meta name=\"twitter:data1\" content=\"2 minutes\" \/>\n<script type=\"application\/ld+json\" class=\"yoast-schema-graph\">{\"@context\":\"https:\/\/schema.org\",\"@graph\":[{\"@type\":\"WebPage\",\"@id\":\"https:\/\/poolpak.com\/fr\/guide-de-conception-du-natatorium\/\",\"url\":\"https:\/\/poolpak.com\/fr\/guide-de-conception-du-natatorium\/\",\"name\":\"Guide de conception du Natatorium - PoolPak\",\"isPartOf\":{\"@id\":\"https:\/\/poolpak.com\/fr\/#website\"},\"primaryImageOfPage\":{\"@id\":\"https:\/\/poolpak.com\/fr\/guide-de-conception-du-natatorium\/#primaryimage\"},\"image\":{\"@id\":\"https:\/\/poolpak.com\/fr\/guide-de-conception-du-natatorium\/#primaryimage\"},\"thumbnailUrl\":\"https:\/\/poolpak.com\/wp-content\/uploads\/2024\/11\/poolpak-pg-fr-791x1024.jpg\",\"datePublished\":\"2021-07-05T18:35:40+00:00\",\"dateModified\":\"2024-12-04T19:40:54+00:00\",\"breadcrumb\":{\"@id\":\"https:\/\/poolpak.com\/fr\/guide-de-conception-du-natatorium\/#breadcrumb\"},\"inLanguage\":\"fr-FR\",\"potentialAction\":[{\"@type\":\"ReadAction\",\"target\":[\"https:\/\/poolpak.com\/fr\/guide-de-conception-du-natatorium\/\"]}]},{\"@type\":\"ImageObject\",\"inLanguage\":\"fr-FR\",\"@id\":\"https:\/\/poolpak.com\/fr\/guide-de-conception-du-natatorium\/#primaryimage\",\"url\":\"https:\/\/poolpak.com\/wp-content\/uploads\/2024\/11\/poolpak-pg-fr-791x1024.jpg\",\"contentUrl\":\"https:\/\/poolpak.com\/wp-content\/uploads\/2024\/11\/poolpak-pg-fr-791x1024.jpg\"},{\"@type\":\"BreadcrumbList\",\"@id\":\"https:\/\/poolpak.com\/fr\/guide-de-conception-du-natatorium\/#breadcrumb\",\"itemListElement\":[{\"@type\":\"ListItem\",\"position\":1,\"name\":\"Home\",\"item\":\"https:\/\/poolpak.com\/fr\/\"},{\"@type\":\"ListItem\",\"position\":2,\"name\":\"Guide de conception du Natatorium\"}]},{\"@type\":\"WebSite\",\"@id\":\"https:\/\/poolpak.com\/fr\/#website\",\"url\":\"https:\/\/poolpak.com\/fr\/\",\"name\":\"PoolPak\",\"description\":\"Dehumidification That Works\",\"publisher\":{\"@id\":\"https:\/\/poolpak.com\/fr\/#organization\"},\"potentialAction\":[{\"@type\":\"SearchAction\",\"target\":{\"@type\":\"EntryPoint\",\"urlTemplate\":\"https:\/\/poolpak.com\/fr\/?s={search_term_string}\"},\"query-input\":{\"@type\":\"PropertyValueSpecification\",\"valueRequired\":true,\"valueName\":\"search_term_string\"}}],\"inLanguage\":\"fr-FR\"},{\"@type\":\"Organization\",\"@id\":\"https:\/\/poolpak.com\/fr\/#organization\",\"name\":\"PoolPak\",\"url\":\"https:\/\/poolpak.com\/fr\/\",\"logo\":{\"@type\":\"ImageObject\",\"inLanguage\":\"fr-FR\",\"@id\":\"https:\/\/poolpak.com\/fr\/#\/schema\/logo\/image\/\",\"url\":\"https:\/\/poolpak.com\/wp-content\/uploads\/2020\/03\/poolpak-logo.svg\",\"contentUrl\":\"https:\/\/poolpak.com\/wp-content\/uploads\/2020\/03\/poolpak-logo.svg\",\"caption\":\"PoolPak\"},\"image\":{\"@id\":\"https:\/\/poolpak.com\/fr\/#\/schema\/logo\/image\/\"}}]}<\/script>\n<!-- \/ Yoast SEO plugin. -->","yoast_head_json":{"title":"Guide de conception du Natatorium - PoolPak","robots":{"index":"index","follow":"follow","max-snippet":"max-snippet:-1","max-image-preview":"max-image-preview:large","max-video-preview":"max-video-preview:-1"},"canonical":"https:\/\/poolpak.com\/fr\/guide-de-conception-du-natatorium\/","og_locale":"fr_FR","og_type":"article","og_title":"Guide de conception du Natatorium - PoolPak","og_description":"Guide de conception du NatatoriumMaintenant disponible \u00ab\u00a0L&rsquo;environnement d&rsquo;une grande piscine int\u00e9rieure devrait \u00eatre quelque chose que tout le monde attend, sans compromis. &#8211; Guide de conception du natatorium de PoolPak Des centaines de piscines int\u00e9rieures fonctionnent actuellement avec succ\u00e8s en Am\u00e9rique du Nord. Malheureusement, un grand nombre d&rsquo;entre elles sont confront\u00e9es \u00e0 toutes sortes de ... Lire plus","og_url":"https:\/\/poolpak.com\/fr\/guide-de-conception-du-natatorium\/","og_site_name":"PoolPak","article_modified_time":"2024-12-04T19:40:54+00:00","og_image":[{"width":1978,"height":2560,"url":"https:\/\/poolpak.com\/wp-content\/uploads\/2024\/11\/poolpak-pg-fr-scaled.jpg","type":"image\/jpeg"}],"twitter_card":"summary_large_image","twitter_misc":{"Dur\u00e9e de lecture estim\u00e9e":"2 minutes"},"schema":{"@context":"https:\/\/schema.org","@graph":[{"@type":"WebPage","@id":"https:\/\/poolpak.com\/fr\/guide-de-conception-du-natatorium\/","url":"https:\/\/poolpak.com\/fr\/guide-de-conception-du-natatorium\/","name":"Guide de conception du Natatorium - PoolPak","isPartOf":{"@id":"https:\/\/poolpak.com\/fr\/#website"},"primaryImageOfPage":{"@id":"https:\/\/poolpak.com\/fr\/guide-de-conception-du-natatorium\/#primaryimage"},"image":{"@id":"https:\/\/poolpak.com\/fr\/guide-de-conception-du-natatorium\/#primaryimage"},"thumbnailUrl":"https:\/\/poolpak.com\/wp-content\/uploads\/2024\/11\/poolpak-pg-fr-791x1024.jpg","datePublished":"2021-07-05T18:35:40+00:00","dateModified":"2024-12-04T19:40:54+00:00","breadcrumb":{"@id":"https:\/\/poolpak.com\/fr\/guide-de-conception-du-natatorium\/#breadcrumb"},"inLanguage":"fr-FR","potentialAction":[{"@type":"ReadAction","target":["https:\/\/poolpak.com\/fr\/guide-de-conception-du-natatorium\/"]}]},{"@type":"ImageObject","inLanguage":"fr-FR","@id":"https:\/\/poolpak.com\/fr\/guide-de-conception-du-natatorium\/#primaryimage","url":"https:\/\/poolpak.com\/wp-content\/uploads\/2024\/11\/poolpak-pg-fr-791x1024.jpg","contentUrl":"https:\/\/poolpak.com\/wp-content\/uploads\/2024\/11\/poolpak-pg-fr-791x1024.jpg"},{"@type":"BreadcrumbList","@id":"https:\/\/poolpak.com\/fr\/guide-de-conception-du-natatorium\/#breadcrumb","itemListElement":[{"@type":"ListItem","position":1,"name":"Home","item":"https:\/\/poolpak.com\/fr\/"},{"@type":"ListItem","position":2,"name":"Guide de conception du Natatorium"}]},{"@type":"WebSite","@id":"https:\/\/poolpak.com\/fr\/#website","url":"https:\/\/poolpak.com\/fr\/","name":"PoolPak","description":"Dehumidification That Works","publisher":{"@id":"https:\/\/poolpak.com\/fr\/#organization"},"potentialAction":[{"@type":"SearchAction","target":{"@type":"EntryPoint","urlTemplate":"https:\/\/poolpak.com\/fr\/?s={search_term_string}"},"query-input":{"@type":"PropertyValueSpecification","valueRequired":true,"valueName":"search_term_string"}}],"inLanguage":"fr-FR"},{"@type":"Organization","@id":"https:\/\/poolpak.com\/fr\/#organization","name":"PoolPak","url":"https:\/\/poolpak.com\/fr\/","logo":{"@type":"ImageObject","inLanguage":"fr-FR","@id":"https:\/\/poolpak.com\/fr\/#\/schema\/logo\/image\/","url":"https:\/\/poolpak.com\/wp-content\/uploads\/2020\/03\/poolpak-logo.svg","contentUrl":"https:\/\/poolpak.com\/wp-content\/uploads\/2020\/03\/poolpak-logo.svg","caption":"PoolPak"},"image":{"@id":"https:\/\/poolpak.com\/fr\/#\/schema\/logo\/image\/"}}]}},"_links":{"self":[{"href":"https:\/\/poolpak.com\/fr\/wp-json\/wp\/v2\/pages\/8667","targetHints":{"allow":["GET"]}}],"collection":[{"href":"https:\/\/poolpak.com\/fr\/wp-json\/wp\/v2\/pages"}],"about":[{"href":"https:\/\/poolpak.com\/fr\/wp-json\/wp\/v2\/types\/page"}],"author":[{"embeddable":true,"href":"https:\/\/poolpak.com\/fr\/wp-json\/wp\/v2\/users\/1"}],"replies":[{"embeddable":true,"href":"https:\/\/poolpak.com\/fr\/wp-json\/wp\/v2\/comments?post=8667"}],"version-history":[{"count":7,"href":"https:\/\/poolpak.com\/fr\/wp-json\/wp\/v2\/pages\/8667\/revisions"}],"predecessor-version":[{"id":9133,"href":"https:\/\/poolpak.com\/fr\/wp-json\/wp\/v2\/pages\/8667\/revisions\/9133"}],"wp:attachment":[{"href":"https:\/\/poolpak.com\/fr\/wp-json\/wp\/v2\/media?parent=8667"}],"curies":[{"name":"wp","href":"https:\/\/api.w.org\/{rel}","templated":true}]}}