{"id":9069,"date":"2020-09-28T17:11:47","date_gmt":"2020-09-28T17:11:47","guid":{"rendered":"https:\/\/poolpak.com\/controle-intelligent-de-la-pompe\/"},"modified":"2025-06-10T13:29:40","modified_gmt":"2025-06-10T13:29:40","slug":"controle-intelligent-de-la-pompe","status":"publish","type":"page","link":"https:\/\/poolpak.com\/fr\/controle-intelligent-de-la-pompe\/","title":{"rendered":"Contr\u00f4le intelligent de la pompe"},"content":{"rendered":"\t\t<div data-elementor-type=\"wp-page\" data-elementor-id=\"9069\" class=\"elementor elementor-9069 elementor-574\" data-elementor-post-type=\"page\">\n\t\t\t\t\t\t<section class=\"elementor-section elementor-top-section elementor-element elementor-element-555636f elementor-section-boxed elementor-section-height-default elementor-section-height-default\" data-id=\"555636f\" data-element_type=\"section\" data-e-type=\"section\">\n\t\t\t\t\t\t<div class=\"elementor-container elementor-column-gap-default\">\n\t\t\t\t\t<div class=\"elementor-column elementor-col-100 elementor-top-column elementor-element elementor-element-2127ce0\" data-id=\"2127ce0\" data-element_type=\"column\" data-e-type=\"column\">\n\t\t\t<div class=\"elementor-widget-wrap elementor-element-populated\">\n\t\t\t\t\t\t<section class=\"elementor-section elementor-inner-section elementor-element elementor-element-c6be1a7 elementor-section-boxed elementor-section-height-default elementor-section-height-default\" data-id=\"c6be1a7\" data-element_type=\"section\" data-e-type=\"section\">\n\t\t\t\t\t\t<div class=\"elementor-container elementor-column-gap-default\">\n\t\t\t\t\t<div class=\"elementor-column elementor-col-100 elementor-inner-column elementor-element elementor-element-d173433\" data-id=\"d173433\" data-element_type=\"column\" data-e-type=\"column\">\n\t\t\t<div class=\"elementor-widget-wrap elementor-element-populated\">\n\t\t\t\t\t\t<div class=\"elementor-element elementor-element-f68e240 elementor-widget elementor-widget-heading\" data-id=\"f68e240\" data-element_type=\"widget\" data-e-type=\"widget\" data-widget_type=\"heading.default\">\n\t\t\t\t<div class=\"elementor-widget-container\">\n\t\t\t\t\t<h1 class=\"elementor-heading-title elementor-size-default\">Contr\u00f4le intelligent de la pompe<\/h1>\t\t\t\t<\/div>\n\t\t\t\t<\/div>\n\t\t\t\t<div class=\"elementor-element elementor-element-c2c3927 elementor-invisible elementor-widget elementor-widget-image\" data-id=\"c2c3927\" data-element_type=\"widget\" data-e-type=\"widget\" data-settings=\"{&quot;_animation&quot;:&quot;fadeIn&quot;}\" data-widget_type=\"image.default\">\n\t\t\t\t<div class=\"elementor-widget-container\">\n\t\t\t\t\t\t\t\t\t\t\t\t\t\t\t<img fetchpriority=\"high\" decoding=\"async\" width=\"900\" height=\"146\" src=\"https:\/\/poolpak.com\/wp-content\/uploads\/2025\/06\/smart-pump-banner-1024x166-fr.jpg\" class=\"attachment-large size-large wp-image-9622\" alt=\"\" srcset=\"https:\/\/poolpak.com\/wp-content\/uploads\/2025\/06\/smart-pump-banner-1024x166-fr.jpg 1024w, https:\/\/poolpak.com\/wp-content\/uploads\/2025\/06\/smart-pump-banner-1024x166-fr-300x49.jpg 300w, https:\/\/poolpak.com\/wp-content\/uploads\/2025\/06\/smart-pump-banner-1024x166-fr-768x125.jpg 768w\" sizes=\"(max-width: 900px) 100vw, 900px\" \/>\t\t\t\t\t\t\t\t\t\t\t\t\t\t\t<\/div>\n\t\t\t\t<\/div>\n\t\t\t\t<div class=\"elementor-element elementor-element-aa3e882 elementor-widget elementor-widget-text-editor\" data-id=\"aa3e882\" data-element_type=\"widget\" data-e-type=\"widget\" data-widget_type=\"text-editor.default\">\n\t\t\t\t<div class=\"elementor-widget-container\">\n\t\t\t\t\t\t\t\t\t<p>Normalement, une pompe de surpression doit fonctionner 24 heures sur 24 et 7 jours sur 7 pour alimenter le d\u00e9shumidificateur et chauffer l&rsquo;eau de la piscine. Le PoolPak\u00ae dispose d&rsquo;une fonction de contr\u00f4le qui permet de d\u00e9sactiver la pompe faisant circuler l&rsquo;eau vers le condenseur d&rsquo;eau de piscine lorsqu&rsquo;il n&rsquo;y a pas de besoin de chauffage de l&rsquo;eau de piscine. Comme les unit\u00e9s PoolPak\u00ae ne rejettent de la chaleur dans l&rsquo;eau que lorsque le compresseur est actif, on peut s&rsquo;attendre \u00e0 des \u00e9conomies d&rsquo;\u00e9nergie de 40 % ou plus par an sur la pompe.<\/p><p>Cette fonction est optionnelle pour nos s\u00e9ries <a href=\"https:\/\/poolpak.com\/fr\/serie-compak-pcp-horizontale-et-verticale\/\">ComPak PCP<\/a> et <a href=\"https:\/\/poolpak.com\/fr\/poolpak-serie-ppk\/\">PoolPak\u00ae PPK<\/a>. Si elle est activ\u00e9e, le montage sur site du capteur d&rsquo;eau de piscine est n\u00e9cessaire pour garantir une mesure fiable de la temp\u00e9rature de l&rsquo;eau de piscine pendant les cycles d&rsquo;arr\u00eat.<\/p>\t\t\t\t\t\t\t\t<\/div>\n\t\t\t\t<\/div>\n\t\t\t\t\t<\/div>\n\t\t<\/div>\n\t\t\t\t\t<\/div>\n\t\t<\/section>\n\t\t\t\t\t<\/div>\n\t\t<\/div>\n\t\t\t\t\t<\/div>\n\t\t<\/section>\n\t\t\t\t<\/div>\n\t\t","protected":false},"excerpt":{"rendered":"<p>Contr\u00f4le intelligent de la pompe Normalement, une pompe de surpression doit fonctionner 24 heures sur 24 et 7 jours sur 7 pour alimenter le d\u00e9shumidificateur et chauffer l&rsquo;eau de la piscine. Le PoolPak\u00ae dispose d&rsquo;une fonction de contr\u00f4le qui permet de d\u00e9sactiver la pompe faisant circuler l&rsquo;eau vers le condenseur d&rsquo;eau de piscine lorsqu&rsquo;il n&rsquo;y &#8230; <a title=\"Contr\u00f4le intelligent de la pompe\" class=\"read-more\" href=\"https:\/\/poolpak.com\/fr\/controle-intelligent-de-la-pompe\/\" aria-label=\"En savoir plus sur Contr\u00f4le intelligent de la pompe\">Lire plus<\/a><\/p>\n","protected":false},"author":1,"featured_media":0,"parent":0,"menu_order":0,"comment_status":"closed","ping_status":"closed","template":"elementor_header_footer","meta":{"footnotes":""},"class_list":["post-9069","page","type-page","status-publish"],"yoast_head":"<!-- This site is optimized with the Yoast SEO plugin v27.4 - https:\/\/yoast.com\/product\/yoast-seo-wordpress\/ -->\n<title>Contr\u00f4le intelligent de la pompe - PoolPak<\/title>\n<meta name=\"robots\" content=\"index, follow, max-snippet:-1, max-image-preview:large, max-video-preview:-1\" \/>\n<link rel=\"canonical\" href=\"https:\/\/poolpak.com\/fr\/controle-intelligent-de-la-pompe\/\" \/>\n<meta property=\"og:locale\" content=\"fr_FR\" \/>\n<meta property=\"og:type\" content=\"article\" \/>\n<meta property=\"og:title\" content=\"Contr\u00f4le intelligent de la pompe - PoolPak\" \/>\n<meta property=\"og:description\" content=\"Contr\u00f4le intelligent de la pompe Normalement, une pompe de surpression doit fonctionner 24 heures sur 24 et 7 jours sur 7 pour alimenter le d\u00e9shumidificateur et chauffer l&rsquo;eau de la piscine. Le PoolPak\u00ae dispose d&rsquo;une fonction de contr\u00f4le qui permet de d\u00e9sactiver la pompe faisant circuler l&rsquo;eau vers le condenseur d&rsquo;eau de piscine lorsqu&rsquo;il n&rsquo;y ... Lire plus\" \/>\n<meta property=\"og:url\" content=\"https:\/\/poolpak.com\/fr\/controle-intelligent-de-la-pompe\/\" \/>\n<meta property=\"og:site_name\" content=\"PoolPak\" \/>\n<meta property=\"article:modified_time\" content=\"2025-06-10T13:29:40+00:00\" \/>\n<meta property=\"og:image\" content=\"https:\/\/poolpak.com\/wp-content\/uploads\/2025\/06\/smart-pump-banner-1024x166-fr.jpg\" \/>\n\t<meta property=\"og:image:width\" content=\"1024\" \/>\n\t<meta property=\"og:image:height\" content=\"166\" \/>\n\t<meta property=\"og:image:type\" content=\"image\/jpeg\" \/>\n<meta name=\"twitter:card\" content=\"summary_large_image\" \/>\n<meta name=\"twitter:label1\" content=\"Dur\u00e9e de lecture estim\u00e9e\" \/>\n\t<meta name=\"twitter:data1\" content=\"1 minute\" \/>\n<script type=\"application\/ld+json\" class=\"yoast-schema-graph\">{\"@context\":\"https:\\\/\\\/schema.org\",\"@graph\":[{\"@type\":\"WebPage\",\"@id\":\"https:\\\/\\\/poolpak.com\\\/fr\\\/controle-intelligent-de-la-pompe\\\/\",\"url\":\"https:\\\/\\\/poolpak.com\\\/fr\\\/controle-intelligent-de-la-pompe\\\/\",\"name\":\"Contr\u00f4le intelligent de la pompe - PoolPak\",\"isPartOf\":{\"@id\":\"https:\\\/\\\/poolpak.com\\\/fr\\\/#website\"},\"primaryImageOfPage\":{\"@id\":\"https:\\\/\\\/poolpak.com\\\/fr\\\/controle-intelligent-de-la-pompe\\\/#primaryimage\"},\"image\":{\"@id\":\"https:\\\/\\\/poolpak.com\\\/fr\\\/controle-intelligent-de-la-pompe\\\/#primaryimage\"},\"thumbnailUrl\":\"https:\\\/\\\/poolpak.com\\\/wp-content\\\/uploads\\\/2025\\\/06\\\/smart-pump-banner-1024x166-fr.jpg\",\"datePublished\":\"2020-09-28T17:11:47+00:00\",\"dateModified\":\"2025-06-10T13:29:40+00:00\",\"breadcrumb\":{\"@id\":\"https:\\\/\\\/poolpak.com\\\/fr\\\/controle-intelligent-de-la-pompe\\\/#breadcrumb\"},\"inLanguage\":\"fr-FR\",\"potentialAction\":[{\"@type\":\"ReadAction\",\"target\":[\"https:\\\/\\\/poolpak.com\\\/fr\\\/controle-intelligent-de-la-pompe\\\/\"]}]},{\"@type\":\"ImageObject\",\"inLanguage\":\"fr-FR\",\"@id\":\"https:\\\/\\\/poolpak.com\\\/fr\\\/controle-intelligent-de-la-pompe\\\/#primaryimage\",\"url\":\"https:\\\/\\\/poolpak.com\\\/wp-content\\\/uploads\\\/2025\\\/06\\\/smart-pump-banner-1024x166-fr.jpg\",\"contentUrl\":\"https:\\\/\\\/poolpak.com\\\/wp-content\\\/uploads\\\/2025\\\/06\\\/smart-pump-banner-1024x166-fr.jpg\"},{\"@type\":\"BreadcrumbList\",\"@id\":\"https:\\\/\\\/poolpak.com\\\/fr\\\/controle-intelligent-de-la-pompe\\\/#breadcrumb\",\"itemListElement\":[{\"@type\":\"ListItem\",\"position\":1,\"name\":\"Home\",\"item\":\"https:\\\/\\\/poolpak.com\\\/fr\\\/\"},{\"@type\":\"ListItem\",\"position\":2,\"name\":\"Contr\u00f4le intelligent de la pompe\"}]},{\"@type\":\"WebSite\",\"@id\":\"https:\\\/\\\/poolpak.com\\\/fr\\\/#website\",\"url\":\"https:\\\/\\\/poolpak.com\\\/fr\\\/\",\"name\":\"PoolPak\",\"description\":\"Dehumidification That Works\",\"publisher\":{\"@id\":\"https:\\\/\\\/poolpak.com\\\/fr\\\/#organization\"},\"potentialAction\":[{\"@type\":\"SearchAction\",\"target\":{\"@type\":\"EntryPoint\",\"urlTemplate\":\"https:\\\/\\\/poolpak.com\\\/fr\\\/?s={search_term_string}\"},\"query-input\":{\"@type\":\"PropertyValueSpecification\",\"valueRequired\":true,\"valueName\":\"search_term_string\"}}],\"inLanguage\":\"fr-FR\"},{\"@type\":\"Organization\",\"@id\":\"https:\\\/\\\/poolpak.com\\\/fr\\\/#organization\",\"name\":\"PoolPak\",\"url\":\"https:\\\/\\\/poolpak.com\\\/fr\\\/\",\"logo\":{\"@type\":\"ImageObject\",\"inLanguage\":\"fr-FR\",\"@id\":\"https:\\\/\\\/poolpak.com\\\/fr\\\/#\\\/schema\\\/logo\\\/image\\\/\",\"url\":\"https:\\\/\\\/poolpak.com\\\/wp-content\\\/uploads\\\/2020\\\/03\\\/poolpak-logo.svg\",\"contentUrl\":\"https:\\\/\\\/poolpak.com\\\/wp-content\\\/uploads\\\/2020\\\/03\\\/poolpak-logo.svg\",\"caption\":\"PoolPak\"},\"image\":{\"@id\":\"https:\\\/\\\/poolpak.com\\\/fr\\\/#\\\/schema\\\/logo\\\/image\\\/\"}}]}<\/script>\n<!-- \/ Yoast SEO plugin. -->","yoast_head_json":{"title":"Contr\u00f4le intelligent de la pompe - PoolPak","robots":{"index":"index","follow":"follow","max-snippet":"max-snippet:-1","max-image-preview":"max-image-preview:large","max-video-preview":"max-video-preview:-1"},"canonical":"https:\/\/poolpak.com\/fr\/controle-intelligent-de-la-pompe\/","og_locale":"fr_FR","og_type":"article","og_title":"Contr\u00f4le intelligent de la pompe - PoolPak","og_description":"Contr\u00f4le intelligent de la pompe Normalement, une pompe de surpression doit fonctionner 24 heures sur 24 et 7 jours sur 7 pour alimenter le d\u00e9shumidificateur et chauffer l&rsquo;eau de la piscine. Le PoolPak\u00ae dispose d&rsquo;une fonction de contr\u00f4le qui permet de d\u00e9sactiver la pompe faisant circuler l&rsquo;eau vers le condenseur d&rsquo;eau de piscine lorsqu&rsquo;il n&rsquo;y ... Lire plus","og_url":"https:\/\/poolpak.com\/fr\/controle-intelligent-de-la-pompe\/","og_site_name":"PoolPak","article_modified_time":"2025-06-10T13:29:40+00:00","og_image":[{"width":1024,"height":166,"url":"https:\/\/poolpak.com\/wp-content\/uploads\/2025\/06\/smart-pump-banner-1024x166-fr.jpg","type":"image\/jpeg"}],"twitter_card":"summary_large_image","twitter_misc":{"Dur\u00e9e de lecture estim\u00e9e":"1 minute"},"schema":{"@context":"https:\/\/schema.org","@graph":[{"@type":"WebPage","@id":"https:\/\/poolpak.com\/fr\/controle-intelligent-de-la-pompe\/","url":"https:\/\/poolpak.com\/fr\/controle-intelligent-de-la-pompe\/","name":"Contr\u00f4le intelligent de la pompe - PoolPak","isPartOf":{"@id":"https:\/\/poolpak.com\/fr\/#website"},"primaryImageOfPage":{"@id":"https:\/\/poolpak.com\/fr\/controle-intelligent-de-la-pompe\/#primaryimage"},"image":{"@id":"https:\/\/poolpak.com\/fr\/controle-intelligent-de-la-pompe\/#primaryimage"},"thumbnailUrl":"https:\/\/poolpak.com\/wp-content\/uploads\/2025\/06\/smart-pump-banner-1024x166-fr.jpg","datePublished":"2020-09-28T17:11:47+00:00","dateModified":"2025-06-10T13:29:40+00:00","breadcrumb":{"@id":"https:\/\/poolpak.com\/fr\/controle-intelligent-de-la-pompe\/#breadcrumb"},"inLanguage":"fr-FR","potentialAction":[{"@type":"ReadAction","target":["https:\/\/poolpak.com\/fr\/controle-intelligent-de-la-pompe\/"]}]},{"@type":"ImageObject","inLanguage":"fr-FR","@id":"https:\/\/poolpak.com\/fr\/controle-intelligent-de-la-pompe\/#primaryimage","url":"https:\/\/poolpak.com\/wp-content\/uploads\/2025\/06\/smart-pump-banner-1024x166-fr.jpg","contentUrl":"https:\/\/poolpak.com\/wp-content\/uploads\/2025\/06\/smart-pump-banner-1024x166-fr.jpg"},{"@type":"BreadcrumbList","@id":"https:\/\/poolpak.com\/fr\/controle-intelligent-de-la-pompe\/#breadcrumb","itemListElement":[{"@type":"ListItem","position":1,"name":"Home","item":"https:\/\/poolpak.com\/fr\/"},{"@type":"ListItem","position":2,"name":"Contr\u00f4le intelligent de la pompe"}]},{"@type":"WebSite","@id":"https:\/\/poolpak.com\/fr\/#website","url":"https:\/\/poolpak.com\/fr\/","name":"PoolPak","description":"Dehumidification That Works","publisher":{"@id":"https:\/\/poolpak.com\/fr\/#organization"},"potentialAction":[{"@type":"SearchAction","target":{"@type":"EntryPoint","urlTemplate":"https:\/\/poolpak.com\/fr\/?s={search_term_string}"},"query-input":{"@type":"PropertyValueSpecification","valueRequired":true,"valueName":"search_term_string"}}],"inLanguage":"fr-FR"},{"@type":"Organization","@id":"https:\/\/poolpak.com\/fr\/#organization","name":"PoolPak","url":"https:\/\/poolpak.com\/fr\/","logo":{"@type":"ImageObject","inLanguage":"fr-FR","@id":"https:\/\/poolpak.com\/fr\/#\/schema\/logo\/image\/","url":"https:\/\/poolpak.com\/wp-content\/uploads\/2020\/03\/poolpak-logo.svg","contentUrl":"https:\/\/poolpak.com\/wp-content\/uploads\/2020\/03\/poolpak-logo.svg","caption":"PoolPak"},"image":{"@id":"https:\/\/poolpak.com\/fr\/#\/schema\/logo\/image\/"}}]}},"_links":{"self":[{"href":"https:\/\/poolpak.com\/fr\/wp-json\/wp\/v2\/pages\/9069","targetHints":{"allow":["GET"]}}],"collection":[{"href":"https:\/\/poolpak.com\/fr\/wp-json\/wp\/v2\/pages"}],"about":[{"href":"https:\/\/poolpak.com\/fr\/wp-json\/wp\/v2\/types\/page"}],"author":[{"embeddable":true,"href":"https:\/\/poolpak.com\/fr\/wp-json\/wp\/v2\/users\/1"}],"replies":[{"embeddable":true,"href":"https:\/\/poolpak.com\/fr\/wp-json\/wp\/v2\/comments?post=9069"}],"version-history":[{"count":7,"href":"https:\/\/poolpak.com\/fr\/wp-json\/wp\/v2\/pages\/9069\/revisions"}],"predecessor-version":[{"id":9626,"href":"https:\/\/poolpak.com\/fr\/wp-json\/wp\/v2\/pages\/9069\/revisions\/9626"}],"wp:attachment":[{"href":"https:\/\/poolpak.com\/fr\/wp-json\/wp\/v2\/media?parent=9069"}],"curies":[{"name":"wp","href":"https:\/\/api.w.org\/{rel}","templated":true}]}}