{"id":9240,"date":"2025-01-16T21:20:44","date_gmt":"2025-01-16T21:20:44","guid":{"rendered":"https:\/\/poolpak.com\/?page_id=9240"},"modified":"2025-06-10T15:25:45","modified_gmt":"2025-06-10T15:25:45","slug":"refroidisseurs-de-fluide-vs-condenseurs-dair-exterieur","status":"publish","type":"page","link":"https:\/\/poolpak.com\/fr\/refroidisseurs-de-fluide-vs-condenseurs-dair-exterieur\/","title":{"rendered":"Refroidisseurs de fluide vs. condenseurs d&rsquo;air ext\u00e9rieur"},"content":{"rendered":"\t\t<div data-elementor-type=\"wp-page\" data-elementor-id=\"9240\" class=\"elementor elementor-9240 elementor-9239\" data-elementor-post-type=\"page\">\n\t\t\t\t<div class=\"elementor-element elementor-element-bacbb80 e-flex e-con-boxed e-con e-parent\" data-id=\"bacbb80\" data-element_type=\"container\" data-e-type=\"container\">\n\t\t\t\t\t<div class=\"e-con-inner\">\n\t\t\t\t<div class=\"elementor-element elementor-element-26a33ff elementor-widget elementor-widget-heading\" data-id=\"26a33ff\" data-element_type=\"widget\" data-e-type=\"widget\" data-widget_type=\"heading.default\">\n\t\t\t\t<div class=\"elementor-widget-container\">\n\t\t\t\t\t<h2 class=\"elementor-heading-title elementor-size-default\">Refroidisseurs de fluide vs. condenseurs d'air ext\u00e9rieur<\/h2>\t\t\t\t<\/div>\n\t\t\t\t<\/div>\n\t\t\t\t<div class=\"elementor-element elementor-element-a9a409c elementor-widget elementor-widget-heading\" data-id=\"a9a409c\" data-element_type=\"widget\" data-e-type=\"widget\" data-widget_type=\"heading.default\">\n\t\t\t\t<div class=\"elementor-widget-container\">\n\t\t\t\t\t<p class=\"elementor-heading-title elementor-size-default\">Comparer la consommation d'\u00e9nergie, les co\u00fbts des services et l'impact sur l'environnement.<\/p>\t\t\t\t<\/div>\n\t\t\t\t<\/div>\n\t\t\t\t<div class=\"elementor-element elementor-element-518e1a9 elementor-widget-divider--view-line elementor-widget elementor-widget-divider\" data-id=\"518e1a9\" data-element_type=\"widget\" data-e-type=\"widget\" data-widget_type=\"divider.default\">\n\t\t\t\t<div class=\"elementor-widget-container\">\n\t\t\t\t\t\t\t<div class=\"elementor-divider\">\n\t\t\t<span class=\"elementor-divider-separator\">\n\t\t\t\t\t\t<\/span>\n\t\t<\/div>\n\t\t\t\t\t\t<\/div>\n\t\t\t\t<\/div>\n\t\t\t\t<div class=\"elementor-element elementor-element-5cb755e elementor-invisible elementor-widget elementor-widget-button\" data-id=\"5cb755e\" data-element_type=\"widget\" data-e-type=\"widget\" data-settings=\"{&quot;_animation&quot;:&quot;fadeInUp&quot;,&quot;_animation_delay&quot;:1200}\" data-widget_type=\"button.default\">\n\t\t\t\t<div class=\"elementor-widget-container\">\n\t\t\t\t\t\t\t\t\t<div class=\"elementor-button-wrapper\">\n\t\t\t\t\t<a class=\"elementor-button elementor-button-link elementor-size-sm\" href=\"#download\">\n\t\t\t\t\t\t<span class=\"elementor-button-content-wrapper\">\n\t\t\t\t\t\t\t\t\t<span class=\"elementor-button-text\">T\u00e9l\u00e9charger le livre blanc<\/span>\n\t\t\t\t\t<\/span>\n\t\t\t\t\t<\/a>\n\t\t\t\t<\/div>\n\t\t\t\t\t\t\t\t<\/div>\n\t\t\t\t<\/div>\n\t\t\t\t<div class=\"elementor-element elementor-element-5411f85 elementor-widget elementor-widget-spacer\" data-id=\"5411f85\" data-element_type=\"widget\" data-e-type=\"widget\" data-widget_type=\"spacer.default\">\n\t\t\t\t<div class=\"elementor-widget-container\">\n\t\t\t\t\t\t\t<div class=\"elementor-spacer\">\n\t\t\t<div class=\"elementor-spacer-inner\"><\/div>\n\t\t<\/div>\n\t\t\t\t\t\t<\/div>\n\t\t\t\t<\/div>\n\t\t\t\t\t<\/div>\n\t\t\t\t<\/div>\n\t\t<div class=\"elementor-element elementor-element-782e9bb e-con-full e-flex e-con e-parent\" data-id=\"782e9bb\" data-element_type=\"container\" data-e-type=\"container\" id=\"download\">\n\t\t<div class=\"elementor-element elementor-element-6486488 e-con-full e-flex e-con e-child\" data-id=\"6486488\" data-element_type=\"container\" data-e-type=\"container\" data-settings=\"{&quot;background_background&quot;:&quot;classic&quot;}\">\n\t\t\t\t<div class=\"elementor-element elementor-element-de3486e elementor-widget elementor-widget-image\" data-id=\"de3486e\" data-element_type=\"widget\" data-e-type=\"widget\" data-widget_type=\"image.default\">\n\t\t\t\t<div class=\"elementor-widget-container\">\n\t\t\t\t\t\t\t\t\t\t\t\t\t\t\t<img fetchpriority=\"high\" decoding=\"async\" width=\"900\" height=\"504\" src=\"https:\/\/poolpak.com\/wp-content\/uploads\/2025\/01\/mockup-cover-poolpak-cropped3-1024x573.jpg\" class=\"attachment-large size-large wp-image-9329\" alt=\"\" srcset=\"https:\/\/poolpak.com\/wp-content\/uploads\/2025\/01\/mockup-cover-poolpak-cropped3-1024x573.jpg 1024w, https:\/\/poolpak.com\/wp-content\/uploads\/2025\/01\/mockup-cover-poolpak-cropped3-300x168.jpg 300w, https:\/\/poolpak.com\/wp-content\/uploads\/2025\/01\/mockup-cover-poolpak-cropped3-768x430.jpg 768w, https:\/\/poolpak.com\/wp-content\/uploads\/2025\/01\/mockup-cover-poolpak-cropped3.jpg 1200w\" sizes=\"(max-width: 900px) 100vw, 900px\" \/>\t\t\t\t\t\t\t\t\t\t\t\t\t\t\t<\/div>\n\t\t\t\t<\/div>\n\t\t\t\t<div class=\"elementor-element elementor-element-3e65e9f elementor-widget elementor-widget-spacer\" data-id=\"3e65e9f\" data-element_type=\"widget\" data-e-type=\"widget\" data-widget_type=\"spacer.default\">\n\t\t\t\t<div class=\"elementor-widget-container\">\n\t\t\t\t\t\t\t<div class=\"elementor-spacer\">\n\t\t\t<div class=\"elementor-spacer-inner\"><\/div>\n\t\t<\/div>\n\t\t\t\t\t\t<\/div>\n\t\t\t\t<\/div>\n\t\t\t\t<div class=\"elementor-element elementor-element-2dbf83b elementor-widget elementor-widget-text-editor\" data-id=\"2dbf83b\" data-element_type=\"widget\" data-e-type=\"widget\" data-widget_type=\"text-editor.default\">\n\t\t\t\t<div class=\"elementor-widget-container\">\n\t\t\t\t\t\t\t\t\t<p>Les syst\u00e8mes \u00e0 refroidissement par fluide sont devenus la norme mondiale en mati\u00e8re de CVC en raison de leur fiabilit\u00e9 et de leur long\u00e9vit\u00e9. Cette technologie est disponible chez tous les fabricants depuis des d\u00e9cennies. La volont\u00e9 d \u00ab \u00e9lectrification, d \u00bb \u00e9nergie propre et de r\u00e9duction des \u00e9missions de carbone et de gaz \u00e0 effet de serre a encore acc\u00e9l\u00e9r\u00e9 l&rsquo;adoption des technologies de refroidissement par fluide.<\/p><p><b>T\u00e9l\u00e9chargez le livre blanc<\/b> pour en savoir plus sur ses avantages par rapport aux <span style=\"text-align: var(--text-align);\">syst\u00e8mes split DX traditionnels utilisant des condenseurs \u00e0 air ext\u00e9rieur.<\/span><\/p>\t\t\t\t\t\t\t\t<\/div>\n\t\t\t\t<\/div>\n\t\t\t\t<div class=\"elementor-element elementor-element-4d800b6 elementor-invisible elementor-widget elementor-widget-button\" data-id=\"4d800b6\" data-element_type=\"widget\" data-e-type=\"widget\" data-settings=\"{&quot;_animation&quot;:&quot;fadeInUp&quot;,&quot;_animation_delay&quot;:1200}\" data-widget_type=\"button.default\">\n\t\t\t\t<div class=\"elementor-widget-container\">\n\t\t\t\t\t\t\t\t\t<div class=\"elementor-button-wrapper\">\n\t\t\t\t\t<a class=\"elementor-button elementor-button-link elementor-size-sm\" href=\"https:\/\/poolpak.com\/fr\/contactez-nous\/\">\n\t\t\t\t\t\t<span class=\"elementor-button-content-wrapper\">\n\t\t\t\t\t\t\t\t\t<span class=\"elementor-button-text\">Contacter un expert<\/span>\n\t\t\t\t\t<\/span>\n\t\t\t\t\t<\/a>\n\t\t\t\t<\/div>\n\t\t\t\t\t\t\t\t<\/div>\n\t\t\t\t<\/div>\n\t\t\t\t<\/div>\n\t\t<div class=\"elementor-element elementor-element-f59e7fd e-con-full e-flex e-con e-child\" data-id=\"f59e7fd\" data-element_type=\"container\" data-e-type=\"container\">\n\t\t\t\t<div class=\"elementor-element elementor-element-0f47b89 elementor-widget elementor-widget-heading\" data-id=\"0f47b89\" data-element_type=\"widget\" data-e-type=\"widget\" data-widget_type=\"heading.default\">\n\t\t\t\t<div class=\"elementor-widget-container\">\n\t\t\t\t\t<h2 class=\"elementor-heading-title elementor-size-default\">T\u00e9l\u00e9charger le livre blanc aujourd'hui<\/h2>\t\t\t\t<\/div>\n\t\t\t\t<\/div>\n\t\t\t\t<div class=\"elementor-element elementor-element-36be413 elementor-widget elementor-widget-text-editor\" data-id=\"36be413\" data-element_type=\"widget\" data-e-type=\"widget\" data-widget_type=\"text-editor.default\">\n\t\t\t\t<div class=\"elementor-widget-container\">\n\t\t\t\t\t\t\t\t\t<p>Remplissez le formulaire ci-dessous pour obtenir votre exemplaire num\u00e9rique.<\/p>\t\t\t\t\t\t\t\t<\/div>\n\t\t\t\t<\/div>\n\t\t\t\t<div class=\"elementor-element elementor-element-3272150 elementor-widget elementor-widget-html\" data-id=\"3272150\" data-element_type=\"widget\" data-e-type=\"widget\" data-widget_type=\"html.default\">\n\t\t\t\t<div class=\"elementor-widget-container\">\n\t\t\t\t\t<script charset=\"utf-8\" type=\"text\/javascript\" src=\"\/\/js.hsforms.net\/forms\/embed\/v2.js\"><\/script>\n<script>\n  hbspt.forms.create({\n    portalId: \"21212828\",\n    formId: \"6de6a561-cecf-45d4-800b-8677a8674389\",\n    region: \"na1\"\n  });\n<\/script>\t\t\t\t<\/div>\n\t\t\t\t<\/div>\n\t\t\t\t<\/div>\n\t\t\t\t<\/div>\n\t\t<div class=\"elementor-element elementor-element-8bbdf18 e-flex e-con-boxed e-con e-parent\" data-id=\"8bbdf18\" data-element_type=\"container\" data-e-type=\"container\">\n\t\t\t\t\t<div class=\"e-con-inner\">\n\t\t<div class=\"elementor-element elementor-element-5eb7ba5 e-con-full e-flex e-con e-child\" data-id=\"5eb7ba5\" data-element_type=\"container\" data-e-type=\"container\">\n\t\t<div class=\"elementor-element elementor-element-6134e73 e-con-full e-flex e-con e-child\" data-id=\"6134e73\" data-element_type=\"container\" data-e-type=\"container\" data-settings=\"{&quot;background_background&quot;:&quot;classic&quot;}\">\n\t\t<div class=\"elementor-element elementor-element-383d2e0 e-con-full e-flex e-con e-child\" data-id=\"383d2e0\" data-element_type=\"container\" data-e-type=\"container\" data-settings=\"{&quot;background_background&quot;:&quot;classic&quot;}\">\n\t\t\t\t<div class=\"elementor-element elementor-element-df38490 elementor-widget elementor-widget-heading\" data-id=\"df38490\" data-element_type=\"widget\" data-e-type=\"widget\" data-widget_type=\"heading.default\">\n\t\t\t\t<div class=\"elementor-widget-container\">\n\t\t\t\t\t<h2 class=\"elementor-heading-title elementor-size-default\">Table des mati\u00e8res<\/h2>\t\t\t\t<\/div>\n\t\t\t\t<\/div>\n\t\t\t\t<div class=\"elementor-element elementor-element-e66d300 elementor-widget elementor-widget-text-editor\" data-id=\"e66d300\" data-element_type=\"widget\" data-e-type=\"widget\" data-widget_type=\"text-editor.default\">\n\t\t\t\t<div class=\"elementor-widget-container\">\n\t\t\t\t\t\t\t\t\t<p><strong>Section 1 &#8211;<\/strong> R\u00e9sum\u00e9<br><strong>Section 2 &#8211; <\/strong>Fonctionnement du condenseur d&rsquo;air ext\u00e9rieur<br><strong>Section 3 &#8211; <\/strong>Fonctionnement du refroidisseur de produit\/sec<br><strong>Section 4 &#8211; <\/strong>Co\u00fbt initial et co\u00fbt total de possession<br><strong>Section 5 &#8211; <\/strong>Les co\u00fbts cach\u00e9s des syst\u00e8mes DX Split refroidis par air<br><strong>Section 6 &#8211; <\/strong>Conformit\u00e9<br><strong>Section 7 &#8211; <\/strong>Limites de localisation<br><strong>Section 8 &#8211; <\/strong>Fiabilit\u00e9 et aptitude au service<br><strong>Section 9 &#8211; <\/strong>Synth\u00e8se de la comparaison<br><strong>Section 10 &#8211; <\/strong>R\u00e9f\u00e9rences<\/p>\t\t\t\t\t\t\t\t<\/div>\n\t\t\t\t<\/div>\n\t\t\t\t<\/div>\n\t\t<div class=\"elementor-element elementor-element-4233acf e-con-full e-flex e-con e-child\" data-id=\"4233acf\" data-element_type=\"container\" data-e-type=\"container\">\n\t\t\t\t<div class=\"elementor-element elementor-element-9fede47 elementor-widget elementor-widget-image\" data-id=\"9fede47\" data-element_type=\"widget\" data-e-type=\"widget\" data-widget_type=\"image.default\">\n\t\t\t\t<div class=\"elementor-widget-container\">\n\t\t\t\t\t\t\t\t\t\t\t\t\t\t\t<img decoding=\"async\" width=\"793\" height=\"1024\" src=\"https:\/\/poolpak.com\/wp-content\/uploads\/2025\/06\/poolpak-fluid-coolers-vs-outdoor-air-condensers-white-paper-sample-page-793x1024.jpg\" class=\"attachment-large size-large wp-image-9718\" alt=\"\" srcset=\"https:\/\/poolpak.com\/wp-content\/uploads\/2025\/06\/poolpak-fluid-coolers-vs-outdoor-air-condensers-white-paper-sample-page-793x1024.jpg 793w, https:\/\/poolpak.com\/wp-content\/uploads\/2025\/06\/poolpak-fluid-coolers-vs-outdoor-air-condensers-white-paper-sample-page-232x300.jpg 232w, https:\/\/poolpak.com\/wp-content\/uploads\/2025\/06\/poolpak-fluid-coolers-vs-outdoor-air-condensers-white-paper-sample-page-768x992.jpg 768w, https:\/\/poolpak.com\/wp-content\/uploads\/2025\/06\/poolpak-fluid-coolers-vs-outdoor-air-condensers-white-paper-sample-page.jpg 800w\" sizes=\"(max-width: 793px) 100vw, 793px\" \/>\t\t\t\t\t\t\t\t\t\t\t\t\t\t\t<\/div>\n\t\t\t\t<\/div>\n\t\t\t\t<\/div>\n\t\t\t\t<\/div>\n\t\t\t\t<\/div>\n\t\t\t\t\t<\/div>\n\t\t\t\t<\/div>\n\t\t\t\t<\/div>\n\t\t","protected":false},"excerpt":{"rendered":"<p>Refroidisseurs de fluide vs. condenseurs d&rsquo;air ext\u00e9rieur Comparer la consommation d&rsquo;\u00e9nergie, les co\u00fbts des services et l&rsquo;impact sur l&rsquo;environnement. T\u00e9l\u00e9charger le livre blanc Les syst\u00e8mes \u00e0 refroidissement par fluide sont devenus la norme mondiale en mati\u00e8re de CVC en raison de leur fiabilit\u00e9 et de leur long\u00e9vit\u00e9. Cette technologie est disponible chez tous les fabricants &#8230; <a title=\"Refroidisseurs de fluide vs. condenseurs d&rsquo;air ext\u00e9rieur\" class=\"read-more\" href=\"https:\/\/poolpak.com\/fr\/refroidisseurs-de-fluide-vs-condenseurs-dair-exterieur\/\" aria-label=\"En savoir plus sur Refroidisseurs de fluide vs. condenseurs d&rsquo;air ext\u00e9rieur\">Lire plus<\/a><\/p>\n","protected":false},"author":1,"featured_media":0,"parent":0,"menu_order":0,"comment_status":"closed","ping_status":"closed","template":"elementor_header_footer","meta":{"footnotes":""},"class_list":["post-9240","page","type-page","status-publish"],"yoast_head":"<!-- This site is optimized with the Yoast SEO plugin v27.1.1 - https:\/\/yoast.com\/product\/yoast-seo-wordpress\/ -->\n<title>Refroidisseurs de fluide vs. condenseurs d&#039;air ext\u00e9rieur - PoolPak<\/title>\n<meta name=\"description\" content=\"Comparaison des syst\u00e8mes refroidis par fluide qui utilisent des refroidisseurs de fluide (refroidisseurs secs ou syst\u00e8mes refroidis par eau) avec les syst\u00e8mes DX split traditionnels utilisant des condenseurs d&#039;air ext\u00e9rieur.\" \/>\n<meta name=\"robots\" content=\"index, follow, max-snippet:-1, max-image-preview:large, max-video-preview:-1\" \/>\n<link rel=\"canonical\" href=\"https:\/\/poolpak.com\/fr\/refroidisseurs-de-fluide-vs-condenseurs-dair-exterieur\/\" \/>\n<meta property=\"og:locale\" content=\"fr_FR\" \/>\n<meta property=\"og:type\" content=\"article\" \/>\n<meta property=\"og:title\" content=\"Refroidisseurs de fluide vs. condenseurs d&#039;air ext\u00e9rieur - PoolPak\" \/>\n<meta property=\"og:description\" content=\"Comparaison des syst\u00e8mes refroidis par fluide qui utilisent des refroidisseurs de fluide (refroidisseurs secs ou syst\u00e8mes refroidis par eau) avec les syst\u00e8mes DX split traditionnels utilisant des condenseurs d&#039;air ext\u00e9rieur.\" \/>\n<meta property=\"og:url\" content=\"https:\/\/poolpak.com\/fr\/refroidisseurs-de-fluide-vs-condenseurs-dair-exterieur\/\" \/>\n<meta property=\"og:site_name\" content=\"PoolPak\" \/>\n<meta property=\"article:modified_time\" content=\"2025-06-10T15:25:45+00:00\" \/>\n<meta property=\"og:image\" content=\"https:\/\/poolpak.com\/wp-content\/uploads\/2025\/01\/mockup-cover-poolpak-cropped3.jpg\" \/>\n\t<meta property=\"og:image:width\" content=\"1200\" \/>\n\t<meta property=\"og:image:height\" content=\"672\" \/>\n\t<meta property=\"og:image:type\" content=\"image\/jpeg\" \/>\n<meta name=\"twitter:card\" content=\"summary_large_image\" \/>\n<meta name=\"twitter:label1\" content=\"Dur\u00e9e de lecture estim\u00e9e\" \/>\n\t<meta name=\"twitter:data1\" content=\"2 minutes\" \/>\n<script type=\"application\/ld+json\" class=\"yoast-schema-graph\">{\"@context\":\"https:\/\/schema.org\",\"@graph\":[{\"@type\":\"WebPage\",\"@id\":\"https:\/\/poolpak.com\/fr\/refroidisseurs-de-fluide-vs-condenseurs-dair-exterieur\/\",\"url\":\"https:\/\/poolpak.com\/fr\/refroidisseurs-de-fluide-vs-condenseurs-dair-exterieur\/\",\"name\":\"Refroidisseurs de fluide vs. condenseurs d'air ext\u00e9rieur - PoolPak\",\"isPartOf\":{\"@id\":\"https:\/\/poolpak.com\/fr\/#website\"},\"primaryImageOfPage\":{\"@id\":\"https:\/\/poolpak.com\/fr\/refroidisseurs-de-fluide-vs-condenseurs-dair-exterieur\/#primaryimage\"},\"image\":{\"@id\":\"https:\/\/poolpak.com\/fr\/refroidisseurs-de-fluide-vs-condenseurs-dair-exterieur\/#primaryimage\"},\"thumbnailUrl\":\"https:\/\/poolpak.com\/wp-content\/uploads\/2025\/01\/mockup-cover-poolpak-cropped3-1024x573.jpg\",\"datePublished\":\"2025-01-16T21:20:44+00:00\",\"dateModified\":\"2025-06-10T15:25:45+00:00\",\"description\":\"Comparaison des syst\u00e8mes refroidis par fluide qui utilisent des refroidisseurs de fluide (refroidisseurs secs ou syst\u00e8mes refroidis par eau) avec les syst\u00e8mes DX split traditionnels utilisant des condenseurs d'air ext\u00e9rieur.\",\"breadcrumb\":{\"@id\":\"https:\/\/poolpak.com\/fr\/refroidisseurs-de-fluide-vs-condenseurs-dair-exterieur\/#breadcrumb\"},\"inLanguage\":\"fr-FR\",\"potentialAction\":[{\"@type\":\"ReadAction\",\"target\":[\"https:\/\/poolpak.com\/fr\/refroidisseurs-de-fluide-vs-condenseurs-dair-exterieur\/\"]}]},{\"@type\":\"ImageObject\",\"inLanguage\":\"fr-FR\",\"@id\":\"https:\/\/poolpak.com\/fr\/refroidisseurs-de-fluide-vs-condenseurs-dair-exterieur\/#primaryimage\",\"url\":\"https:\/\/poolpak.com\/wp-content\/uploads\/2025\/01\/mockup-cover-poolpak-cropped3-1024x573.jpg\",\"contentUrl\":\"https:\/\/poolpak.com\/wp-content\/uploads\/2025\/01\/mockup-cover-poolpak-cropped3-1024x573.jpg\"},{\"@type\":\"BreadcrumbList\",\"@id\":\"https:\/\/poolpak.com\/fr\/refroidisseurs-de-fluide-vs-condenseurs-dair-exterieur\/#breadcrumb\",\"itemListElement\":[{\"@type\":\"ListItem\",\"position\":1,\"name\":\"Home\",\"item\":\"https:\/\/poolpak.com\/fr\/\"},{\"@type\":\"ListItem\",\"position\":2,\"name\":\"Refroidisseurs de fluide vs. condenseurs d&#8217;air ext\u00e9rieur\"}]},{\"@type\":\"WebSite\",\"@id\":\"https:\/\/poolpak.com\/fr\/#website\",\"url\":\"https:\/\/poolpak.com\/fr\/\",\"name\":\"PoolPak\",\"description\":\"Dehumidification That Works\",\"publisher\":{\"@id\":\"https:\/\/poolpak.com\/fr\/#organization\"},\"potentialAction\":[{\"@type\":\"SearchAction\",\"target\":{\"@type\":\"EntryPoint\",\"urlTemplate\":\"https:\/\/poolpak.com\/fr\/?s={search_term_string}\"},\"query-input\":{\"@type\":\"PropertyValueSpecification\",\"valueRequired\":true,\"valueName\":\"search_term_string\"}}],\"inLanguage\":\"fr-FR\"},{\"@type\":\"Organization\",\"@id\":\"https:\/\/poolpak.com\/fr\/#organization\",\"name\":\"PoolPak\",\"url\":\"https:\/\/poolpak.com\/fr\/\",\"logo\":{\"@type\":\"ImageObject\",\"inLanguage\":\"fr-FR\",\"@id\":\"https:\/\/poolpak.com\/fr\/#\/schema\/logo\/image\/\",\"url\":\"https:\/\/poolpak.com\/wp-content\/uploads\/2020\/03\/poolpak-logo.svg\",\"contentUrl\":\"https:\/\/poolpak.com\/wp-content\/uploads\/2020\/03\/poolpak-logo.svg\",\"caption\":\"PoolPak\"},\"image\":{\"@id\":\"https:\/\/poolpak.com\/fr\/#\/schema\/logo\/image\/\"}}]}<\/script>\n<!-- \/ Yoast SEO plugin. -->","yoast_head_json":{"title":"Refroidisseurs de fluide vs. condenseurs d'air ext\u00e9rieur - PoolPak","description":"Comparaison des syst\u00e8mes refroidis par fluide qui utilisent des refroidisseurs de fluide (refroidisseurs secs ou syst\u00e8mes refroidis par eau) avec les syst\u00e8mes DX split traditionnels utilisant des condenseurs d'air ext\u00e9rieur.","robots":{"index":"index","follow":"follow","max-snippet":"max-snippet:-1","max-image-preview":"max-image-preview:large","max-video-preview":"max-video-preview:-1"},"canonical":"https:\/\/poolpak.com\/fr\/refroidisseurs-de-fluide-vs-condenseurs-dair-exterieur\/","og_locale":"fr_FR","og_type":"article","og_title":"Refroidisseurs de fluide vs. condenseurs d'air ext\u00e9rieur - PoolPak","og_description":"Comparaison des syst\u00e8mes refroidis par fluide qui utilisent des refroidisseurs de fluide (refroidisseurs secs ou syst\u00e8mes refroidis par eau) avec les syst\u00e8mes DX split traditionnels utilisant des condenseurs d'air ext\u00e9rieur.","og_url":"https:\/\/poolpak.com\/fr\/refroidisseurs-de-fluide-vs-condenseurs-dair-exterieur\/","og_site_name":"PoolPak","article_modified_time":"2025-06-10T15:25:45+00:00","og_image":[{"width":1200,"height":672,"url":"https:\/\/poolpak.com\/wp-content\/uploads\/2025\/01\/mockup-cover-poolpak-cropped3.jpg","type":"image\/jpeg"}],"twitter_card":"summary_large_image","twitter_misc":{"Dur\u00e9e de lecture estim\u00e9e":"2 minutes"},"schema":{"@context":"https:\/\/schema.org","@graph":[{"@type":"WebPage","@id":"https:\/\/poolpak.com\/fr\/refroidisseurs-de-fluide-vs-condenseurs-dair-exterieur\/","url":"https:\/\/poolpak.com\/fr\/refroidisseurs-de-fluide-vs-condenseurs-dair-exterieur\/","name":"Refroidisseurs de fluide vs. condenseurs d'air ext\u00e9rieur - PoolPak","isPartOf":{"@id":"https:\/\/poolpak.com\/fr\/#website"},"primaryImageOfPage":{"@id":"https:\/\/poolpak.com\/fr\/refroidisseurs-de-fluide-vs-condenseurs-dair-exterieur\/#primaryimage"},"image":{"@id":"https:\/\/poolpak.com\/fr\/refroidisseurs-de-fluide-vs-condenseurs-dair-exterieur\/#primaryimage"},"thumbnailUrl":"https:\/\/poolpak.com\/wp-content\/uploads\/2025\/01\/mockup-cover-poolpak-cropped3-1024x573.jpg","datePublished":"2025-01-16T21:20:44+00:00","dateModified":"2025-06-10T15:25:45+00:00","description":"Comparaison des syst\u00e8mes refroidis par fluide qui utilisent des refroidisseurs de fluide (refroidisseurs secs ou syst\u00e8mes refroidis par eau) avec les syst\u00e8mes DX split traditionnels utilisant des condenseurs d'air ext\u00e9rieur.","breadcrumb":{"@id":"https:\/\/poolpak.com\/fr\/refroidisseurs-de-fluide-vs-condenseurs-dair-exterieur\/#breadcrumb"},"inLanguage":"fr-FR","potentialAction":[{"@type":"ReadAction","target":["https:\/\/poolpak.com\/fr\/refroidisseurs-de-fluide-vs-condenseurs-dair-exterieur\/"]}]},{"@type":"ImageObject","inLanguage":"fr-FR","@id":"https:\/\/poolpak.com\/fr\/refroidisseurs-de-fluide-vs-condenseurs-dair-exterieur\/#primaryimage","url":"https:\/\/poolpak.com\/wp-content\/uploads\/2025\/01\/mockup-cover-poolpak-cropped3-1024x573.jpg","contentUrl":"https:\/\/poolpak.com\/wp-content\/uploads\/2025\/01\/mockup-cover-poolpak-cropped3-1024x573.jpg"},{"@type":"BreadcrumbList","@id":"https:\/\/poolpak.com\/fr\/refroidisseurs-de-fluide-vs-condenseurs-dair-exterieur\/#breadcrumb","itemListElement":[{"@type":"ListItem","position":1,"name":"Home","item":"https:\/\/poolpak.com\/fr\/"},{"@type":"ListItem","position":2,"name":"Refroidisseurs de fluide vs. condenseurs d&#8217;air ext\u00e9rieur"}]},{"@type":"WebSite","@id":"https:\/\/poolpak.com\/fr\/#website","url":"https:\/\/poolpak.com\/fr\/","name":"PoolPak","description":"Dehumidification That Works","publisher":{"@id":"https:\/\/poolpak.com\/fr\/#organization"},"potentialAction":[{"@type":"SearchAction","target":{"@type":"EntryPoint","urlTemplate":"https:\/\/poolpak.com\/fr\/?s={search_term_string}"},"query-input":{"@type":"PropertyValueSpecification","valueRequired":true,"valueName":"search_term_string"}}],"inLanguage":"fr-FR"},{"@type":"Organization","@id":"https:\/\/poolpak.com\/fr\/#organization","name":"PoolPak","url":"https:\/\/poolpak.com\/fr\/","logo":{"@type":"ImageObject","inLanguage":"fr-FR","@id":"https:\/\/poolpak.com\/fr\/#\/schema\/logo\/image\/","url":"https:\/\/poolpak.com\/wp-content\/uploads\/2020\/03\/poolpak-logo.svg","contentUrl":"https:\/\/poolpak.com\/wp-content\/uploads\/2020\/03\/poolpak-logo.svg","caption":"PoolPak"},"image":{"@id":"https:\/\/poolpak.com\/fr\/#\/schema\/logo\/image\/"}}]}},"_links":{"self":[{"href":"https:\/\/poolpak.com\/fr\/wp-json\/wp\/v2\/pages\/9240","targetHints":{"allow":["GET"]}}],"collection":[{"href":"https:\/\/poolpak.com\/fr\/wp-json\/wp\/v2\/pages"}],"about":[{"href":"https:\/\/poolpak.com\/fr\/wp-json\/wp\/v2\/types\/page"}],"author":[{"embeddable":true,"href":"https:\/\/poolpak.com\/fr\/wp-json\/wp\/v2\/users\/1"}],"replies":[{"embeddable":true,"href":"https:\/\/poolpak.com\/fr\/wp-json\/wp\/v2\/comments?post=9240"}],"version-history":[{"count":18,"href":"https:\/\/poolpak.com\/fr\/wp-json\/wp\/v2\/pages\/9240\/revisions"}],"predecessor-version":[{"id":9722,"href":"https:\/\/poolpak.com\/fr\/wp-json\/wp\/v2\/pages\/9240\/revisions\/9722"}],"wp:attachment":[{"href":"https:\/\/poolpak.com\/fr\/wp-json\/wp\/v2\/media?parent=9240"}],"curies":[{"name":"wp","href":"https:\/\/api.w.org\/{rel}","templated":true}]}}